{"id":21,"date":"2012-12-22T14:32:31","date_gmt":"2012-12-22T13:32:31","guid":{"rendered":"http:\/\/bearndesgaves.fr\/judoclubdenavarrenx\/?page_id=21"},"modified":"2019-07-01T15:19:43","modified_gmt":"2019-07-01T13:19:43","slug":"accueil","status":"publish","type":"page","link":"http:\/\/bearndesgaves.fr\/judoclubdenavarrenx\/","title":{"rendered":"Pr\u00e9sentation"},"content":{"rendered":"<h1><a href=\"http:\/\/bearndesgaves.fr\/judoclubdenavarrenx\/files\/2018\/08\/logo.jpg\"><img loading=\"lazy\" decoding=\"async\" class=\"aligncenter size-full wp-image-909\" src=\"http:\/\/bearndesgaves.fr\/judoclubdenavarrenx\/files\/2018\/08\/logo.jpg\" alt=\"\" width=\"900\" height=\"232\" srcset=\"http:\/\/bearndesgaves.fr\/judoclubdenavarrenx\/files\/2018\/08\/logo.jpg 900w, http:\/\/bearndesgaves.fr\/judoclubdenavarrenx\/files\/2018\/08\/logo-300x77.jpg 300w, http:\/\/bearndesgaves.fr\/judoclubdenavarrenx\/files\/2018\/08\/logo-768x198.jpg 768w\" sizes=\"auto, (max-width: 900px) 100vw, 900px\" \/><\/a><\/h1>\n<h1><span style=\"font-family: comic sans ms,cursive\"><span style=\"font-size: 26px\">Bienvenue sur le site du <\/span><strong>Judo Club de Navarrenx<\/strong><span style=\"font-size: 26px\">. Notre site a pour but de vous renseigner sur les diff\u00e9rentes activit\u00e9s de notre club, vous informer sur notre sport et peut-\u00eatre de vous donner envie de d\u00e9couvrir notre passion.\u00a0<\/span><\/span><span style=\"font-size: 26px;font-family: 'comic sans ms', cursive\">Bonne visite. \u00a0\u00a0<\/span><\/h1>\n<h1><span style=\"font-size: 26px;font-family: 'comic sans ms', cursive\">Et \u00e0 bient\u00f4t au dojo de Navarrenx ! \u00a0<\/span><\/h1>\n<p style=\"text-align: center\"><span style=\"font-size: 26px;font-family: 'comic sans ms', cursive\"><span style=\"color: #ff9900;font-size: 12pt\">Les judokas de 6 \u00e0 15 ans de la saison 2018-2019<\/span><\/span><\/p>\n<p><a href=\"http:\/\/bearndesgaves.fr\/judoclubdenavarrenx\/files\/2019\/07\/JCN.jpg\"><img loading=\"lazy\" decoding=\"async\" class=\"size-full wp-image-926\" src=\"http:\/\/bearndesgaves.fr\/judoclubdenavarrenx\/files\/2019\/07\/JCN.jpg\" alt=\"\" width=\"3553\" height=\"1572\" srcset=\"http:\/\/bearndesgaves.fr\/judoclubdenavarrenx\/files\/2019\/07\/JCN.jpg 3553w, http:\/\/bearndesgaves.fr\/judoclubdenavarrenx\/files\/2019\/07\/JCN-300x133.jpg 300w, http:\/\/bearndesgaves.fr\/judoclubdenavarrenx\/files\/2019\/07\/JCN-768x340.jpg 768w, http:\/\/bearndesgaves.fr\/judoclubdenavarrenx\/files\/2019\/07\/JCN-1024x453.jpg 1024w\" sizes=\"auto, (max-width: 3553px) 100vw, 3553px\" \/><\/a><\/p>\n<p style=\"text-align: center\"><span style=\"font-size: 26px;font-family: 'comic sans ms', cursive\"><a href=\"http:\/\/bearndesgaves.fr\/judoclubdenavarrenx\/files\/2018\/08\/JCN2017-b.jpg\"><img loading=\"lazy\" decoding=\"async\" class=\"aligncenter size-full wp-image-914\" src=\"http:\/\/bearndesgaves.fr\/judoclubdenavarrenx\/files\/2018\/08\/JCN2017-b.jpg\" alt=\"\" width=\"1752\" height=\"1314\" srcset=\"http:\/\/bearndesgaves.fr\/judoclubdenavarrenx\/files\/2018\/08\/JCN2017-b.jpg 1752w, http:\/\/bearndesgaves.fr\/judoclubdenavarrenx\/files\/2018\/08\/JCN2017-b-300x225.jpg 300w, http:\/\/bearndesgaves.fr\/judoclubdenavarrenx\/files\/2018\/08\/JCN2017-b-768x576.jpg 768w, http:\/\/bearndesgaves.fr\/judoclubdenavarrenx\/files\/2018\/08\/JCN2017-b-1024x768.jpg 1024w\" sizes=\"auto, (max-width: 1752px) 100vw, 1752px\" \/><\/a>\u00a0 \u00a0 \u00a0 \u00a0 \u00a0 \u00a0 \u00a0 \u00a0 \u00a0\u00a0<\/span><span style=\"font-size: 12px;font-family: 'comic sans ms', cursive\"><span style=\"font-size: 26px\">\u00a0 \u00a0<\/span><\/span><\/p>\n<h1><a href=\"http:\/\/bearndesgaves.fr\/judoclubdenavarrenx\/files\/2012\/12\/gainage.png\"><img loading=\"lazy\" decoding=\"async\" class=\"aligncenter size-full wp-image-867\" src=\"http:\/\/bearndesgaves.fr\/judoclubdenavarrenx\/files\/2012\/12\/gainage.png\" alt=\"gainage\" width=\"1200\" height=\"900\" srcset=\"http:\/\/bearndesgaves.fr\/judoclubdenavarrenx\/files\/2012\/12\/gainage.png 1200w, http:\/\/bearndesgaves.fr\/judoclubdenavarrenx\/files\/2012\/12\/gainage-300x225.png 300w, http:\/\/bearndesgaves.fr\/judoclubdenavarrenx\/files\/2012\/12\/gainage-768x576.png 768w, http:\/\/bearndesgaves.fr\/judoclubdenavarrenx\/files\/2012\/12\/gainage-1024x768.png 1024w\" sizes=\"auto, (max-width: 1200px) 100vw, 1200px\" \/><\/a><span style=\"font-size: 10pt\">Gainage lors de la Journ\u00e9e f\u00e9minine de ta\u00efso le 13 mars 2016 organis\u00e9e par le Comit\u00e9 64 \u00e0 Navarrenx<\/span><\/h1>\n<h1><span style=\"font-size: 12px;font-family: 'comic sans ms', cursive\"><span style=\"font-size: 26px\">\u00a0 \u00a0 \u00a0 \u00a0 \u00a0 \u00a0 \u00a0 \u00a0<\/span><\/span><a href=\"https:\/\/www.facebook.com\/judoclubdenavarrenx\" target=\"_blank\" rel=\"noopener\"><img loading=\"lazy\" decoding=\"async\" class=\"alignnone\" src=\"http:\/\/bearndesgaves.fr\/judoclubdenavarrenx\/files\/2013\/09\/Facebook.jpg\" alt=\"Page Facebook du Judo Club Navarrenx\" width=\"362\" height=\"138\" align=\"bottom\" \/><\/a><\/h1>\n<h1 style=\"text-align: center\"><\/h1>\n","protected":false},"excerpt":{"rendered":"<p>Bienvenue sur le site du Judo Club de Navarrenx. Notre site a pour but de vous renseigner sur les diff\u00e9rentes activit\u00e9s de notre club, vous informer sur notre sport et peut-\u00eatre de vous donner envie de d\u00e9couvrir notre passion.\u00a0Bonne visite. &hellip; <a class=\"more-link\" href=\"http:\/\/bearndesgaves.fr\/judoclubdenavarrenx\/\">Continue reading <span class=\"meta-nav\">&rarr;<\/span><\/a><\/p>\n","protected":false},"author":34,"featured_media":0,"parent":0,"menu_order":0,"comment_status":"closed","ping_status":"open","template":"","meta":{"ngg_post_thumbnail":0,"footnotes":""},"class_list":["post-21","page","type-page","status-publish","hentry"],"yoast_head":"<!-- This site is optimized with the Yoast SEO plugin v15.6.2 - https:\/\/yoast.com\/wordpress\/plugins\/seo\/ -->\n<meta name=\"robots\" content=\"index, follow, max-snippet:-1, max-image-preview:large, max-video-preview:-1\" \/>\n<link rel=\"canonical\" href=\"http:\/\/bearndesgaves.fr\/judoclubdenavarrenx\/\" \/>\n<meta property=\"og:locale\" content=\"fr_FR\" \/>\n<meta property=\"og:type\" content=\"article\" \/>\n<meta property=\"og:title\" content=\"Pr\u00e9sentation - Judo Club Navarrenx \u00e9dit\u00e9 par la CCCN chez 1&amp;1\" \/>\n<meta property=\"og:description\" content=\"Bienvenue sur le site du Judo Club de Navarrenx. Notre site a pour but de vous renseigner sur les diff\u00e9rentes activit\u00e9s de notre club, vous informer sur notre sport et peut-\u00eatre de vous donner envie de d\u00e9couvrir notre passion.\u00a0Bonne visite. &hellip; Continue reading &rarr;\" \/>\n<meta property=\"og:url\" content=\"http:\/\/bearndesgaves.fr\/judoclubdenavarrenx\/\" \/>\n<meta property=\"og:site_name\" content=\"Judo Club Navarrenx \u00e9dit\u00e9 par la CCCN chez 1&amp;1\" \/>\n<meta property=\"article:modified_time\" content=\"2019-07-01T13:19:43+00:00\" \/>\n<meta property=\"og:image\" content=\"http:\/\/bearndesgaves.fr\/judoclubdenavarrenx\/files\/2018\/08\/logo.jpg\" \/>\n<script type=\"application\/ld+json\" class=\"yoast-schema-graph\">{\"@context\":\"https:\/\/schema.org\",\"@graph\":[{\"@type\":\"WebSite\",\"@id\":\"http:\/\/bearndesgaves.fr\/judoclubdenavarrenx\/#website\",\"url\":\"http:\/\/bearndesgaves.fr\/judoclubdenavarrenx\/\",\"name\":\"Judo Club Navarrenx \\u00e9dit\\u00e9 par la CCCN chez 1&amp;1\",\"description\":\"\",\"potentialAction\":[{\"@type\":\"SearchAction\",\"target\":\"http:\/\/bearndesgaves.fr\/judoclubdenavarrenx\/?s={search_term_string}\",\"query-input\":\"required name=search_term_string\"}],\"inLanguage\":\"fr-FR\"},{\"@type\":\"ImageObject\",\"@id\":\"http:\/\/bearndesgaves.fr\/judoclubdenavarrenx\/#primaryimage\",\"inLanguage\":\"fr-FR\",\"url\":\"http:\/\/bearndesgaves.fr\/judoclubdenavarrenx\/files\/2018\/08\/logo.jpg\",\"width\":900,\"height\":232},{\"@type\":\"WebPage\",\"@id\":\"http:\/\/bearndesgaves.fr\/judoclubdenavarrenx\/#webpage\",\"url\":\"http:\/\/bearndesgaves.fr\/judoclubdenavarrenx\/\",\"name\":\"Pr\\u00e9sentation - Judo Club Navarrenx \\u00e9dit\\u00e9 par la CCCN chez 1&amp;1\",\"isPartOf\":{\"@id\":\"http:\/\/bearndesgaves.fr\/judoclubdenavarrenx\/#website\"},\"primaryImageOfPage\":{\"@id\":\"http:\/\/bearndesgaves.fr\/judoclubdenavarrenx\/#primaryimage\"},\"datePublished\":\"2012-12-22T13:32:31+00:00\",\"dateModified\":\"2019-07-01T13:19:43+00:00\",\"inLanguage\":\"fr-FR\",\"potentialAction\":[{\"@type\":\"ReadAction\",\"target\":[\"http:\/\/bearndesgaves.fr\/judoclubdenavarrenx\/\"]}]}]}<\/script>\n<!-- \/ Yoast SEO plugin. -->","_links":{"self":[{"href":"http:\/\/bearndesgaves.fr\/judoclubdenavarrenx\/wp-json\/wp\/v2\/pages\/21","targetHints":{"allow":["GET"]}}],"collection":[{"href":"http:\/\/bearndesgaves.fr\/judoclubdenavarrenx\/wp-json\/wp\/v2\/pages"}],"about":[{"href":"http:\/\/bearndesgaves.fr\/judoclubdenavarrenx\/wp-json\/wp\/v2\/types\/page"}],"author":[{"embeddable":true,"href":"http:\/\/bearndesgaves.fr\/judoclubdenavarrenx\/wp-json\/wp\/v2\/users\/34"}],"replies":[{"embeddable":true,"href":"http:\/\/bearndesgaves.fr\/judoclubdenavarrenx\/wp-json\/wp\/v2\/comments?post=21"}],"version-history":[{"count":10,"href":"http:\/\/bearndesgaves.fr\/judoclubdenavarrenx\/wp-json\/wp\/v2\/pages\/21\/revisions"}],"predecessor-version":[{"id":927,"href":"http:\/\/bearndesgaves.fr\/judoclubdenavarrenx\/wp-json\/wp\/v2\/pages\/21\/revisions\/927"}],"wp:attachment":[{"href":"http:\/\/bearndesgaves.fr\/judoclubdenavarrenx\/wp-json\/wp\/v2\/media?parent=21"}],"curies":[{"name":"wp","href":"https:\/\/api.w.org\/{rel}","templated":true}]}}