{"id":31,"date":"2012-12-22T14:35:26","date_gmt":"2012-12-22T13:35:26","guid":{"rendered":"http:\/\/bearndesgaves.fr\/judoclubdenavarrenx\/?page_id=31"},"modified":"2016-06-17T19:51:17","modified_gmt":"2016-06-17T17:51:17","slug":"encadrement","status":"publish","type":"page","link":"http:\/\/bearndesgaves.fr\/judoclubdenavarrenx\/encadrement\/","title":{"rendered":"Encadrement"},"content":{"rendered":"<p><strong><u><span style=\"font-size: 16px\"><span style=\"font-family: comic sans ms,cursive\">PROFESSEUR<\/span><\/span><\/u><\/strong><\/p>\n<p><img decoding=\"async\" src=\"http:\/\/bearndesgaves.fr\/judoclubdenavarrenx\/files\/2013\/08\/Chrystelle.png\" alt=\"\" \/><\/p>\n<p><span style=\"font-size: 16px\"><span style=\"font-family: comic sans ms,cursive\"><strong>Chrystelle GOMESSE <\/strong>: ceinture noire 3\u00e8me Dan. Brevet d&rsquo;\u00e9tat 2nd degr\u00e9. Chrystelle assure les cours de Judo et Ta\u00efso aux clubs de Maul\u00e9on et Navarrenx.<\/span><\/span><\/p>\n","protected":false},"excerpt":{"rendered":"<p>PROFESSEUR Chrystelle GOMESSE : ceinture noire 3\u00e8me Dan. Brevet d&rsquo;\u00e9tat 2nd degr\u00e9. Chrystelle assure les cours de Judo et Ta\u00efso aux clubs de Maul\u00e9on et Navarrenx.<\/p>\n","protected":false},"author":34,"featured_media":0,"parent":0,"menu_order":4,"comment_status":"closed","ping_status":"open","template":"","meta":{"ngg_post_thumbnail":0,"footnotes":""},"class_list":["post-31","page","type-page","status-publish","hentry"],"yoast_head":"<!-- This site is optimized with the Yoast SEO plugin v15.6.2 - https:\/\/yoast.com\/wordpress\/plugins\/seo\/ -->\n<meta name=\"robots\" content=\"index, follow, max-snippet:-1, max-image-preview:large, max-video-preview:-1\" \/>\n<link rel=\"canonical\" href=\"http:\/\/bearndesgaves.fr\/judoclubdenavarrenx\/encadrement\/\" \/>\n<meta property=\"og:locale\" content=\"fr_FR\" \/>\n<meta property=\"og:type\" content=\"article\" \/>\n<meta property=\"og:title\" content=\"Encadrement - Judo Club Navarrenx \u00e9dit\u00e9 par la CCCN chez 1&amp;1\" \/>\n<meta property=\"og:description\" content=\"PROFESSEUR Chrystelle GOMESSE : ceinture noire 3\u00e8me Dan. Brevet d&rsquo;\u00e9tat 2nd degr\u00e9. Chrystelle assure les cours de Judo et Ta\u00efso aux clubs de Maul\u00e9on et Navarrenx.\" \/>\n<meta property=\"og:url\" content=\"http:\/\/bearndesgaves.fr\/judoclubdenavarrenx\/encadrement\/\" \/>\n<meta property=\"og:site_name\" content=\"Judo Club Navarrenx \u00e9dit\u00e9 par la CCCN chez 1&amp;1\" \/>\n<meta property=\"article:modified_time\" content=\"2016-06-17T17:51:17+00:00\" \/>\n<meta property=\"og:image\" content=\"http:\/\/bearndesgaves.fr\/judoclubdenavarrenx\/files\/2013\/08\/Chrystelle.png\" \/>\n<script type=\"application\/ld+json\" class=\"yoast-schema-graph\">{\"@context\":\"https:\/\/schema.org\",\"@graph\":[{\"@type\":\"WebSite\",\"@id\":\"http:\/\/bearndesgaves.fr\/judoclubdenavarrenx\/#website\",\"url\":\"http:\/\/bearndesgaves.fr\/judoclubdenavarrenx\/\",\"name\":\"Judo Club Navarrenx \\u00e9dit\\u00e9 par la CCCN chez 1&amp;1\",\"description\":\"\",\"potentialAction\":[{\"@type\":\"SearchAction\",\"target\":\"http:\/\/bearndesgaves.fr\/judoclubdenavarrenx\/?s={search_term_string}\",\"query-input\":\"required name=search_term_string\"}],\"inLanguage\":\"fr-FR\"},{\"@type\":\"ImageObject\",\"@id\":\"http:\/\/bearndesgaves.fr\/judoclubdenavarrenx\/encadrement\/#primaryimage\",\"inLanguage\":\"fr-FR\",\"url\":\"http:\/\/bearndesgaves.fr\/judoclubdenavarrenx\/files\/2013\/08\/Chrystelle.png\",\"width\":\"136\",\"height\":\"185\"},{\"@type\":\"WebPage\",\"@id\":\"http:\/\/bearndesgaves.fr\/judoclubdenavarrenx\/encadrement\/#webpage\",\"url\":\"http:\/\/bearndesgaves.fr\/judoclubdenavarrenx\/encadrement\/\",\"name\":\"Encadrement - Judo Club Navarrenx \\u00e9dit\\u00e9 par la CCCN chez 1&amp;1\",\"isPartOf\":{\"@id\":\"http:\/\/bearndesgaves.fr\/judoclubdenavarrenx\/#website\"},\"primaryImageOfPage\":{\"@id\":\"http:\/\/bearndesgaves.fr\/judoclubdenavarrenx\/encadrement\/#primaryimage\"},\"datePublished\":\"2012-12-22T13:35:26+00:00\",\"dateModified\":\"2016-06-17T17:51:17+00:00\",\"inLanguage\":\"fr-FR\",\"potentialAction\":[{\"@type\":\"ReadAction\",\"target\":[\"http:\/\/bearndesgaves.fr\/judoclubdenavarrenx\/encadrement\/\"]}]}]}<\/script>\n<!-- \/ Yoast SEO plugin. -->","_links":{"self":[{"href":"http:\/\/bearndesgaves.fr\/judoclubdenavarrenx\/wp-json\/wp\/v2\/pages\/31","targetHints":{"allow":["GET"]}}],"collection":[{"href":"http:\/\/bearndesgaves.fr\/judoclubdenavarrenx\/wp-json\/wp\/v2\/pages"}],"about":[{"href":"http:\/\/bearndesgaves.fr\/judoclubdenavarrenx\/wp-json\/wp\/v2\/types\/page"}],"author":[{"embeddable":true,"href":"http:\/\/bearndesgaves.fr\/judoclubdenavarrenx\/wp-json\/wp\/v2\/users\/34"}],"replies":[{"embeddable":true,"href":"http:\/\/bearndesgaves.fr\/judoclubdenavarrenx\/wp-json\/wp\/v2\/comments?post=31"}],"version-history":[{"count":1,"href":"http:\/\/bearndesgaves.fr\/judoclubdenavarrenx\/wp-json\/wp\/v2\/pages\/31\/revisions"}],"predecessor-version":[{"id":833,"href":"http:\/\/bearndesgaves.fr\/judoclubdenavarrenx\/wp-json\/wp\/v2\/pages\/31\/revisions\/833"}],"wp:attachment":[{"href":"http:\/\/bearndesgaves.fr\/judoclubdenavarrenx\/wp-json\/wp\/v2\/media?parent=31"}],"curies":[{"name":"wp","href":"https:\/\/api.w.org\/{rel}","templated":true}]}}