{"id":33,"date":"2013-01-06T14:35:57","date_gmt":"2013-01-06T13:35:57","guid":{"rendered":"http:\/\/bearndesgaves.fr\/judoclubdenavarrenx\/?page_id=33"},"modified":"2018-08-24T11:39:12","modified_gmt":"2018-08-24T09:39:12","slug":"horaires","status":"publish","type":"page","link":"http:\/\/bearndesgaves.fr\/judoclubdenavarrenx\/horaires\/","title":{"rendered":"Horaires"},"content":{"rendered":"<table class=\"aligncenter\" style=\"border-color: #050303;height: 479px;width: 697px\" border=\"1\">\n<tbody>\n<tr style=\"height: 35px\">\n<td style=\"height: 35px;border-color: #000000;width: 146px;text-align: center;vertical-align: middle;background-color: #c2c0b4\"><strong><span style=\"font-size: 18pt\">2018\/2019<\/span><\/strong><\/td>\n<td style=\"height: 35px;border-color: #000000;width: 179px;text-align: center;vertical-align: middle;background-color: #e0ddd3\"><span style=\"font-size: 14pt\"><strong>ACTIVITES<\/strong><\/span><\/td>\n<td style=\"height: 35px;border-color: #000000;width: 226px;text-align: center;vertical-align: middle;background-color: #e0ddd3\"><span style=\"font-size: 14pt\"><strong>HORAIRES<\/strong><\/span><\/td>\n<\/tr>\n<tr style=\"height: 36px\">\n<td style=\"height: 108px;border-color: #000000;width: 146px;text-align: center;vertical-align: middle;background-color: #8ce5c9\" rowspan=\"3\"><span style=\"font-size: 18pt\"><strong>LUNDI<\/strong><\/span><\/td>\n<td style=\"height: 36px;border-color: #000000;width: 179px;text-align: center;vertical-align: middle;background-color: #b6f0cd\"><span style=\"font-size: 14pt\"><strong>JUDO<\/strong><\/span><br \/>\n<span style=\"font-size: 14pt\"><strong> 6 \u00e0 9 ans<\/strong><\/span><\/td>\n<td style=\"height: 36px;border-color: #000000;width: 226px;text-align: center;vertical-align: middle;background-color: #b6f0cd\"><span style=\"font-size: 18pt\"><strong>17h30 \u00e0 18h30<\/strong><\/span><\/td>\n<\/tr>\n<tr style=\"height: 36px\">\n<td style=\"height: 36px;border-color: #000000;width: 179px;text-align: center;vertical-align: middle;background-color: #7dc99d\"><span style=\"font-size: 14pt\"><strong>JUDO \/ JUJITSU<\/strong><\/span><br \/>\n<span style=\"font-size: 14pt\"><strong> 10 ans et +<\/strong><\/span><\/td>\n<td style=\"height: 36px;border-color: #000000;width: 226px;text-align: center;vertical-align: middle;background-color: #7dc99d\"><span style=\"font-size: 18pt\"><strong>18h \u00e0 19h30<\/strong><\/span><\/td>\n<\/tr>\n<tr style=\"height: 36px\">\n<td style=\"height: 36px;border-color: #000000;width: 179px;text-align: center;vertical-align: middle;background-color: #a7f2f0\"><span style=\"font-size: 14pt\"><strong>TA\u00cfSO<\/strong><\/span><br \/>\n<span style=\"font-size: 14pt\"><strong> 16 ans et +<\/strong><\/span><\/td>\n<td style=\"height: 36px;border-color: #000000;width: 226px;text-align: center;vertical-align: middle;background-color: #a7f2f0\"><span style=\"font-size: 18pt\"><strong>19h30 \u00e0 20h30<\/strong><\/span><\/td>\n<\/tr>\n<tr style=\"height: 36px\">\n<td style=\"height: 93.4px;border-color: #000000;width: 146px;text-align: center;vertical-align: middle;background-color: #dc6de8\" rowspan=\"4\"><span style=\"font-size: 18pt\"><strong>MERCREDI<\/strong><\/span><\/td>\n<td style=\"height: 36px;border-color: #000000;width: 179px;text-align: center;vertical-align: middle;background-color: #d1a9e8\"><span style=\"font-size: 14pt\"><strong>EVEIL JUDO<\/strong><\/span><br \/>\n<span style=\"font-size: 14pt\"><strong> 3 ans 1\/2 \u00e0 5 ans<\/strong><\/span><\/td>\n<td style=\"height: 36px;border-color: #000000;width: 226px;text-align: center;vertical-align: middle;background-color: #d1a9e8\"><span style=\"font-size: 18pt\"><strong>17h30 \u00e0 18h15<\/strong><\/span><\/td>\n<\/tr>\n<tr style=\"height: 38px\">\n<td style=\"height: 38px;border-color: #000000;width: 179px;text-align: center;vertical-align: middle;background-color: #cd92d4\"><span style=\"font-size: 14pt\"><strong>JUDO<\/strong><\/span><br \/>\n<span style=\"font-size: 14pt\"><strong> 6 \u00e0 9 ans<\/strong><\/span><\/td>\n<td style=\"height: 38px;border-color: #000000;width: 226px;text-align: center;vertical-align: middle;background-color: #cd92d4\"><span style=\"font-size: 18pt\"><strong>18h \u00e0 19h<\/strong><\/span><\/td>\n<\/tr>\n<tr style=\"height: 12.4px\">\n<td style=\"height: 12.4px;border-color: #000000;width: 179px;text-align: center;vertical-align: middle;background-color: #c18ed1\"><span style=\"font-size: 14pt\"><strong>JUDO \/ JUJITSU<\/strong><\/span><br \/>\n<span style=\"font-size: 14pt\"><strong> 10 ans et +<\/strong><\/span><\/td>\n<td style=\"height: 12.4px;border-color: #000000;width: 226px;text-align: center;vertical-align: middle;background-color: #c18ed1\"><span style=\"font-size: 18pt\"><strong>18h30 \u00e0 19h30<\/strong><\/span><\/td>\n<\/tr>\n<tr style=\"height: 7px\">\n<td style=\"height: 7px;border-color: #000000;width: 179px;text-align: center;vertical-align: middle;background-color: #e05cc6\"><strong style=\"font-size: 14pt\">TA\u00cfSO<\/strong><\/td>\n<td style=\"height: 7px;border-color: #000000;width: 226px;text-align: center;vertical-align: middle;background-color: #e05cc6\"><span style=\"font-size: 18pt\"><strong>19h30 \u00e0 20h30<\/strong><\/span><\/td>\n<\/tr>\n<\/tbody>\n<\/table>\n<table style=\"height: 61px;width: 688px;background-color: #7c93f2\">\n<tbody>\n<tr>\n<td style=\"width: 96px\"><span style=\"font-size: 14pt\"><strong>VENDREDI<\/strong><\/span><\/td>\n<td style=\"width: 249.8px\"><span style=\"font-size: 14pt\"><strong>\u00a0 \u00a0 \u00a0\u00a0<\/strong><strong style=\"font-family: inherit\">\u00a0SELF DEFENSE\u00a0<\/strong><\/span><\/td>\n<td style=\"width: 197.2px\"><strong><span style=\"font-size: 18pt\">19h10-20h10<\/span><\/strong><\/td>\n<td style=\"width: 10px\"><\/td>\n<\/tr>\n<\/tbody>\n<\/table>\n","protected":false},"excerpt":{"rendered":"<p>2018\/2019 ACTIVITES HORAIRES LUNDI JUDO 6 \u00e0 9 ans 17h30 \u00e0 18h30 JUDO \/ JUJITSU 10 ans et + 18h \u00e0 19h30 TA\u00cfSO 16 ans et + 19h30 \u00e0 20h30 MERCREDI EVEIL JUDO 3 ans 1\/2 \u00e0 5 ans 17h30 &hellip; <a class=\"more-link\" href=\"http:\/\/bearndesgaves.fr\/judoclubdenavarrenx\/horaires\/\">Continue reading <span class=\"meta-nav\">&rarr;<\/span><\/a><\/p>\n","protected":false},"author":34,"featured_media":0,"parent":0,"menu_order":1,"comment_status":"closed","ping_status":"open","template":"","meta":{"ngg_post_thumbnail":0,"footnotes":""},"class_list":["post-33","page","type-page","status-publish","hentry"],"yoast_head":"<!-- This site is optimized with the Yoast SEO plugin v15.6.2 - https:\/\/yoast.com\/wordpress\/plugins\/seo\/ -->\n<meta name=\"robots\" content=\"index, follow, max-snippet:-1, max-image-preview:large, max-video-preview:-1\" \/>\n<link rel=\"canonical\" href=\"http:\/\/bearndesgaves.fr\/judoclubdenavarrenx\/horaires\/\" \/>\n<meta property=\"og:locale\" content=\"fr_FR\" \/>\n<meta property=\"og:type\" content=\"article\" \/>\n<meta property=\"og:title\" content=\"Horaires - Judo Club Navarrenx \u00e9dit\u00e9 par la CCCN chez 1&amp;1\" \/>\n<meta property=\"og:description\" content=\"2018\/2019 ACTIVITES HORAIRES LUNDI JUDO 6 \u00e0 9 ans 17h30 \u00e0 18h30 JUDO \/ JUJITSU 10 ans et + 18h \u00e0 19h30 TA\u00cfSO 16 ans et + 19h30 \u00e0 20h30 MERCREDI EVEIL JUDO 3 ans 1\/2 \u00e0 5 ans 17h30 &hellip; Continue reading &rarr;\" \/>\n<meta property=\"og:url\" content=\"http:\/\/bearndesgaves.fr\/judoclubdenavarrenx\/horaires\/\" \/>\n<meta property=\"og:site_name\" content=\"Judo Club Navarrenx \u00e9dit\u00e9 par la CCCN chez 1&amp;1\" \/>\n<meta property=\"article:modified_time\" content=\"2018-08-24T09:39:12+00:00\" \/>\n<script type=\"application\/ld+json\" class=\"yoast-schema-graph\">{\"@context\":\"https:\/\/schema.org\",\"@graph\":[{\"@type\":\"WebSite\",\"@id\":\"http:\/\/bearndesgaves.fr\/judoclubdenavarrenx\/#website\",\"url\":\"http:\/\/bearndesgaves.fr\/judoclubdenavarrenx\/\",\"name\":\"Judo Club Navarrenx \\u00e9dit\\u00e9 par la CCCN chez 1&amp;1\",\"description\":\"\",\"potentialAction\":[{\"@type\":\"SearchAction\",\"target\":\"http:\/\/bearndesgaves.fr\/judoclubdenavarrenx\/?s={search_term_string}\",\"query-input\":\"required name=search_term_string\"}],\"inLanguage\":\"fr-FR\"},{\"@type\":\"WebPage\",\"@id\":\"http:\/\/bearndesgaves.fr\/judoclubdenavarrenx\/horaires\/#webpage\",\"url\":\"http:\/\/bearndesgaves.fr\/judoclubdenavarrenx\/horaires\/\",\"name\":\"Horaires - Judo Club Navarrenx \\u00e9dit\\u00e9 par la CCCN chez 1&amp;1\",\"isPartOf\":{\"@id\":\"http:\/\/bearndesgaves.fr\/judoclubdenavarrenx\/#website\"},\"datePublished\":\"2013-01-06T13:35:57+00:00\",\"dateModified\":\"2018-08-24T09:39:12+00:00\",\"inLanguage\":\"fr-FR\",\"potentialAction\":[{\"@type\":\"ReadAction\",\"target\":[\"http:\/\/bearndesgaves.fr\/judoclubdenavarrenx\/horaires\/\"]}]}]}<\/script>\n<!-- \/ Yoast SEO plugin. -->","_links":{"self":[{"href":"http:\/\/bearndesgaves.fr\/judoclubdenavarrenx\/wp-json\/wp\/v2\/pages\/33","targetHints":{"allow":["GET"]}}],"collection":[{"href":"http:\/\/bearndesgaves.fr\/judoclubdenavarrenx\/wp-json\/wp\/v2\/pages"}],"about":[{"href":"http:\/\/bearndesgaves.fr\/judoclubdenavarrenx\/wp-json\/wp\/v2\/types\/page"}],"author":[{"embeddable":true,"href":"http:\/\/bearndesgaves.fr\/judoclubdenavarrenx\/wp-json\/wp\/v2\/users\/34"}],"replies":[{"embeddable":true,"href":"http:\/\/bearndesgaves.fr\/judoclubdenavarrenx\/wp-json\/wp\/v2\/comments?post=33"}],"version-history":[{"count":22,"href":"http:\/\/bearndesgaves.fr\/judoclubdenavarrenx\/wp-json\/wp\/v2\/pages\/33\/revisions"}],"predecessor-version":[{"id":896,"href":"http:\/\/bearndesgaves.fr\/judoclubdenavarrenx\/wp-json\/wp\/v2\/pages\/33\/revisions\/896"}],"wp:attachment":[{"href":"http:\/\/bearndesgaves.fr\/judoclubdenavarrenx\/wp-json\/wp\/v2\/media?parent=33"}],"curies":[{"name":"wp","href":"https:\/\/api.w.org\/{rel}","templated":true}]}}