{"id":47,"date":"2012-12-22T14:39:36","date_gmt":"2012-12-22T13:39:36","guid":{"rendered":"http:\/\/bearndesgaves.fr\/judoclubdenavarrenx\/?page_id=47"},"modified":"2016-06-18T21:03:15","modified_gmt":"2016-06-18T19:03:15","slug":"eveil-judo","status":"publish","type":"page","link":"http:\/\/bearndesgaves.fr\/judoclubdenavarrenx\/activites\/eveil-judo\/","title":{"rendered":"Eveil Judo"},"content":{"rendered":"<p>&nbsp;<\/p>\n<h1><span style=\"font-size: 20px\"><span style=\"font-family: 'comic sans ms', cursive\"><strong><span style=\"line-height: 115%;border: 1pt none windowtext;padding: 0cm\">Pour les enfants \u00a0de 3 ans 1\/2 \u00a0\u00e0 5 ans, la F\u00e9d\u00e9ration et notre club ont\u00a0mis en place l\u2019\u00e9veil Judo.<\/span><\/strong><\/span><span class=\"apple-converted-space\"><span style=\"line-height: 115%\">\u00a0<\/span><span style=\"line-height: 115%\">P\u00e9dagogie adapt\u00e9e qui permet le d\u00e9veloppement physique et intellectuel des tr\u00e8s jeunes pratiquants. Le programme \u00e9veil judo est d\u00e9lib\u00e9r\u00e9ment construit, autour de l\u2019int\u00e9r\u00eat de l\u2019enfant, pour faciliter ses futurs apprentissages du judo et les activit\u00e9s sportives et artistiques en g\u00e9n\u00e9ral.<\/span><\/span><\/span><\/h1>\n","protected":false},"excerpt":{"rendered":"<p>&nbsp; Pour les enfants \u00a0de 3 ans 1\/2 \u00a0\u00e0 5 ans, la F\u00e9d\u00e9ration et notre club ont\u00a0mis en place l\u2019\u00e9veil Judo.\u00a0P\u00e9dagogie adapt\u00e9e qui permet le d\u00e9veloppement physique et intellectuel des tr\u00e8s jeunes pratiquants. Le programme \u00e9veil judo est d\u00e9lib\u00e9r\u00e9ment construit, &hellip; <a class=\"more-link\" href=\"http:\/\/bearndesgaves.fr\/judoclubdenavarrenx\/activites\/eveil-judo\/\">Continue reading <span class=\"meta-nav\">&rarr;<\/span><\/a><\/p>\n","protected":false},"author":34,"featured_media":0,"parent":23,"menu_order":0,"comment_status":"closed","ping_status":"open","template":"","meta":{"ngg_post_thumbnail":0,"footnotes":""},"class_list":["post-47","page","type-page","status-publish","hentry"],"yoast_head":"<!-- This site is optimized with the Yoast SEO plugin v15.6.2 - https:\/\/yoast.com\/wordpress\/plugins\/seo\/ -->\n<meta name=\"robots\" content=\"index, follow, max-snippet:-1, max-image-preview:large, max-video-preview:-1\" \/>\n<link rel=\"canonical\" href=\"http:\/\/bearndesgaves.fr\/judoclubdenavarrenx\/activites\/eveil-judo\/\" \/>\n<meta property=\"og:locale\" content=\"fr_FR\" \/>\n<meta property=\"og:type\" content=\"article\" \/>\n<meta property=\"og:title\" content=\"Eveil Judo - Judo Club Navarrenx \u00e9dit\u00e9 par la CCCN chez 1&amp;1\" \/>\n<meta property=\"og:description\" content=\"&nbsp; Pour les enfants \u00a0de 3 ans 1\/2 \u00a0\u00e0 5 ans, la F\u00e9d\u00e9ration et notre club ont\u00a0mis en place l\u2019\u00e9veil Judo.\u00a0P\u00e9dagogie adapt\u00e9e qui permet le d\u00e9veloppement physique et intellectuel des tr\u00e8s jeunes pratiquants. Le programme \u00e9veil judo est d\u00e9lib\u00e9r\u00e9ment construit, &hellip; Continue reading &rarr;\" \/>\n<meta property=\"og:url\" content=\"http:\/\/bearndesgaves.fr\/judoclubdenavarrenx\/activites\/eveil-judo\/\" \/>\n<meta property=\"og:site_name\" content=\"Judo Club Navarrenx \u00e9dit\u00e9 par la CCCN chez 1&amp;1\" \/>\n<meta property=\"article:modified_time\" content=\"2016-06-18T19:03:15+00:00\" \/>\n<script type=\"application\/ld+json\" class=\"yoast-schema-graph\">{\"@context\":\"https:\/\/schema.org\",\"@graph\":[{\"@type\":\"WebSite\",\"@id\":\"http:\/\/bearndesgaves.fr\/judoclubdenavarrenx\/#website\",\"url\":\"http:\/\/bearndesgaves.fr\/judoclubdenavarrenx\/\",\"name\":\"Judo Club Navarrenx \\u00e9dit\\u00e9 par la CCCN chez 1&amp;1\",\"description\":\"\",\"potentialAction\":[{\"@type\":\"SearchAction\",\"target\":\"http:\/\/bearndesgaves.fr\/judoclubdenavarrenx\/?s={search_term_string}\",\"query-input\":\"required name=search_term_string\"}],\"inLanguage\":\"fr-FR\"},{\"@type\":\"WebPage\",\"@id\":\"http:\/\/bearndesgaves.fr\/judoclubdenavarrenx\/activites\/eveil-judo\/#webpage\",\"url\":\"http:\/\/bearndesgaves.fr\/judoclubdenavarrenx\/activites\/eveil-judo\/\",\"name\":\"Eveil Judo - Judo Club Navarrenx \\u00e9dit\\u00e9 par la CCCN chez 1&amp;1\",\"isPartOf\":{\"@id\":\"http:\/\/bearndesgaves.fr\/judoclubdenavarrenx\/#website\"},\"datePublished\":\"2012-12-22T13:39:36+00:00\",\"dateModified\":\"2016-06-18T19:03:15+00:00\",\"inLanguage\":\"fr-FR\",\"potentialAction\":[{\"@type\":\"ReadAction\",\"target\":[\"http:\/\/bearndesgaves.fr\/judoclubdenavarrenx\/activites\/eveil-judo\/\"]}]}]}<\/script>\n<!-- \/ Yoast SEO plugin. -->","_links":{"self":[{"href":"http:\/\/bearndesgaves.fr\/judoclubdenavarrenx\/wp-json\/wp\/v2\/pages\/47","targetHints":{"allow":["GET"]}}],"collection":[{"href":"http:\/\/bearndesgaves.fr\/judoclubdenavarrenx\/wp-json\/wp\/v2\/pages"}],"about":[{"href":"http:\/\/bearndesgaves.fr\/judoclubdenavarrenx\/wp-json\/wp\/v2\/types\/page"}],"author":[{"embeddable":true,"href":"http:\/\/bearndesgaves.fr\/judoclubdenavarrenx\/wp-json\/wp\/v2\/users\/34"}],"replies":[{"embeddable":true,"href":"http:\/\/bearndesgaves.fr\/judoclubdenavarrenx\/wp-json\/wp\/v2\/comments?post=47"}],"version-history":[{"count":2,"href":"http:\/\/bearndesgaves.fr\/judoclubdenavarrenx\/wp-json\/wp\/v2\/pages\/47\/revisions"}],"predecessor-version":[{"id":846,"href":"http:\/\/bearndesgaves.fr\/judoclubdenavarrenx\/wp-json\/wp\/v2\/pages\/47\/revisions\/846"}],"up":[{"embeddable":true,"href":"http:\/\/bearndesgaves.fr\/judoclubdenavarrenx\/wp-json\/wp\/v2\/pages\/23"}],"wp:attachment":[{"href":"http:\/\/bearndesgaves.fr\/judoclubdenavarrenx\/wp-json\/wp\/v2\/media?parent=47"}],"curies":[{"name":"wp","href":"https:\/\/api.w.org\/{rel}","templated":true}]}}