{"id":51,"date":"2012-12-22T14:40:20","date_gmt":"2012-12-22T13:40:20","guid":{"rendered":"http:\/\/bearndesgaves.fr\/judoclubdenavarrenx\/?page_id=51"},"modified":"2018-08-24T12:01:54","modified_gmt":"2018-08-24T10:01:54","slug":"taiso","status":"publish","type":"page","link":"http:\/\/bearndesgaves.fr\/judoclubdenavarrenx\/activites\/taiso\/","title":{"rendered":"Ta\u00efso"},"content":{"rendered":"<p><span style=\"font-size: 20px\"><span style=\"font-family: 'comic sans ms', cursive\">Le\u00a0<strong>Ta\u00efso<\/strong>\u00a0(pr\u00e9paration du corps en japonais) est un sport d&rsquo;origine japonaise pratiqu\u00e9 dans un dojo, v\u00eatu d&rsquo;un judogi, ou d&rsquo;un kimono plus l\u00e9ger, parfois simplement en tenue sportive.<\/span><\/span><\/p>\n<h2><span style=\"font-size: 20px\"><span style=\"font-family: 'comic sans ms', cursive\">\u00c0 l&rsquo;origine, le Ta\u00efso nommait les activit\u00e9s physiques compl\u00e9mentaires pratiqu\u00e9es par les comp\u00e9titeurs de judo ou de jujitsu dans le cadre de leur entrainement. De nos jours cette discipline int\u00e9resse un public de plus en plus large, sans limite d&rsquo;\u00e2ge, qui n&rsquo;a pas forc\u00e9ment pratiqu\u00e9 de sport auparavant et qui recherche un loisir ax\u00e9 sur la culture et l&rsquo;entretien physique. C&rsquo;est une alternative ludique aux nombreux sports de remise en forme comme le step ou la gymnastique. Les cours de Ta\u00efso sont une approche douce des arts martiaux tels que le judo et le jujitsu, sans aucun danger (pas de chute, pas de coup port\u00e9).<\/span><\/span><\/h2>\n<h2><span style=\"font-size: 20px\"><span style=\"font-family: 'comic sans ms', cursive\">\u00a0<\/span><\/span><\/h2>\n<h2><span style=\"font-size: 20px\"><span style=\"font-family: 'comic sans ms', cursive\">Les exercices du Ta\u00efso sont tr\u00e8s vari\u00e9s, la plupart se font en bin\u00f4mes :<\/span><\/span><\/h2>\n<h2><span style=\"font-size: 20px\"><span style=\"font-family: 'comic sans ms', cursive\">-entretien cardio-respiratoire<\/span><\/span><\/h2>\n<h2><span style=\"font-size: 20px\"><span style=\"font-family: 'comic sans ms', cursive\">-am\u00e9lioration de l&rsquo;endurance<\/span><\/span><\/h2>\n<h2><span style=\"font-size: 20px\"><span style=\"font-family: 'comic sans ms', cursive\">-renforcement musculaire<\/span><\/span><\/h2>\n<h2><span style=\"font-size: 20px\"><span style=\"font-family: 'comic sans ms', cursive\">-am\u00e9lioration de l&rsquo;\u00e9quilibre<\/span><\/span><\/h2>\n<h2><span style=\"font-size: 20px\"><span style=\"font-family: 'comic sans ms', cursive\">-am\u00e9lioration des capacit\u00e9 psychomotrices<\/span><\/span><\/h2>\n<h2><span style=\"font-size: 20px\"><span style=\"font-family: 'comic sans ms', cursive\">-am\u00e9lioration de la coordination g\u00e9n\u00e9rale des membres<\/span><\/span><\/h2>\n<h2><span style=\"font-size: 20px\"><span style=\"font-family: 'comic sans ms', cursive\">-assouplissement.<\/span><\/span><\/h2>\n<h2><span style=\"font-size: 20px\"><span style=\"font-family: 'comic sans ms', cursive\">-relaxation<\/span><\/span><\/h2>\n<h2><span style=\"font-size: 20px\"><span style=\"font-family: 'comic sans ms', cursive\">En France, le Ta\u00efso est affili\u00e9 \u00e0 la F\u00e9d\u00e9ration Fran\u00e7aise de Judo Jujitsu et Disciplines Associ\u00e9es.<\/span><\/span><\/h2>\n<p><span style=\"font-size: 12px\"><span style=\"font-family: 'comic sans ms', cursive\">Source : WIKIPEDIA<\/span><\/span><\/p>\n<p><a href=\"http:\/\/bearndesgaves.fr\/judoclubdenavarrenx\/files\/2012\/12\/journ\u00e9e-femme.png\"><img loading=\"lazy\" decoding=\"async\" class=\"aligncenter size-full wp-image-873\" src=\"http:\/\/bearndesgaves.fr\/judoclubdenavarrenx\/files\/2012\/12\/journ\u00e9e-femme.png\" alt=\"journ\u00e9e femme\" width=\"971\" height=\"353\" srcset=\"http:\/\/bearndesgaves.fr\/judoclubdenavarrenx\/files\/2012\/12\/journ\u00e9e-femme.png 971w, http:\/\/bearndesgaves.fr\/judoclubdenavarrenx\/files\/2012\/12\/journ\u00e9e-femme-300x109.png 300w, http:\/\/bearndesgaves.fr\/judoclubdenavarrenx\/files\/2012\/12\/journ\u00e9e-femme-768x279.png 768w\" sizes=\"auto, (max-width: 971px) 100vw, 971px\" \/><\/a>Journ\u00e9e f\u00e9minine organis\u00e9e le 13 mars 2016 \u00e0 Navarrenx (photo ci-dessus) par le Comit\u00e9 64 du Judo (96 participantes du 64-40 et 33 dont Cathy Arnaud, \u00e0 gauche, championne du monde\u00a0 de judo en 1989).<\/p>\n<p><span style=\"font-size: 12px\"><span style=\"font-family: 'comic sans ms', cursive\">\u00a0<\/span><\/span><\/p>\n","protected":false},"excerpt":{"rendered":"<p>Le\u00a0Ta\u00efso\u00a0(pr\u00e9paration du corps en japonais) est un sport d&rsquo;origine japonaise pratiqu\u00e9 dans un dojo, v\u00eatu d&rsquo;un judogi, ou d&rsquo;un kimono plus l\u00e9ger, parfois simplement en tenue sportive. \u00c0 l&rsquo;origine, le Ta\u00efso nommait les activit\u00e9s physiques compl\u00e9mentaires pratiqu\u00e9es par les comp\u00e9titeurs &hellip; <a class=\"more-link\" href=\"http:\/\/bearndesgaves.fr\/judoclubdenavarrenx\/activites\/taiso\/\">Continue reading <span class=\"meta-nav\">&rarr;<\/span><\/a><\/p>\n","protected":false},"author":34,"featured_media":0,"parent":23,"menu_order":2,"comment_status":"closed","ping_status":"closed","template":"","meta":{"ngg_post_thumbnail":0,"footnotes":""},"class_list":["post-51","page","type-page","status-publish","hentry"],"yoast_head":"<!-- This site is optimized with the Yoast SEO plugin v15.6.2 - https:\/\/yoast.com\/wordpress\/plugins\/seo\/ -->\n<meta name=\"robots\" content=\"index, follow, max-snippet:-1, max-image-preview:large, max-video-preview:-1\" \/>\n<link rel=\"canonical\" href=\"http:\/\/bearndesgaves.fr\/judoclubdenavarrenx\/activites\/taiso\/\" \/>\n<meta property=\"og:locale\" content=\"fr_FR\" \/>\n<meta property=\"og:type\" content=\"article\" \/>\n<meta property=\"og:title\" content=\"Ta\u00efso - Judo Club Navarrenx \u00e9dit\u00e9 par la CCCN chez 1&amp;1\" \/>\n<meta property=\"og:description\" content=\"Le\u00a0Ta\u00efso\u00a0(pr\u00e9paration du corps en japonais) est un sport d&rsquo;origine japonaise pratiqu\u00e9 dans un dojo, v\u00eatu d&rsquo;un judogi, ou d&rsquo;un kimono plus l\u00e9ger, parfois simplement en tenue sportive. \u00c0 l&rsquo;origine, le Ta\u00efso nommait les activit\u00e9s physiques compl\u00e9mentaires pratiqu\u00e9es par les comp\u00e9titeurs &hellip; Continue reading &rarr;\" \/>\n<meta property=\"og:url\" content=\"http:\/\/bearndesgaves.fr\/judoclubdenavarrenx\/activites\/taiso\/\" \/>\n<meta property=\"og:site_name\" content=\"Judo Club Navarrenx \u00e9dit\u00e9 par la CCCN chez 1&amp;1\" \/>\n<meta property=\"article:modified_time\" content=\"2018-08-24T10:01:54+00:00\" \/>\n<meta property=\"og:image\" content=\"http:\/\/bearndesgaves.fr\/judoclubdenavarrenx\/files\/2012\/12\/journ\u00e9e-femme.png\" \/>\n<meta name=\"twitter:label1\" content=\"Dur\u00e9e de lecture est.\">\n\t<meta name=\"twitter:data1\" content=\"1 minute\">\n<script type=\"application\/ld+json\" class=\"yoast-schema-graph\">{\"@context\":\"https:\/\/schema.org\",\"@graph\":[{\"@type\":\"WebSite\",\"@id\":\"http:\/\/bearndesgaves.fr\/judoclubdenavarrenx\/#website\",\"url\":\"http:\/\/bearndesgaves.fr\/judoclubdenavarrenx\/\",\"name\":\"Judo Club Navarrenx \\u00e9dit\\u00e9 par la CCCN chez 1&amp;1\",\"description\":\"\",\"potentialAction\":[{\"@type\":\"SearchAction\",\"target\":\"http:\/\/bearndesgaves.fr\/judoclubdenavarrenx\/?s={search_term_string}\",\"query-input\":\"required name=search_term_string\"}],\"inLanguage\":\"fr-FR\"},{\"@type\":\"ImageObject\",\"@id\":\"http:\/\/bearndesgaves.fr\/judoclubdenavarrenx\/activites\/taiso\/#primaryimage\",\"inLanguage\":\"fr-FR\",\"url\":\"http:\/\/bearndesgaves.fr\/judoclubdenavarrenx\/files\/2012\/12\/journ\\u00e9e-femme.png\",\"width\":971,\"height\":353},{\"@type\":\"WebPage\",\"@id\":\"http:\/\/bearndesgaves.fr\/judoclubdenavarrenx\/activites\/taiso\/#webpage\",\"url\":\"http:\/\/bearndesgaves.fr\/judoclubdenavarrenx\/activites\/taiso\/\",\"name\":\"Ta\\u00efso - Judo Club Navarrenx \\u00e9dit\\u00e9 par la CCCN chez 1&amp;1\",\"isPartOf\":{\"@id\":\"http:\/\/bearndesgaves.fr\/judoclubdenavarrenx\/#website\"},\"primaryImageOfPage\":{\"@id\":\"http:\/\/bearndesgaves.fr\/judoclubdenavarrenx\/activites\/taiso\/#primaryimage\"},\"datePublished\":\"2012-12-22T13:40:20+00:00\",\"dateModified\":\"2018-08-24T10:01:54+00:00\",\"inLanguage\":\"fr-FR\",\"potentialAction\":[{\"@type\":\"ReadAction\",\"target\":[\"http:\/\/bearndesgaves.fr\/judoclubdenavarrenx\/activites\/taiso\/\"]}]}]}<\/script>\n<!-- \/ Yoast SEO plugin. -->","_links":{"self":[{"href":"http:\/\/bearndesgaves.fr\/judoclubdenavarrenx\/wp-json\/wp\/v2\/pages\/51","targetHints":{"allow":["GET"]}}],"collection":[{"href":"http:\/\/bearndesgaves.fr\/judoclubdenavarrenx\/wp-json\/wp\/v2\/pages"}],"about":[{"href":"http:\/\/bearndesgaves.fr\/judoclubdenavarrenx\/wp-json\/wp\/v2\/types\/page"}],"author":[{"embeddable":true,"href":"http:\/\/bearndesgaves.fr\/judoclubdenavarrenx\/wp-json\/wp\/v2\/users\/34"}],"replies":[{"embeddable":true,"href":"http:\/\/bearndesgaves.fr\/judoclubdenavarrenx\/wp-json\/wp\/v2\/comments?post=51"}],"version-history":[{"count":5,"href":"http:\/\/bearndesgaves.fr\/judoclubdenavarrenx\/wp-json\/wp\/v2\/pages\/51\/revisions"}],"predecessor-version":[{"id":853,"href":"http:\/\/bearndesgaves.fr\/judoclubdenavarrenx\/wp-json\/wp\/v2\/pages\/51\/revisions\/853"}],"up":[{"embeddable":true,"href":"http:\/\/bearndesgaves.fr\/judoclubdenavarrenx\/wp-json\/wp\/v2\/pages\/23"}],"wp:attachment":[{"href":"http:\/\/bearndesgaves.fr\/judoclubdenavarrenx\/wp-json\/wp\/v2\/media?parent=51"}],"curies":[{"name":"wp","href":"https:\/\/api.w.org\/{rel}","templated":true}]}}