{"id":55,"date":"2012-12-22T14:44:02","date_gmt":"2012-12-22T13:44:02","guid":{"rendered":"http:\/\/bearndesgaves.fr\/judoclubdenavarrenx\/?page_id=55"},"modified":"2016-06-18T21:06:11","modified_gmt":"2016-06-18T19:06:11","slug":"techniques","status":"publish","type":"page","link":"http:\/\/bearndesgaves.fr\/judoclubdenavarrenx\/activites\/techniques\/","title":{"rendered":"Techniques"},"content":{"rendered":"<p>&nbsp;<\/p>\n<table class=\"renderedtable\" border=\"0\" width=\"100%\" cellspacing=\"0\" cellpadding=\"2\">\n<tbody>\n<tr class=\"bgdark\" style=\"background-color: transparent;border: 0px;margin: 0px;padding: 0px;vertical-align: baseline\">\n<td style=\"background-color: transparent;border: 0px;margin: 0px;padding: 5px;vertical-align: top\" valign=\"top\" width=\"85%\">\n<h1><span style=\"font-size: 18px\"><span style=\"font-family: 'comic sans ms', cursive\"><b>Les ceintures symbolisent la progression de l\u2019\u00e9l\u00e8ve et sont d\u00e9livr\u00e9es par le professeur jusqu\u2019\u00e0 la ceinture marron. Ensuite, un examen officiel permet d\u2019obtenir la prestigieuse ceinture noire.\u00a0<\/b><\/span><\/span><\/h1>\n<\/td>\n<\/tr>\n<\/tbody>\n<\/table>\n<table class=\"renderedtable\" border=\"0\" width=\"712\" cellspacing=\"0\" cellpadding=\"2\">\n<tbody>\n<tr class=\"bgdark\" style=\"background-color: transparent;border: 0px;margin: 0px;padding: 0px;vertical-align: baseline\">\n<td style=\"background-color: transparent;border: 0px;margin: 0px;padding: 5px;vertical-align: top\" valign=\"top\">\n<h1><span style=\"font-size: 18px\"><span style=\"font-family: 'comic sans ms', cursive\">Les \u00e2ges mentionn\u00e9s n\u2019indiquent bien \u00e9videmment pas une \u00ab\u00a0obligation\u00a0\u00bb d\u2019obtenir telle ceinture \u00e0 tel \u00e2ge, mais un \u00e2ge minimum pour atteindre ce grade.<br \/>\nA partir de la ceinture noire ou 1er dan, les grades ne sont plus d\u00e9livr\u00e9s au sein du club par les professeurs mais par la Commission Sp\u00e9cialis\u00e9e des Dan et Grades Equivalents de la FFJDA.<br \/>\n<\/span><\/span><\/h1>\n<h1><span style=\"font-size: 18px\"><span style=\"font-family: 'comic sans ms', cursive\"><br \/>\n<\/span><\/span><\/h1>\n<\/td>\n<td style=\"background-color: transparent;border: 0px;margin: 0px;padding: 5px;vertical-align: top\" valign=\"top\">\n<div style=\"background-color: transparent;border: 0px;margin: 0px;padding: 0px;vertical-align: baseline\">\n<div class=\"content-view-embed\" style=\"background-color: transparent;border: 0px;margin: 0px;padding: 0px;vertical-align: baseline\">\n<div class=\"class-image\" style=\"background-color: transparent;border: 0px;margin: 0px;padding: 0px;vertical-align: baseline\">\n<h1><span style=\"font-size: 18px\"><span style=\"font-family: 'comic sans ms', cursive\"><br \/>\n<\/span><\/span><\/h1>\n<\/div>\n<\/div>\n<\/div>\n<\/td>\n<\/tr>\n<\/tbody>\n<\/table>\n<table class=\"renderedtable\" border=\"0\" width=\"100%\" cellspacing=\"0\" cellpadding=\"2\">\n<tbody>\n<tr class=\"bgdark\" style=\"background-color: transparent;border: 0px;margin: 0px;padding: 0px;vertical-align: baseline\">\n<td style=\"background-color: transparent;border: 0px;margin: 0px;padding: 5px;vertical-align: top\" valign=\"top\">\n<div style=\"background-color: transparent;border: 0px;margin: 0px;padding: 0px;vertical-align: baseline\">\n<div class=\"content-view-embed\" style=\"background-color: transparent;border: 0px;margin: 0px;padding: 0px;vertical-align: baseline\">\n<div class=\"class-image\" style=\"background-color: transparent;border: 0px;margin: 0px;padding: 0px;vertical-align: baseline\">\n<h1><span style=\"font-size: 18px\"><span style=\"font-family: 'comic sans ms', cursive\"><img loading=\"lazy\" decoding=\"async\" style=\"background-color: transparent;border: 0px solid;margin: 0px;padding: 0px;vertical-align: middle\" src=\"http:\/\/www.ffjudo.com\/var\/ffj\/storage\/images\/media\/images\/ceintures-grades\/ceinture-blanche\/32440-1-fre-FR\/ceinture-blanche_medium.gif\" alt=\"ceinture blanche\" width=\"56\" height=\"48\" \/><\/span><\/span><\/h1>\n<\/div>\n<\/div>\n<\/div>\n<\/td>\n<td style=\"background-color: transparent;border: 0px;margin: 0px;padding: 5px;vertical-align: top\" valign=\"top\">\n<h1><span style=\"font-size: 18px\"><span style=\"font-family: 'comic sans ms', cursive\">Ceinture blanche 4\/6 ans minimum<\/span><\/span><\/h1>\n<h1><span style=\"font-size: 18px\"><span style=\"font-family: 'comic sans ms', cursive\">Pour les plus jeunes, un dispositif sp\u00e9cifique est propos\u00e9 :<\/span><\/span><\/h1>\n<h1><span style=\"font-size: 18px\"><span style=\"font-family: 'comic sans ms', cursive\">\u00a0<b>l\u2019Eveil Judo des 4-5 ans.<\/b><br \/>\n\u2022 Ceinture blanche :\u00a04 ans,<br \/>\n\u2022 Ceinture blanche avec une bande jaune horizontale :\u00a05 ans,<br \/>\n\u2022 Ceinture blanche avec deux bandes jaunes horizontales :\u00a06 ans.<\/span><\/span><\/h1>\n<h1><span style=\"font-size: 18px\"><span style=\"font-family: 'comic sans ms', cursive\"><br \/>\n<\/span><\/span><\/h1>\n<\/td>\n<\/tr>\n<tr class=\"bglight\" style=\"background-color: transparent;border: 0px;margin: 0px;padding: 0px;vertical-align: baseline\">\n<td style=\"background-color: transparent;border: 0px;margin: 0px;padding: 5px;vertical-align: top\" valign=\"top\">\n<div style=\"background-color: transparent;border: 0px;margin: 0px;padding: 0px;vertical-align: baseline\">\n<div class=\"content-view-embed\" style=\"background-color: transparent;border: 0px;margin: 0px;padding: 0px;vertical-align: baseline\">\n<div class=\"class-image\" style=\"background-color: transparent;border: 0px;margin: 0px;padding: 0px;vertical-align: baseline\">\n<h1><a href=\"http:\/\/bearndesgaves.fr\/judoclubdenavarrenx\/activites\/techniques\/ceinture-blanche-jaune\/\"><span style=\"font-size: 18px\"><span style=\"font-family: 'comic sans ms', cursive\"><img loading=\"lazy\" decoding=\"async\" style=\"background-color: transparent;border: 0px solid;margin: 0px;padding: 0px;vertical-align: middle\" src=\"http:\/\/www.ffjudo.com\/var\/ffj\/storage\/images\/media\/images\/ceintures-grades\/ceinture-blanche-jaune\/32444-1-fre-FR\/ceinture-blanche-jaune_medium.gif\" alt=\"ceinture blanche jaune\" width=\"57\" height=\"48\" \/><\/span><\/span><\/a><\/h1>\n<\/div>\n<\/div>\n<\/div>\n<\/td>\n<td style=\"background-color: transparent;border: 0px;margin: 0px;padding: 5px;vertical-align: top\" valign=\"top\">\n<h1><span style=\"font-size: 18px\"><span style=\"font-family: 'comic sans ms', cursive\">Ceinture blanche\/jaune : 7 ans minimum<\/span><\/span><\/h1>\n<\/td>\n<\/tr>\n<tr class=\"bgdark\" style=\"background-color: transparent;border: 0px;margin: 0px;padding: 0px;vertical-align: baseline\">\n<td style=\"background-color: transparent;border: 0px;margin: 0px;padding: 5px;vertical-align: top\" valign=\"top\">\n<div style=\"background-color: transparent;border: 0px;margin: 0px;padding: 0px;vertical-align: baseline\">\n<div class=\"content-view-embed\" style=\"background-color: transparent;border: 0px;margin: 0px;padding: 0px;vertical-align: baseline\">\n<div class=\"class-image\" style=\"background-color: transparent;border: 0px;margin: 0px;padding: 0px;vertical-align: baseline\">\n<h1><a href=\"http:\/\/bearndesgaves.fr\/judoclubdenavarrenx\/activites\/techniques\/ceinture-jaune\/\"><span style=\"font-size: 18px\"><span style=\"font-family: 'comic sans ms', cursive\"><img loading=\"lazy\" decoding=\"async\" style=\"background-color: transparent;border: 0px solid;margin: 0px;padding: 0px;vertical-align: middle\" src=\"http:\/\/www.ffjudo.com\/var\/ffj\/storage\/images\/media\/images\/ceintures-grades\/ceinture-jaune\/32448-1-fre-FR\/ceinture-jaune_medium.gif\" alt=\"ceinture jaune\" width=\"57\" height=\"48\" \/><\/span><\/span><\/a><\/h1>\n<\/div>\n<\/div>\n<\/div>\n<\/td>\n<td style=\"background-color: transparent;border: 0px;margin: 0px;padding: 5px;vertical-align: top\" valign=\"top\">\n<h1><span style=\"font-size: 18px\"><span style=\"font-family: 'comic sans ms', cursive\">Ceinture jaune : 8 ans minimum<\/span><\/span><\/h1>\n<\/td>\n<\/tr>\n<tr class=\"bglight\" style=\"background-color: transparent;border: 0px;margin: 0px;padding: 0px;vertical-align: baseline\">\n<td style=\"background-color: transparent;border: 0px;margin: 0px;padding: 5px;vertical-align: top\" valign=\"top\">\n<div style=\"background-color: transparent;border: 0px;margin: 0px;padding: 0px;vertical-align: baseline\">\n<div class=\"content-view-embed\" style=\"background-color: transparent;border: 0px;margin: 0px;padding: 0px;vertical-align: baseline\">\n<div class=\"class-image\" style=\"background-color: transparent;border: 0px;margin: 0px;padding: 0px;vertical-align: baseline\">\n<h1><span style=\"font-size: 18px\"><span style=\"font-family: 'comic sans ms', cursive\"><img loading=\"lazy\" decoding=\"async\" style=\"background-color: transparent;border: 0px solid;margin: 0px;padding: 0px;vertical-align: middle\" src=\"http:\/\/www.ffjudo.com\/var\/ffj\/storage\/images\/media\/images\/ceintures-grades\/ceinture-jaune-orange\/32452-1-fre-FR\/ceinture-jaune-orange_medium.gif\" alt=\"ceinture jaune orange\" width=\"57\" height=\"48\" \/><\/span><\/span><\/h1>\n<\/div>\n<\/div>\n<\/div>\n<\/td>\n<td style=\"background-color: transparent;border: 0px;margin: 0px;padding: 5px;vertical-align: top\" valign=\"top\">\n<h1><span style=\"font-size: 18px\"><span style=\"font-family: 'comic sans ms', cursive\">Ceinture jaune\/orange : 9 ans minimum<\/span><\/span><\/h1>\n<\/td>\n<\/tr>\n<tr class=\"bgdark\" style=\"background-color: transparent;border: 0px;margin: 0px;padding: 0px;vertical-align: baseline\">\n<td style=\"background-color: transparent;border: 0px;margin: 0px;padding: 5px;vertical-align: top\" valign=\"top\">\n<div style=\"background-color: transparent;border: 0px;margin: 0px;padding: 0px;vertical-align: baseline\">\n<div class=\"content-view-embed\" style=\"background-color: transparent;border: 0px;margin: 0px;padding: 0px;vertical-align: baseline\">\n<div class=\"class-image\" style=\"background-color: transparent;border: 0px;margin: 0px;padding: 0px;vertical-align: baseline\">\n<h1><span style=\"font-size: 18px\"><span style=\"font-family: 'comic sans ms', cursive\"><img loading=\"lazy\" decoding=\"async\" style=\"background-color: transparent;border: 0px solid;margin: 0px;padding: 0px;vertical-align: middle\" src=\"http:\/\/www.ffjudo.com\/var\/ffj\/storage\/images\/media\/images\/ceintures-grades\/ceinture-orange\/32456-1-fre-FR\/ceinture-orange_medium.gif\" alt=\"ceinture orange\" width=\"57\" height=\"48\" \/><\/span><\/span><\/h1>\n<\/div>\n<\/div>\n<\/div>\n<\/td>\n<td style=\"background-color: transparent;border: 0px;margin: 0px;padding: 5px;vertical-align: top\" valign=\"top\">\n<h1><span style=\"font-size: 18px\"><span style=\"font-family: 'comic sans ms', cursive\">Ceinture orange : 10 ans minimum<\/span><\/span><\/h1>\n<\/td>\n<\/tr>\n<tr class=\"bglight\" style=\"background-color: transparent;border: 0px;margin: 0px;padding: 0px;vertical-align: baseline\">\n<td style=\"background-color: transparent;border: 0px;margin: 0px;padding: 5px;vertical-align: top\" valign=\"top\">\n<div style=\"background-color: transparent;border: 0px;margin: 0px;padding: 0px;vertical-align: baseline\">\n<div class=\"content-view-embed\" style=\"background-color: transparent;border: 0px;margin: 0px;padding: 0px;vertical-align: baseline\">\n<div class=\"class-image\" style=\"background-color: transparent;border: 0px;margin: 0px;padding: 0px;vertical-align: baseline\">\n<h1><span style=\"font-size: 18px\"><span style=\"font-family: 'comic sans ms', cursive\"><img loading=\"lazy\" decoding=\"async\" style=\"background-color: transparent;border: 0px solid;margin: 0px;padding: 0px;vertical-align: middle\" src=\"http:\/\/www.ffjudo.com\/var\/ffj\/storage\/images\/media\/images\/ceintures-grades\/ceinture-orange-verte\/32460-1-fre-FR\/ceinture-orange-verte_medium.gif\" alt=\"ceinture orange verte\" width=\"57\" height=\"48\" \/><\/span><\/span><\/h1>\n<\/div>\n<\/div>\n<\/div>\n<\/td>\n<td style=\"background-color: transparent;border: 0px;margin: 0px;padding: 5px;vertical-align: top\" valign=\"top\">\n<h1><span style=\"font-size: 18px\"><span style=\"font-family: 'comic sans ms', cursive\">Ceinture orange\/verte : 11 ans minimum<\/span><\/span><\/h1>\n<\/td>\n<\/tr>\n<tr class=\"bgdark\" style=\"background-color: transparent;border: 0px;margin: 0px;padding: 0px;vertical-align: baseline\">\n<td style=\"background-color: transparent;border: 0px;margin: 0px;padding: 5px;vertical-align: top\" valign=\"top\">\n<div style=\"background-color: transparent;border: 0px;margin: 0px;padding: 0px;vertical-align: baseline\">\n<div class=\"content-view-embed\" style=\"background-color: transparent;border: 0px;margin: 0px;padding: 0px;vertical-align: baseline\">\n<div class=\"class-image\" style=\"background-color: transparent;border: 0px;margin: 0px;padding: 0px;vertical-align: baseline\">\n<h1><span style=\"font-size: 18px\"><span style=\"font-family: 'comic sans ms', cursive\"><img loading=\"lazy\" decoding=\"async\" style=\"background-color: transparent;border: 0px solid;margin: 0px;padding: 0px;vertical-align: middle\" src=\"http:\/\/www.ffjudo.com\/var\/ffj\/storage\/images\/media\/images\/ceintures-grades\/ceinture-verte\/32464-1-fre-FR\/ceinture-verte_medium.gif\" alt=\"ceinture verte\" width=\"57\" height=\"48\" \/><\/span><\/span><\/h1>\n<\/div>\n<\/div>\n<\/div>\n<\/td>\n<td style=\"background-color: transparent;border: 0px;margin: 0px;padding: 5px;vertical-align: top\" valign=\"top\">\n<h1><span style=\"font-size: 18px\"><span style=\"font-family: 'comic sans ms', cursive\">Ceinture verte : 12 ans minimum<\/span><\/span><\/h1>\n<\/td>\n<\/tr>\n<tr class=\"bglight\" style=\"background-color: transparent;border: 0px;margin: 0px;padding: 0px;vertical-align: baseline\">\n<td style=\"background-color: transparent;border: 0px;margin: 0px;padding: 5px;vertical-align: top\" valign=\"top\">\n<div style=\"background-color: transparent;border: 0px;margin: 0px;padding: 0px;vertical-align: baseline\">\n<div class=\"content-view-embed\" style=\"background-color: transparent;border: 0px;margin: 0px;padding: 0px;vertical-align: baseline\">\n<div class=\"class-image\" style=\"background-color: transparent;border: 0px;margin: 0px;padding: 0px;vertical-align: baseline\">\n<h1><span style=\"font-size: 18px\"><span style=\"font-family: 'comic sans ms', cursive\"><img loading=\"lazy\" decoding=\"async\" style=\"background-color: transparent;border: 0px solid;margin: 0px;padding: 0px;vertical-align: middle\" src=\"http:\/\/www.ffjudo.com\/var\/ffj\/storage\/images\/media\/images\/ceintures-grades\/ceinture-bleue\/32468-1-fre-FR\/ceinture-bleue_medium.gif\" alt=\"ceinture bleue\" width=\"57\" height=\"48\" \/><\/span><\/span><\/h1>\n<\/div>\n<\/div>\n<\/div>\n<\/td>\n<td style=\"background-color: transparent;border: 0px;margin: 0px;padding: 5px;vertical-align: top\" valign=\"top\">\n<h1><span style=\"font-size: 18px\"><span style=\"font-family: 'comic sans ms', cursive\">Ceinture bleue : 13 ans minimum<\/span><\/span><\/h1>\n<\/td>\n<\/tr>\n<tr class=\"bgdark\" style=\"background-color: transparent;border: 0px;margin: 0px;padding: 0px;vertical-align: baseline\">\n<td style=\"background-color: transparent;border: 0px;margin: 0px;padding: 5px;vertical-align: top\" valign=\"top\">\n<div style=\"background-color: transparent;border: 0px;margin: 0px;padding: 0px;vertical-align: baseline\">\n<div class=\"content-view-embed\" style=\"background-color: transparent;border: 0px;margin: 0px;padding: 0px;vertical-align: baseline\">\n<div class=\"class-image\" style=\"background-color: transparent;border: 0px;margin: 0px;padding: 0px;vertical-align: baseline\">\n<h1><span style=\"font-size: 18px\"><span style=\"font-family: 'comic sans ms', cursive\"><img loading=\"lazy\" decoding=\"async\" style=\"background-color: transparent;border: 0px solid;margin: 0px;padding: 0px;vertical-align: middle\" src=\"http:\/\/www.ffjudo.com\/var\/ffj\/storage\/images\/media\/images\/ceintures-grades\/ceinture-marron\/32472-1-fre-FR\/ceinture-marron_medium.gif\" alt=\"ceinture marron\" width=\"57\" height=\"48\" \/><\/span><\/span><\/h1>\n<\/div>\n<\/div>\n<\/div>\n<\/td>\n<td style=\"background-color: transparent;border: 0px;margin: 0px;padding: 5px;vertical-align: top\" valign=\"top\">\n<h1><span style=\"font-size: 18px\"><span style=\"font-family: 'comic sans ms', cursive\">Ceinture marron : 14 ans minimum<\/span><\/span><\/h1>\n<\/td>\n<\/tr>\n<tr class=\"bglight\" style=\"background-color: transparent;border: 0px;margin: 0px;padding: 0px;vertical-align: baseline\">\n<td style=\"background-color: transparent;border: 0px;margin: 0px;padding: 5px;vertical-align: top\" valign=\"top\">\n<div style=\"background-color: transparent;border: 0px;margin: 0px;padding: 0px;vertical-align: baseline\">\n<div class=\"content-view-embed\" style=\"background-color: transparent;border: 0px;margin: 0px;padding: 0px;vertical-align: baseline\">\n<div class=\"class-image\" style=\"background-color: transparent;border: 0px;margin: 0px;padding: 0px;vertical-align: baseline\">\n<h1><span style=\"font-size: 18px\"><span style=\"font-family: 'comic sans ms', cursive\"><img loading=\"lazy\" decoding=\"async\" style=\"background-color: transparent;border: 0px solid;margin: 0px;padding: 0px;vertical-align: middle\" src=\"http:\/\/www.ffjudo.com\/var\/ffj\/storage\/images\/media\/images\/ceintures-grades\/ceinture-noire\/32476-1-fre-FR\/ceinture-noire_medium.gif\" alt=\"ceinture noire\" width=\"57\" height=\"48\" \/><\/span><\/span><\/h1>\n<\/div>\n<\/div>\n<\/div>\n<\/td>\n<td style=\"background-color: transparent;border: 0px;margin: 0px;padding: 5px;vertical-align: top\" valign=\"top\">\n<h1><span style=\"font-size: 18px\"><span style=\"font-family: 'comic sans ms', cursive\">Ceinture noire<br \/>\n\u2022 1er dan : 15 ans minimum<br \/>\n\u2022 2\u00e8me dan : 17 ans minimum<br \/>\n\u2022 3\u00e8me dan : 20 ans minimum<br \/>\n\u2022 4\u00e8me dan : 24 ans minimum<br \/>\n\u2022 5\u00e8me dan : 29 ans minimum<\/span><\/span><\/h1>\n<\/td>\n<\/tr>\n<tr class=\"bgdark\" style=\"background-color: transparent;border: 0px;margin: 0px;padding: 0px;vertical-align: baseline\">\n<td style=\"background-color: transparent;border: 0px;margin: 0px;padding: 5px;vertical-align: top\" valign=\"top\">\n<div style=\"background-color: transparent;border: 0px;margin: 0px;padding: 0px;vertical-align: baseline\">\n<div class=\"content-view-embed\" style=\"background-color: transparent;border: 0px;margin: 0px;padding: 0px;vertical-align: baseline\">\n<div class=\"class-image\" style=\"background-color: transparent;border: 0px;margin: 0px;padding: 0px;vertical-align: baseline\">\n<h1><span style=\"font-size: 18px\"><span style=\"font-family: 'comic sans ms', cursive\"><img loading=\"lazy\" decoding=\"async\" style=\"background-color: transparent;border: 0px solid;margin: 0px;padding: 0px;vertical-align: middle\" src=\"http:\/\/www.ffjudo.com\/var\/ffj\/storage\/images\/media\/images\/ceintures-grades\/ceinture-rouge-blanche\/32480-1-fre-FR\/ceinture-rouge-blanche_medium.gif\" alt=\"ceinture rouge blanche\" width=\"57\" height=\"48\" \/><\/span><\/span><\/h1>\n<\/div>\n<\/div>\n<\/div>\n<\/td>\n<td style=\"background-color: transparent;border: 0px;margin: 0px;padding: 5px;vertical-align: top\" valign=\"top\">\n<h1><span style=\"font-size: 18px\"><span style=\"font-family: 'comic sans ms', cursive\">Ceinture rouge et blanche : 6\u00e8me, 7\u00e8me et 8\u00e8me dan<\/span><\/span><\/h1>\n<\/td>\n<\/tr>\n<tr class=\"bglight\" style=\"background-color: transparent;border: 0px;margin: 0px;padding: 0px;vertical-align: baseline\">\n<td style=\"background-color: transparent;border: 0px;margin: 0px;padding: 5px;vertical-align: top\" valign=\"top\">\n<div style=\"background-color: transparent;border: 0px;margin: 0px;padding: 0px;vertical-align: baseline\">\n<div class=\"content-view-embed\" style=\"background-color: transparent;border: 0px;margin: 0px;padding: 0px;vertical-align: baseline\">\n<div class=\"class-image\" style=\"background-color: transparent;border: 0px;margin: 0px;padding: 0px;vertical-align: baseline\">\n<h1><span style=\"font-size: 18px\"><span style=\"font-family: 'comic sans ms', cursive\"><img loading=\"lazy\" decoding=\"async\" style=\"background-color: transparent;border: 0px solid;margin: 0px;padding: 0px;vertical-align: middle\" src=\"http:\/\/www.ffjudo.com\/var\/ffj\/storage\/images\/media\/images\/ceintures-grades\/ceinture-rouge\/32484-1-fre-FR\/ceinture-rouge_medium.gif\" alt=\"ceinture rouge\" width=\"57\" height=\"48\" \/><\/span><\/span><\/h1>\n<\/div>\n<\/div>\n<\/div>\n<\/td>\n<td style=\"background-color: transparent;border: 0px;margin: 0px;padding: 5px;vertical-align: top\" valign=\"top\">\n<h1><span style=\"font-size: 18px\"><span style=\"font-family: 'comic sans ms', cursive\">Ceinture rouge : 9\u00e8me et 10\u00e8me dan<\/span><\/span><\/h1>\n<\/td>\n<\/tr>\n<\/tbody>\n<\/table>\n","protected":false},"excerpt":{"rendered":"<p>&nbsp; Les ceintures symbolisent la progression de l\u2019\u00e9l\u00e8ve et sont d\u00e9livr\u00e9es par le professeur jusqu\u2019\u00e0 la ceinture marron. Ensuite, un examen officiel permet d\u2019obtenir la prestigieuse ceinture noire.\u00a0 Les \u00e2ges mentionn\u00e9s n\u2019indiquent bien \u00e9videmment pas une \u00ab\u00a0obligation\u00a0\u00bb d\u2019obtenir telle ceinture &hellip; <a class=\"more-link\" href=\"http:\/\/bearndesgaves.fr\/judoclubdenavarrenx\/activites\/techniques\/\">Continue reading <span class=\"meta-nav\">&rarr;<\/span><\/a><\/p>\n","protected":false},"author":34,"featured_media":0,"parent":23,"menu_order":4,"comment_status":"closed","ping_status":"open","template":"","meta":{"ngg_post_thumbnail":0,"footnotes":""},"class_list":["post-55","page","type-page","status-publish","hentry"],"yoast_head":"<!-- This site is optimized with the Yoast SEO plugin v15.6.2 - https:\/\/yoast.com\/wordpress\/plugins\/seo\/ -->\n<meta name=\"robots\" content=\"index, follow, max-snippet:-1, max-image-preview:large, max-video-preview:-1\" \/>\n<link rel=\"canonical\" href=\"http:\/\/bearndesgaves.fr\/judoclubdenavarrenx\/activites\/techniques\/\" \/>\n<meta property=\"og:locale\" content=\"fr_FR\" \/>\n<meta property=\"og:type\" content=\"article\" \/>\n<meta property=\"og:title\" content=\"Techniques - Judo Club Navarrenx \u00e9dit\u00e9 par la CCCN chez 1&amp;1\" \/>\n<meta property=\"og:description\" content=\"&nbsp; Les ceintures symbolisent la progression de l\u2019\u00e9l\u00e8ve et sont d\u00e9livr\u00e9es par le professeur jusqu\u2019\u00e0 la ceinture marron. Ensuite, un examen officiel permet d\u2019obtenir la prestigieuse ceinture noire.\u00a0 Les \u00e2ges mentionn\u00e9s n\u2019indiquent bien \u00e9videmment pas une \u00ab\u00a0obligation\u00a0\u00bb d\u2019obtenir telle ceinture &hellip; Continue reading &rarr;\" \/>\n<meta property=\"og:url\" content=\"http:\/\/bearndesgaves.fr\/judoclubdenavarrenx\/activites\/techniques\/\" \/>\n<meta property=\"og:site_name\" content=\"Judo Club Navarrenx \u00e9dit\u00e9 par la CCCN chez 1&amp;1\" \/>\n<meta property=\"article:modified_time\" content=\"2016-06-18T19:06:11+00:00\" \/>\n<meta property=\"og:image\" content=\"http:\/\/www.ffjudo.com\/var\/ffj\/storage\/images\/media\/images\/ceintures-grades\/ceinture-blanche\/32440-1-fre-FR\/ceinture-blanche_medium.gif\" \/>\n<meta name=\"twitter:label1\" content=\"Dur\u00e9e de lecture est.\">\n\t<meta name=\"twitter:data1\" content=\"1 minute\">\n<script type=\"application\/ld+json\" class=\"yoast-schema-graph\">{\"@context\":\"https:\/\/schema.org\",\"@graph\":[{\"@type\":\"WebSite\",\"@id\":\"http:\/\/bearndesgaves.fr\/judoclubdenavarrenx\/#website\",\"url\":\"http:\/\/bearndesgaves.fr\/judoclubdenavarrenx\/\",\"name\":\"Judo Club Navarrenx \\u00e9dit\\u00e9 par la CCCN chez 1&amp;1\",\"description\":\"\",\"potentialAction\":[{\"@type\":\"SearchAction\",\"target\":\"http:\/\/bearndesgaves.fr\/judoclubdenavarrenx\/?s={search_term_string}\",\"query-input\":\"required name=search_term_string\"}],\"inLanguage\":\"fr-FR\"},{\"@type\":\"ImageObject\",\"@id\":\"http:\/\/bearndesgaves.fr\/judoclubdenavarrenx\/activites\/techniques\/#primaryimage\",\"inLanguage\":\"fr-FR\",\"url\":\"http:\/\/www.ffjudo.com\/var\/ffj\/storage\/images\/media\/images\/ceintures-grades\/ceinture-blanche\/32440-1-fre-FR\/ceinture-blanche_medium.gif\"},{\"@type\":\"WebPage\",\"@id\":\"http:\/\/bearndesgaves.fr\/judoclubdenavarrenx\/activites\/techniques\/#webpage\",\"url\":\"http:\/\/bearndesgaves.fr\/judoclubdenavarrenx\/activites\/techniques\/\",\"name\":\"Techniques - Judo Club Navarrenx \\u00e9dit\\u00e9 par la CCCN chez 1&amp;1\",\"isPartOf\":{\"@id\":\"http:\/\/bearndesgaves.fr\/judoclubdenavarrenx\/#website\"},\"primaryImageOfPage\":{\"@id\":\"http:\/\/bearndesgaves.fr\/judoclubdenavarrenx\/activites\/techniques\/#primaryimage\"},\"datePublished\":\"2012-12-22T13:44:02+00:00\",\"dateModified\":\"2016-06-18T19:06:11+00:00\",\"inLanguage\":\"fr-FR\",\"potentialAction\":[{\"@type\":\"ReadAction\",\"target\":[\"http:\/\/bearndesgaves.fr\/judoclubdenavarrenx\/activites\/techniques\/\"]}]}]}<\/script>\n<!-- \/ Yoast SEO plugin. -->","_links":{"self":[{"href":"http:\/\/bearndesgaves.fr\/judoclubdenavarrenx\/wp-json\/wp\/v2\/pages\/55","targetHints":{"allow":["GET"]}}],"collection":[{"href":"http:\/\/bearndesgaves.fr\/judoclubdenavarrenx\/wp-json\/wp\/v2\/pages"}],"about":[{"href":"http:\/\/bearndesgaves.fr\/judoclubdenavarrenx\/wp-json\/wp\/v2\/types\/page"}],"author":[{"embeddable":true,"href":"http:\/\/bearndesgaves.fr\/judoclubdenavarrenx\/wp-json\/wp\/v2\/users\/34"}],"replies":[{"embeddable":true,"href":"http:\/\/bearndesgaves.fr\/judoclubdenavarrenx\/wp-json\/wp\/v2\/comments?post=55"}],"version-history":[{"count":2,"href":"http:\/\/bearndesgaves.fr\/judoclubdenavarrenx\/wp-json\/wp\/v2\/pages\/55\/revisions"}],"predecessor-version":[{"id":848,"href":"http:\/\/bearndesgaves.fr\/judoclubdenavarrenx\/wp-json\/wp\/v2\/pages\/55\/revisions\/848"}],"up":[{"embeddable":true,"href":"http:\/\/bearndesgaves.fr\/judoclubdenavarrenx\/wp-json\/wp\/v2\/pages\/23"}],"wp:attachment":[{"href":"http:\/\/bearndesgaves.fr\/judoclubdenavarrenx\/wp-json\/wp\/v2\/media?parent=55"}],"curies":[{"name":"wp","href":"https:\/\/api.w.org\/{rel}","templated":true}]}}