{"id":14,"date":"2011-04-14T11:09:19","date_gmt":"2011-04-14T09:09:19","guid":{"rendered":"http:\/\/bearndesgaves.fr\/lanouvellemarseillaise\/"},"modified":"2011-06-10T18:23:27","modified_gmt":"2011-06-10T16:23:27","slug":"texte-propose","status":"publish","type":"page","link":"http:\/\/bearndesgaves.fr\/lanouvellemarseillaise\/texte-propose\/","title":{"rendered":"Texte propos\u00e9"},"content":{"rendered":"<table border=\"1\" cellpadding=\"1\" cellspacing=\"1\" style=\"height: 20px; width: 668px;\">\n<tbody>\n<tr>\n<td>[audio:lamarseillaise.mp3|titles=La Marseillaise (musique)]<\/td>\n<td>[audio:larepublicaine.mp3|autostart=yes|titles=La Republicaine par Nathalie Armand]<\/td>\n<\/tr>\n<\/tbody>\n<\/table>\n<p style=\"text-align: center;\"><img loading=\"lazy\" decoding=\"async\" alt=\"\" height=\"375\" src=\"http:\/\/bearndesgaves.fr\/lanouvellemarseillaise\/wp-content\/uploads\/image\/NouvelleMarseillaise\/strophe 1.jpg\" style=\"width: 650px; height: 375px; text-align: center;\" width=\"650\" \/><\/p>\n<p style=\"text-align: center;\"><img loading=\"lazy\" decoding=\"async\" alt=\"\" height=\"375\" src=\"http:\/\/bearndesgaves.fr\/lanouvellemarseillaise\/wp-content\/uploads\/image\/NouvelleMarseillaise\/strophe 2.jpg\" width=\"650\" \/><\/p>\n<p style=\"text-align: center;\"><img loading=\"lazy\" decoding=\"async\" alt=\"\" height=\"375\" src=\"http:\/\/bearndesgaves.fr\/lanouvellemarseillaise\/wp-content\/uploads\/image\/NouvelleMarseillaise\/strophe 3.jpg\" width=\"650\" \/><\/p>\n<p style=\"text-align: center;\"><img loading=\"lazy\" decoding=\"async\" alt=\"\" height=\"375\" src=\"http:\/\/bearndesgaves.fr\/lanouvellemarseillaise\/wp-content\/uploads\/image\/NouvelleMarseillaise\/strophe 4.jpg\" width=\"650\" \/><\/p>\n","protected":false},"excerpt":{"rendered":"<p>[audio:lamarseillaise.mp3|titles=La Marseillaise (musique)] [audio:larepublicaine.mp3|autostart=yes|titles=La Republicaine par Nathalie Armand]<\/p>\n","protected":false},"author":1,"featured_media":0,"parent":0,"menu_order":3,"comment_status":"closed","ping_status":"open","template":"","meta":{"ngg_post_thumbnail":0,"footnotes":""},"class_list":["post-14","page","type-page","status-publish","hentry"],"yoast_head":"<!-- This site is optimized with the Yoast SEO plugin v15.6.2 - https:\/\/yoast.com\/wordpress\/plugins\/seo\/ -->\n<meta name=\"robots\" content=\"index, follow, max-snippet:-1, max-image-preview:large, max-video-preview:-1\" \/>\n<link rel=\"canonical\" href=\"http:\/\/bearndesgaves.fr\/lanouvellemarseillaise\/texte-propose\/\" \/>\n<meta property=\"og:locale\" content=\"fr_FR\" \/>\n<meta property=\"og:type\" content=\"article\" \/>\n<meta property=\"og:title\" content=\"Texte propos\u00e9 - La Nouvelle Marseillaise \u00e9dit\u00e9 par la CCCN chez 1&amp;1\" \/>\n<meta property=\"og:description\" content=\"[audio:lamarseillaise.mp3|titles=La Marseillaise (musique)] [audio:larepublicaine.mp3|autostart=yes|titles=La Republicaine par Nathalie Armand]\" \/>\n<meta property=\"og:url\" content=\"http:\/\/bearndesgaves.fr\/lanouvellemarseillaise\/texte-propose\/\" \/>\n<meta property=\"og:site_name\" content=\"La Nouvelle Marseillaise \u00e9dit\u00e9 par la CCCN chez 1&amp;1\" \/>\n<meta property=\"article:modified_time\" content=\"2011-06-10T16:23:27+00:00\" \/>\n<meta property=\"og:image\" content=\"http:\/\/bearndesgaves.fr\/lanouvellemarseillaise\/wp-content\/uploads\/image\/NouvelleMarseillaise\/strophe%201.jpg\" \/>\n<script type=\"application\/ld+json\" class=\"yoast-schema-graph\">{\"@context\":\"https:\/\/schema.org\",\"@graph\":[{\"@type\":\"WebSite\",\"@id\":\"http:\/\/bearndesgaves.fr\/lanouvellemarseillaise\/#website\",\"url\":\"http:\/\/bearndesgaves.fr\/lanouvellemarseillaise\/\",\"name\":\"La Nouvelle Marseillaise \\u00e9dit\\u00e9 par la CCCN chez 1&amp;1\",\"description\":\"\",\"potentialAction\":[{\"@type\":\"SearchAction\",\"target\":\"http:\/\/bearndesgaves.fr\/lanouvellemarseillaise\/?s={search_term_string}\",\"query-input\":\"required name=search_term_string\"}],\"inLanguage\":\"fr-FR\"},{\"@type\":\"ImageObject\",\"@id\":\"http:\/\/bearndesgaves.fr\/lanouvellemarseillaise\/texte-propose\/#primaryimage\",\"inLanguage\":\"fr-FR\",\"url\":\"http:\/\/bearndesgaves.fr\/lanouvellemarseillaise\/wp-content\/uploads\/image\/NouvelleMarseillaise\/strophe 1.jpg\"},{\"@type\":\"WebPage\",\"@id\":\"http:\/\/bearndesgaves.fr\/lanouvellemarseillaise\/texte-propose\/#webpage\",\"url\":\"http:\/\/bearndesgaves.fr\/lanouvellemarseillaise\/texte-propose\/\",\"name\":\"Texte propos\\u00e9 - La Nouvelle Marseillaise \\u00e9dit\\u00e9 par la CCCN chez 1&amp;1\",\"isPartOf\":{\"@id\":\"http:\/\/bearndesgaves.fr\/lanouvellemarseillaise\/#website\"},\"primaryImageOfPage\":{\"@id\":\"http:\/\/bearndesgaves.fr\/lanouvellemarseillaise\/texte-propose\/#primaryimage\"},\"datePublished\":\"2011-04-14T09:09:19+00:00\",\"dateModified\":\"2011-06-10T16:23:27+00:00\",\"inLanguage\":\"fr-FR\",\"potentialAction\":[{\"@type\":\"ReadAction\",\"target\":[\"http:\/\/bearndesgaves.fr\/lanouvellemarseillaise\/texte-propose\/\"]}]}]}<\/script>\n<!-- \/ Yoast SEO plugin. -->","_links":{"self":[{"href":"http:\/\/bearndesgaves.fr\/lanouvellemarseillaise\/wp-json\/wp\/v2\/pages\/14","targetHints":{"allow":["GET"]}}],"collection":[{"href":"http:\/\/bearndesgaves.fr\/lanouvellemarseillaise\/wp-json\/wp\/v2\/pages"}],"about":[{"href":"http:\/\/bearndesgaves.fr\/lanouvellemarseillaise\/wp-json\/wp\/v2\/types\/page"}],"author":[{"embeddable":true,"href":"http:\/\/bearndesgaves.fr\/lanouvellemarseillaise\/wp-json\/wp\/v2\/users\/1"}],"replies":[{"embeddable":true,"href":"http:\/\/bearndesgaves.fr\/lanouvellemarseillaise\/wp-json\/wp\/v2\/comments?post=14"}],"version-history":[{"count":0,"href":"http:\/\/bearndesgaves.fr\/lanouvellemarseillaise\/wp-json\/wp\/v2\/pages\/14\/revisions"}],"wp:attachment":[{"href":"http:\/\/bearndesgaves.fr\/lanouvellemarseillaise\/wp-json\/wp\/v2\/media?parent=14"}],"curies":[{"name":"wp","href":"https:\/\/api.w.org\/{rel}","templated":true}]}}