{"id":2,"date":"2011-03-24T09:40:28","date_gmt":"2011-03-24T09:40:28","guid":{"rendered":"http:\/\/bearndesgaves.fr\/lanouvellemarseillaise\/?page_id=2"},"modified":"2011-04-16T11:30:05","modified_gmt":"2011-04-16T09:30:05","slug":"a-propos","status":"publish","type":"page","link":"http:\/\/bearndesgaves.fr\/lanouvellemarseillaise\/","title":{"rendered":"Pr\u00e9sentation"},"content":{"rendered":"<p align=\"JUSTIFY\" style=\"margin-bottom: 0.5cm;\"><font size=\"4\"><span style=\"font-weight: normal;\">Cette association a pour but de d&eacute;fendre le projet de r&eacute;forme de notre <\/span><\/font><strong><font size=\"4\"><span style=\"font-weight: normal;\">hymne national fran&ccedil;ais<\/span><\/font><\/strong><font size=\"4\"><span style=\"font-weight: normal;\">, pour le mettre en ad&eacute;quation avec l&#39;&eacute;tat d&#39;esprit de notre <\/span><\/font><strong><font size=\"4\"><span style=\"font-weight: normal;\">d&eacute;mocratie moderne<\/span><\/font><\/strong><font size=\"4\"><span style=\"font-weight: normal;\">.<\/span><\/font><\/p>\n<p align=\"JUSTIFY\" style=\"margin-bottom: 0.5cm;\"><font size=\"4\"><span style=\"font-weight: normal;\">Ce nouvel hymne d&eacute;veloppe les quatre valeurs de la R&eacute;publique :<br \/>\n\t<\/span><\/font><span style=\"font-size: 20px;\"><span style=\"font-weight: normal;\"><em>La <\/em><\/span><em><strong><span style=\"font-weight: normal;\">Paix<\/span><\/strong><span style=\"font-weight: normal;\">, la <\/span><strong><span style=\"font-weight: normal;\">Libert&eacute;<\/span><\/strong><span style=\"font-weight: normal;\">, l&#39;<\/span><strong><span style=\"font-weight: normal;\">&Eacute;galit&eacute;<\/span><\/strong><span style=\"font-weight: normal;\"> et la <\/span><strong><span style=\"font-weight: normal;\">Fraternit&eacute;<\/span><\/strong><span style=\"font-weight: normal;\">.<\/span><\/em><\/span><\/p>\n","protected":false},"excerpt":{"rendered":"<p>Cette association a pour but de d&eacute;fendre le projet de r&eacute;forme de notre hymne national fran&ccedil;ais, pour le mettre en ad&eacute;quation avec l&#39;&eacute;tat d&#39;esprit de notre d&eacute;mocratie moderne. Ce nouvel hymne d&eacute;veloppe les quatre valeurs de la R&eacute;publique : La &hellip; <a class=\"more-link\" href=\"http:\/\/bearndesgaves.fr\/lanouvellemarseillaise\/\">Continue reading <span class=\"meta-nav\">&rarr;<\/span><\/a><\/p>\n","protected":false},"author":1,"featured_media":0,"parent":0,"menu_order":0,"comment_status":"closed","ping_status":"open","template":"","meta":{"ngg_post_thumbnail":0,"footnotes":""},"class_list":["post-2","page","type-page","status-publish","hentry"],"yoast_head":"<!-- This site is optimized with the Yoast SEO plugin v15.6.2 - https:\/\/yoast.com\/wordpress\/plugins\/seo\/ -->\n<meta name=\"robots\" content=\"index, follow, max-snippet:-1, max-image-preview:large, max-video-preview:-1\" \/>\n<link rel=\"canonical\" href=\"http:\/\/bearndesgaves.fr\/lanouvellemarseillaise\/\" \/>\n<meta property=\"og:locale\" content=\"fr_FR\" \/>\n<meta property=\"og:type\" content=\"article\" \/>\n<meta property=\"og:title\" content=\"Pr\u00e9sentation - La Nouvelle Marseillaise \u00e9dit\u00e9 par la CCCN chez 1&amp;1\" \/>\n<meta property=\"og:description\" content=\"Cette association a pour but de d&eacute;fendre le projet de r&eacute;forme de notre hymne national fran&ccedil;ais, pour le mettre en ad&eacute;quation avec l&#039;&eacute;tat d&#039;esprit de notre d&eacute;mocratie moderne. Ce nouvel hymne d&eacute;veloppe les quatre valeurs de la R&eacute;publique : La &hellip; Continue reading &rarr;\" \/>\n<meta property=\"og:url\" content=\"http:\/\/bearndesgaves.fr\/lanouvellemarseillaise\/\" \/>\n<meta property=\"og:site_name\" content=\"La Nouvelle Marseillaise \u00e9dit\u00e9 par la CCCN chez 1&amp;1\" \/>\n<meta property=\"article:modified_time\" content=\"2011-04-16T09:30:05+00:00\" \/>\n<script type=\"application\/ld+json\" class=\"yoast-schema-graph\">{\"@context\":\"https:\/\/schema.org\",\"@graph\":[{\"@type\":\"WebSite\",\"@id\":\"http:\/\/bearndesgaves.fr\/lanouvellemarseillaise\/#website\",\"url\":\"http:\/\/bearndesgaves.fr\/lanouvellemarseillaise\/\",\"name\":\"La Nouvelle Marseillaise \\u00e9dit\\u00e9 par la CCCN chez 1&amp;1\",\"description\":\"\",\"potentialAction\":[{\"@type\":\"SearchAction\",\"target\":\"http:\/\/bearndesgaves.fr\/lanouvellemarseillaise\/?s={search_term_string}\",\"query-input\":\"required name=search_term_string\"}],\"inLanguage\":\"fr-FR\"},{\"@type\":\"WebPage\",\"@id\":\"http:\/\/bearndesgaves.fr\/lanouvellemarseillaise\/#webpage\",\"url\":\"http:\/\/bearndesgaves.fr\/lanouvellemarseillaise\/\",\"name\":\"Pr\\u00e9sentation - La Nouvelle Marseillaise \\u00e9dit\\u00e9 par la CCCN chez 1&amp;1\",\"isPartOf\":{\"@id\":\"http:\/\/bearndesgaves.fr\/lanouvellemarseillaise\/#website\"},\"datePublished\":\"2011-03-24T09:40:28+00:00\",\"dateModified\":\"2011-04-16T09:30:05+00:00\",\"inLanguage\":\"fr-FR\",\"potentialAction\":[{\"@type\":\"ReadAction\",\"target\":[\"http:\/\/bearndesgaves.fr\/lanouvellemarseillaise\/\"]}]}]}<\/script>\n<!-- \/ Yoast SEO plugin. -->","_links":{"self":[{"href":"http:\/\/bearndesgaves.fr\/lanouvellemarseillaise\/wp-json\/wp\/v2\/pages\/2","targetHints":{"allow":["GET"]}}],"collection":[{"href":"http:\/\/bearndesgaves.fr\/lanouvellemarseillaise\/wp-json\/wp\/v2\/pages"}],"about":[{"href":"http:\/\/bearndesgaves.fr\/lanouvellemarseillaise\/wp-json\/wp\/v2\/types\/page"}],"author":[{"embeddable":true,"href":"http:\/\/bearndesgaves.fr\/lanouvellemarseillaise\/wp-json\/wp\/v2\/users\/1"}],"replies":[{"embeddable":true,"href":"http:\/\/bearndesgaves.fr\/lanouvellemarseillaise\/wp-json\/wp\/v2\/comments?post=2"}],"version-history":[{"count":0,"href":"http:\/\/bearndesgaves.fr\/lanouvellemarseillaise\/wp-json\/wp\/v2\/pages\/2\/revisions"}],"wp:attachment":[{"href":"http:\/\/bearndesgaves.fr\/lanouvellemarseillaise\/wp-json\/wp\/v2\/media?parent=2"}],"curies":[{"name":"wp","href":"https:\/\/api.w.org\/{rel}","templated":true}]}}