{"id":48,"date":"2011-04-14T13:54:47","date_gmt":"2011-04-14T11:54:47","guid":{"rendered":"http:\/\/bearndesgaves.fr\/lanouvellemarseillaise\/"},"modified":"2011-04-14T16:12:58","modified_gmt":"2011-04-14T14:12:58","slug":"adhesion","status":"publish","type":"page","link":"http:\/\/bearndesgaves.fr\/lanouvellemarseillaise\/adhesion\/","title":{"rendered":"Adh\u00e9sion"},"content":{"rendered":"<p class=\"texte-centre\"><span style=\"font-size: 12px;\"><span style=\"color: rgb(255, 255, 255);\"><span style=\"background-color: rgb(0, 0, 0);\">Aucun engagement politique ni syndical.<\/span><\/span><font color=\"#000099\"><strong> <br \/>\n\tM&ecirc;me si vous n&#39;adh&eacute;rez pas &agrave; notre association, votre t&eacute;moignage nous int&eacute;resse.<\/strong><\/font><\/span><br \/>\n\tJe vous envoie par courrier postal les 10 &euro; de l&#39;adh&eacute;sion &agrave; l&#39;association &quot;La Nouvelle Marseillaise&quot;. Je recevrai dans les 10 jours ma carte d&#39;adh&eacute;rent et un courriel de confirmation.<br \/>\n\tAu fur et &agrave; mesure de leurs parutions, je recevrai des informations sur l&#39;avancement de ce projet et sur les d&eacute;marches effectu&eacute;es par l&#39;association que je soutiens.<br \/>\n\t<em><span style=\"font-size: 12px;\">(S&rsquo;il y a un auteur pour le texte, il faudra, par contre, des milliers de Fran&ccedil;ais partageant cette id&eacute;e pour que le projet devienne cr&eacute;dible aux yeux de nos dirigeants. Cette r&eacute;forme d&eacute;passe les clivages politiques ou partisans. Elle doit refl&eacute;ter l&rsquo;esprit de la Nation et seulement cela. Nous avons besoin de votre soutien concret.)<\/span><\/em><\/p>\n<p><!--cforms name=\"OK\"--><\/p>\n","protected":false},"excerpt":{"rendered":"<p>Aucun engagement politique ni syndical. M&ecirc;me si vous n&#39;adh&eacute;rez pas &agrave; notre association, votre t&eacute;moignage nous int&eacute;resse. Je vous envoie par courrier postal les 10 &euro; de l&#39;adh&eacute;sion &agrave; l&#39;association &quot;La Nouvelle Marseillaise&quot;. Je recevrai dans les 10 jours ma &hellip; <a class=\"more-link\" href=\"http:\/\/bearndesgaves.fr\/lanouvellemarseillaise\/adhesion\/\">Continue reading <span class=\"meta-nav\">&rarr;<\/span><\/a><\/p>\n","protected":false},"author":1,"featured_media":0,"parent":0,"menu_order":5,"comment_status":"closed","ping_status":"open","template":"","meta":{"ngg_post_thumbnail":0,"footnotes":""},"class_list":["post-48","page","type-page","status-publish","hentry"],"yoast_head":"<!-- This site is optimized with the Yoast SEO plugin v15.6.2 - https:\/\/yoast.com\/wordpress\/plugins\/seo\/ -->\n<meta name=\"robots\" content=\"index, follow, max-snippet:-1, max-image-preview:large, max-video-preview:-1\" \/>\n<link rel=\"canonical\" href=\"http:\/\/bearndesgaves.fr\/lanouvellemarseillaise\/adhesion\/\" \/>\n<meta property=\"og:locale\" content=\"fr_FR\" \/>\n<meta property=\"og:type\" content=\"article\" \/>\n<meta property=\"og:title\" content=\"Adh\u00e9sion - La Nouvelle Marseillaise \u00e9dit\u00e9 par la CCCN chez 1&amp;1\" \/>\n<meta property=\"og:description\" content=\"Aucun engagement politique ni syndical. M&ecirc;me si vous n&#039;adh&eacute;rez pas &agrave; notre association, votre t&eacute;moignage nous int&eacute;resse. Je vous envoie par courrier postal les 10 &euro; de l&#039;adh&eacute;sion &agrave; l&#039;association &quot;La Nouvelle Marseillaise&quot;. Je recevrai dans les 10 jours ma &hellip; Continue reading &rarr;\" \/>\n<meta property=\"og:url\" content=\"http:\/\/bearndesgaves.fr\/lanouvellemarseillaise\/adhesion\/\" \/>\n<meta property=\"og:site_name\" content=\"La Nouvelle Marseillaise \u00e9dit\u00e9 par la CCCN chez 1&amp;1\" \/>\n<meta property=\"article:modified_time\" content=\"2011-04-14T14:12:58+00:00\" \/>\n<meta name=\"twitter:label1\" content=\"Dur\u00e9e de lecture est.\">\n\t<meta name=\"twitter:data1\" content=\"1 minute\">\n<script type=\"application\/ld+json\" class=\"yoast-schema-graph\">{\"@context\":\"https:\/\/schema.org\",\"@graph\":[{\"@type\":\"WebSite\",\"@id\":\"http:\/\/bearndesgaves.fr\/lanouvellemarseillaise\/#website\",\"url\":\"http:\/\/bearndesgaves.fr\/lanouvellemarseillaise\/\",\"name\":\"La Nouvelle Marseillaise \\u00e9dit\\u00e9 par la CCCN chez 1&amp;1\",\"description\":\"\",\"potentialAction\":[{\"@type\":\"SearchAction\",\"target\":\"http:\/\/bearndesgaves.fr\/lanouvellemarseillaise\/?s={search_term_string}\",\"query-input\":\"required name=search_term_string\"}],\"inLanguage\":\"fr-FR\"},{\"@type\":\"WebPage\",\"@id\":\"http:\/\/bearndesgaves.fr\/lanouvellemarseillaise\/adhesion\/#webpage\",\"url\":\"http:\/\/bearndesgaves.fr\/lanouvellemarseillaise\/adhesion\/\",\"name\":\"Adh\\u00e9sion - La Nouvelle Marseillaise \\u00e9dit\\u00e9 par la CCCN chez 1&amp;1\",\"isPartOf\":{\"@id\":\"http:\/\/bearndesgaves.fr\/lanouvellemarseillaise\/#website\"},\"datePublished\":\"2011-04-14T11:54:47+00:00\",\"dateModified\":\"2011-04-14T14:12:58+00:00\",\"inLanguage\":\"fr-FR\",\"potentialAction\":[{\"@type\":\"ReadAction\",\"target\":[\"http:\/\/bearndesgaves.fr\/lanouvellemarseillaise\/adhesion\/\"]}]}]}<\/script>\n<!-- \/ Yoast SEO plugin. -->","_links":{"self":[{"href":"http:\/\/bearndesgaves.fr\/lanouvellemarseillaise\/wp-json\/wp\/v2\/pages\/48","targetHints":{"allow":["GET"]}}],"collection":[{"href":"http:\/\/bearndesgaves.fr\/lanouvellemarseillaise\/wp-json\/wp\/v2\/pages"}],"about":[{"href":"http:\/\/bearndesgaves.fr\/lanouvellemarseillaise\/wp-json\/wp\/v2\/types\/page"}],"author":[{"embeddable":true,"href":"http:\/\/bearndesgaves.fr\/lanouvellemarseillaise\/wp-json\/wp\/v2\/users\/1"}],"replies":[{"embeddable":true,"href":"http:\/\/bearndesgaves.fr\/lanouvellemarseillaise\/wp-json\/wp\/v2\/comments?post=48"}],"version-history":[{"count":0,"href":"http:\/\/bearndesgaves.fr\/lanouvellemarseillaise\/wp-json\/wp\/v2\/pages\/48\/revisions"}],"wp:attachment":[{"href":"http:\/\/bearndesgaves.fr\/lanouvellemarseillaise\/wp-json\/wp\/v2\/media?parent=48"}],"curies":[{"name":"wp","href":"https:\/\/api.w.org\/{rel}","templated":true}]}}