{"id":1702,"date":"2023-06-26T15:23:02","date_gmt":"2023-06-26T13:23:02","guid":{"rendered":"http:\/\/bearndesgaves.fr\/ludotheque-tiptap\/?page_id=1702"},"modified":"2024-02-28T11:51:47","modified_gmt":"2024-02-28T10:51:47","slug":"on-parle-de-nous-dans-la-presse","status":"publish","type":"page","link":"http:\/\/bearndesgaves.fr\/ludotheque-tiptap\/on-parle-de-nous-dans-la-presse\/","title":{"rendered":"ON PARLE DE NOUS DANS LA PRESSE :)"},"content":{"rendered":"\n<p>24 f\u00e9vrier 2024<\/p>\n\n\n\n<figure class=\"wp-block-image size-large is-style-default\"><a href=\"http:\/\/bearndesgaves.fr\/ludotheque-tiptap\/files\/2024\/02\/ARTICLE-DU-280224-1-scaled.jpg\"><img decoding=\"async\" src=\"http:\/\/bearndesgaves.fr\/ludotheque-tiptap\/files\/2024\/02\/ARTICLE-DU-280224-1-298x1024.jpg\" alt=\"\" class=\"wp-image-1783\" \/><\/a><\/figure>\n\n\n\n<h4>F\u00e9vrier 2024<\/h4>\n<p>&nbsp;<\/p>\n<p>&nbsp;<\/p>\n<p>&nbsp;<\/p>\n<p><a href=\"http:\/\/bearndesgaves.fr\/ludotheque-tiptap\/files\/2024\/02\/20240214_111224-scaled.jpg\"><img loading=\"lazy\" decoding=\"async\" class=\"size-medium wp-image-1772 alignleft\" src=\"http:\/\/bearndesgaves.fr\/ludotheque-tiptap\/files\/2024\/02\/20240214_111224-176x300.jpg\" alt=\"\" width=\"176\" height=\"300\"><\/a><\/p>\n<p>&nbsp;<\/p>\n<p>&nbsp;<\/p>\n<p>&nbsp;<\/p>\n<p>&nbsp;<\/p>\n<p>&nbsp;<\/p>\n<p>Lundi 26 juin 2023<\/p>\n\n\n\n<figure class=\"wp-block-image size-large is-style-default\"><a href=\"http:\/\/bearndesgaves.fr\/ludotheque-tiptap\/files\/2023\/06\/20230626_151431.jpg\"><img loading=\"lazy\" decoding=\"async\" width=\"460\" height=\"613\" src=\"http:\/\/bearndesgaves.fr\/ludotheque-tiptap\/files\/2023\/06\/20230626_151431.jpg\" alt=\"\" class=\"wp-image-1700\" srcset=\"http:\/\/bearndesgaves.fr\/ludotheque-tiptap\/files\/2023\/06\/20230626_151431.jpg 460w, http:\/\/bearndesgaves.fr\/ludotheque-tiptap\/files\/2023\/06\/20230626_151431-225x300.jpg 225w\" sizes=\"auto, (max-width: 460px) 100vw, 460px\" \/><\/a><\/figure>\n\n\n\n<p>Mardi 13 juin 2023<\/p>\n\n\n\n<figure class=\"wp-block-image size-large is-style-default\"><a href=\"http:\/\/bearndesgaves.fr\/ludotheque-tiptap\/files\/2023\/06\/352190280_807376924337094_2790787063681067537_n.jpg\"><img decoding=\"async\" src=\"http:\/\/bearndesgaves.fr\/ludotheque-tiptap\/files\/2023\/06\/352190280_807376924337094_2790787063681067537_n-639x1024.jpg\" alt=\"\" class=\"wp-image-1705\" \/><\/a><\/figure>\n\n\n\n<p>Pour les vacances de printemps 2023<\/p>\n\n\n\n<figure class=\"wp-block-image size-large is-style-default\"><a href=\"http:\/\/bearndesgaves.fr\/ludotheque-tiptap\/files\/2023\/06\/20230413_205426-1-scaled.jpg\"><img decoding=\"async\" src=\"http:\/\/bearndesgaves.fr\/ludotheque-tiptap\/files\/2023\/06\/20230413_205426-1-813x1024.jpg\" alt=\"\" class=\"wp-image-1707\" \/><\/a><\/figure>\n","protected":false},"excerpt":{"rendered":"<p>24 f\u00e9vrier 2024 F\u00e9vrier 2024 &nbsp; &nbsp; &nbsp; &nbsp; &nbsp; &nbsp; &nbsp; &nbsp; Lundi 26 juin 2023 Mardi 13 juin 2023 Pour les vacances de printemps 2023<\/p>\n","protected":false},"author":30,"featured_media":0,"parent":0,"menu_order":0,"comment_status":"closed","ping_status":"closed","template":"","meta":{"ngg_post_thumbnail":0,"footnotes":""},"class_list":["post-1702","page","type-page","status-publish","hentry"],"yoast_head":"<!-- This site is optimized with the Yoast SEO plugin v15.6.2 - https:\/\/yoast.com\/wordpress\/plugins\/seo\/ -->\n<meta name=\"robots\" content=\"index, follow, max-snippet:-1, max-image-preview:large, max-video-preview:-1\" \/>\n<link rel=\"canonical\" href=\"http:\/\/bearndesgaves.fr\/ludotheque-tiptap\/on-parle-de-nous-dans-la-presse\/\" \/>\n<meta property=\"og:locale\" content=\"fr_FR\" \/>\n<meta property=\"og:type\" content=\"article\" \/>\n<meta property=\"og:title\" content=\"ON PARLE DE NOUS DANS LA PRESSE :) - ludoth\u00e8que TIPTAP Navarrenx \u00e9dit\u00e9 par la CCCN chez 1&amp;1\" \/>\n<meta property=\"og:description\" content=\"24 f\u00e9vrier 2024 F\u00e9vrier 2024 &nbsp; &nbsp; &nbsp; &nbsp; &nbsp; &nbsp; &nbsp; &nbsp; Lundi 26 juin 2023 Mardi 13 juin 2023 Pour les vacances de printemps 2023\" \/>\n<meta property=\"og:url\" content=\"http:\/\/bearndesgaves.fr\/ludotheque-tiptap\/on-parle-de-nous-dans-la-presse\/\" \/>\n<meta property=\"og:site_name\" content=\"ludoth\u00e8que TIPTAP Navarrenx \u00e9dit\u00e9 par la CCCN chez 1&amp;1\" \/>\n<meta property=\"article:modified_time\" content=\"2024-02-28T10:51:47+00:00\" \/>\n<meta property=\"og:image\" content=\"http:\/\/bearndesgaves.fr\/ludotheque-tiptap\/files\/2024\/02\/ARTICLE-DU-280224-1-298x1024.jpg\" \/>\n<meta name=\"twitter:label1\" content=\"Dur\u00e9e de lecture est.\">\n\t<meta name=\"twitter:data1\" content=\"2 minutes\">\n<script type=\"application\/ld+json\" class=\"yoast-schema-graph\">{\"@context\":\"https:\/\/schema.org\",\"@graph\":[{\"@type\":\"WebSite\",\"@id\":\"http:\/\/bearndesgaves.fr\/ludotheque-tiptap\/#website\",\"url\":\"http:\/\/bearndesgaves.fr\/ludotheque-tiptap\/\",\"name\":\"ludoth\\u00e8que TIPTAP Navarrenx \\u00e9dit\\u00e9 par la CCCN chez 1&amp;1\",\"description\":\"\",\"potentialAction\":[{\"@type\":\"SearchAction\",\"target\":\"http:\/\/bearndesgaves.fr\/ludotheque-tiptap\/?s={search_term_string}\",\"query-input\":\"required name=search_term_string\"}],\"inLanguage\":\"fr-FR\"},{\"@type\":\"ImageObject\",\"@id\":\"http:\/\/bearndesgaves.fr\/ludotheque-tiptap\/on-parle-de-nous-dans-la-presse\/#primaryimage\",\"inLanguage\":\"fr-FR\",\"url\":\"http:\/\/bearndesgaves.fr\/ludotheque-tiptap\/files\/2024\/02\/ARTICLE-DU-280224-1-298x1024.jpg\"},{\"@type\":\"WebPage\",\"@id\":\"http:\/\/bearndesgaves.fr\/ludotheque-tiptap\/on-parle-de-nous-dans-la-presse\/#webpage\",\"url\":\"http:\/\/bearndesgaves.fr\/ludotheque-tiptap\/on-parle-de-nous-dans-la-presse\/\",\"name\":\"ON PARLE DE NOUS DANS LA PRESSE :) - ludoth\\u00e8que TIPTAP Navarrenx \\u00e9dit\\u00e9 par la CCCN chez 1&amp;1\",\"isPartOf\":{\"@id\":\"http:\/\/bearndesgaves.fr\/ludotheque-tiptap\/#website\"},\"primaryImageOfPage\":{\"@id\":\"http:\/\/bearndesgaves.fr\/ludotheque-tiptap\/on-parle-de-nous-dans-la-presse\/#primaryimage\"},\"datePublished\":\"2023-06-26T13:23:02+00:00\",\"dateModified\":\"2024-02-28T10:51:47+00:00\",\"inLanguage\":\"fr-FR\",\"potentialAction\":[{\"@type\":\"ReadAction\",\"target\":[\"http:\/\/bearndesgaves.fr\/ludotheque-tiptap\/on-parle-de-nous-dans-la-presse\/\"]}]}]}<\/script>\n<!-- \/ Yoast SEO plugin. -->","_links":{"self":[{"href":"http:\/\/bearndesgaves.fr\/ludotheque-tiptap\/wp-json\/wp\/v2\/pages\/1702","targetHints":{"allow":["GET"]}}],"collection":[{"href":"http:\/\/bearndesgaves.fr\/ludotheque-tiptap\/wp-json\/wp\/v2\/pages"}],"about":[{"href":"http:\/\/bearndesgaves.fr\/ludotheque-tiptap\/wp-json\/wp\/v2\/types\/page"}],"author":[{"embeddable":true,"href":"http:\/\/bearndesgaves.fr\/ludotheque-tiptap\/wp-json\/wp\/v2\/users\/30"}],"replies":[{"embeddable":true,"href":"http:\/\/bearndesgaves.fr\/ludotheque-tiptap\/wp-json\/wp\/v2\/comments?post=1702"}],"version-history":[{"count":6,"href":"http:\/\/bearndesgaves.fr\/ludotheque-tiptap\/wp-json\/wp\/v2\/pages\/1702\/revisions"}],"predecessor-version":[{"id":1785,"href":"http:\/\/bearndesgaves.fr\/ludotheque-tiptap\/wp-json\/wp\/v2\/pages\/1702\/revisions\/1785"}],"wp:attachment":[{"href":"http:\/\/bearndesgaves.fr\/ludotheque-tiptap\/wp-json\/wp\/v2\/media?parent=1702"}],"curies":[{"name":"wp","href":"https:\/\/api.w.org\/{rel}","templated":true}]}}