{"id":295,"date":"2017-01-09T12:09:55","date_gmt":"2017-01-09T11:09:55","guid":{"rendered":"http:\/\/bearndesgaves.fr\/ludotheque-tiptap\/?page_id=295"},"modified":"2026-01-21T14:12:32","modified_gmt":"2026-01-21T13:12:32","slug":"evenements","status":"publish","type":"page","link":"http:\/\/bearndesgaves.fr\/ludotheque-tiptap\/evenements\/","title":{"rendered":"ACTIVIT\u00c9S"},"content":{"rendered":"\n<p>La ludoth\u00e8que TIP-TAP&nbsp; propose plusieurs services&nbsp;:<\/p>\n\n\n\n<p><strong>Accueil<\/strong>  et consultation de jeux sur place<br><strong>Pr\u00eat de jeu<br>Conseils en pr\u00eat<\/strong><br><strong> Intervention dans les \u00e9coles <\/strong> depuis 2001<br><strong>Intervention dans les garderies<\/strong> <strong>scolaires<\/strong>&nbsp;depuis 2006<\/p>\n\n\n\n<p><strong>Animation en classe<\/strong> <br><strong>Intervention en\u00a0 Lieux d\u2019accueil Parents\/Enfants<\/strong>  Navarrenx : LA PARENT&rsquo;AISE.<br><strong>Animations ext\u00e9rieures<\/strong> th\u00e9matiques (jeux surdimensionn\u00e9s, jeux de plateau,  jeux symbolique )<\/p>\n\n\n\n<p>Animations d\u2019un espace de jeux pendant les manifestations culturelles<br><strong>Formations th\u00e9oriques<\/strong> en direction des travailleurs sociaux et des m\u00e9diath\u00e9caires<\/p>\n\n\n\n<p><span style=\"font-size: 14pt\"><strong>Nos actions :<\/strong><\/span><\/p>\n\n\n\n<p>1. ANIMATIONS ITIN\u00c9RANTES &nbsp;avec l&rsquo;association des P&rsquo;tits Lutins<\/p>\n\n\n\n<p>2. LES JEUDI DES TOUT-PETITS (9h30-11h30)<\/p>\n\n\n\n<p>Am\u00e9nagement de jeux au sol pour accueillir les 0\/6 ans.&nbsp;<\/p>\n\n\n\n<p><em><br><\/em>4. ANIMATIONS EN GARDERIES SCOLAIRES 35 \u20ac \/heure + d\u00e9placements<\/p>\n\n\n\n<p><span style=\"background-color: #ffffff\">5.&nbsp;DEFIS SANS ECRAN&nbsp;<\/span><\/p>\n\n\n\n<p>6.&nbsp;PRESTATIONS TH\u00c9ORIQUES<\/p>\n\n\n\n<ul class=\"wp-block-list\">\n<li>Am\u00e9nagement des espaces ludiques pour la petite enfance et mises en sc\u00e8nes, Animation et posture professionnelle<\/li>\n\n\n\n<li>Les passerelles entre le\u00a0jeu et le livre<\/li>\n\n\n\n<li>Le jeu et la relation \u00e0 l&rsquo;autre<\/li>\n\n\n\n<li>le jeu et le harc\u00e8lement<\/li>\n\n\n\n<li>Le jeu et le d\u00e9crochage scolaire<\/li>\n\n\n\n<li>Le jeu et les comp\u00e9tences psychosociales<\/li>\n<\/ul>\n","protected":false},"excerpt":{"rendered":"<p>La ludoth\u00e8que TIP-TAP&nbsp; propose plusieurs services&nbsp;: Accueil et consultation de jeux sur placePr\u00eat de jeuConseils en pr\u00eat Intervention dans les \u00e9coles depuis 2001Intervention dans les garderies scolaires&nbsp;depuis 2006 Animation en classe Intervention en\u00a0 Lieux d\u2019accueil Parents\/Enfants Navarrenx : LA PARENT&rsquo;AISE.Animations &hellip; <a class=\"more-link\" href=\"http:\/\/bearndesgaves.fr\/ludotheque-tiptap\/evenements\/\">Continue reading <span class=\"meta-nav\">&rarr;<\/span><\/a><\/p>\n","protected":false},"author":30,"featured_media":0,"parent":0,"menu_order":0,"comment_status":"closed","ping_status":"closed","template":"","meta":{"ngg_post_thumbnail":0,"footnotes":""},"class_list":["post-295","page","type-page","status-publish","hentry"],"yoast_head":"<!-- This site is optimized with the Yoast SEO plugin v15.6.2 - https:\/\/yoast.com\/wordpress\/plugins\/seo\/ -->\n<meta name=\"robots\" content=\"index, follow, max-snippet:-1, max-image-preview:large, max-video-preview:-1\" \/>\n<link rel=\"canonical\" href=\"http:\/\/bearndesgaves.fr\/ludotheque-tiptap\/evenements\/\" \/>\n<meta property=\"og:locale\" content=\"fr_FR\" \/>\n<meta property=\"og:type\" content=\"article\" \/>\n<meta property=\"og:title\" content=\"ACTIVIT\u00c9S - ludoth\u00e8que TIPTAP Navarrenx \u00e9dit\u00e9 par la CCCN chez 1&amp;1\" \/>\n<meta property=\"og:description\" content=\"La ludoth\u00e8que TIP-TAP&nbsp; propose plusieurs services&nbsp;: Accueil et consultation de jeux sur placePr\u00eat de jeuConseils en pr\u00eat Intervention dans les \u00e9coles depuis 2001Intervention dans les garderies scolaires&nbsp;depuis 2006 Animation en classe Intervention en\u00a0 Lieux d\u2019accueil Parents\/Enfants Navarrenx : LA PARENT&rsquo;AISE.Animations &hellip; Continue reading &rarr;\" \/>\n<meta property=\"og:url\" content=\"http:\/\/bearndesgaves.fr\/ludotheque-tiptap\/evenements\/\" \/>\n<meta property=\"og:site_name\" content=\"ludoth\u00e8que TIPTAP Navarrenx \u00e9dit\u00e9 par la CCCN chez 1&amp;1\" \/>\n<meta property=\"article:modified_time\" content=\"2026-01-21T13:12:32+00:00\" \/>\n<meta name=\"twitter:label1\" content=\"Dur\u00e9e de lecture est.\">\n\t<meta name=\"twitter:data1\" content=\"1 minute\">\n<script type=\"application\/ld+json\" class=\"yoast-schema-graph\">{\"@context\":\"https:\/\/schema.org\",\"@graph\":[{\"@type\":\"WebSite\",\"@id\":\"http:\/\/bearndesgaves.fr\/ludotheque-tiptap\/#website\",\"url\":\"http:\/\/bearndesgaves.fr\/ludotheque-tiptap\/\",\"name\":\"ludoth\\u00e8que TIPTAP Navarrenx \\u00e9dit\\u00e9 par la CCCN chez 1&amp;1\",\"description\":\"\",\"potentialAction\":[{\"@type\":\"SearchAction\",\"target\":\"http:\/\/bearndesgaves.fr\/ludotheque-tiptap\/?s={search_term_string}\",\"query-input\":\"required name=search_term_string\"}],\"inLanguage\":\"fr-FR\"},{\"@type\":\"WebPage\",\"@id\":\"http:\/\/bearndesgaves.fr\/ludotheque-tiptap\/evenements\/#webpage\",\"url\":\"http:\/\/bearndesgaves.fr\/ludotheque-tiptap\/evenements\/\",\"name\":\"ACTIVIT\\u00c9S - ludoth\\u00e8que TIPTAP Navarrenx \\u00e9dit\\u00e9 par la CCCN chez 1&amp;1\",\"isPartOf\":{\"@id\":\"http:\/\/bearndesgaves.fr\/ludotheque-tiptap\/#website\"},\"datePublished\":\"2017-01-09T11:09:55+00:00\",\"dateModified\":\"2026-01-21T13:12:32+00:00\",\"inLanguage\":\"fr-FR\",\"potentialAction\":[{\"@type\":\"ReadAction\",\"target\":[\"http:\/\/bearndesgaves.fr\/ludotheque-tiptap\/evenements\/\"]}]}]}<\/script>\n<!-- \/ Yoast SEO plugin. -->","_links":{"self":[{"href":"http:\/\/bearndesgaves.fr\/ludotheque-tiptap\/wp-json\/wp\/v2\/pages\/295","targetHints":{"allow":["GET"]}}],"collection":[{"href":"http:\/\/bearndesgaves.fr\/ludotheque-tiptap\/wp-json\/wp\/v2\/pages"}],"about":[{"href":"http:\/\/bearndesgaves.fr\/ludotheque-tiptap\/wp-json\/wp\/v2\/types\/page"}],"author":[{"embeddable":true,"href":"http:\/\/bearndesgaves.fr\/ludotheque-tiptap\/wp-json\/wp\/v2\/users\/30"}],"replies":[{"embeddable":true,"href":"http:\/\/bearndesgaves.fr\/ludotheque-tiptap\/wp-json\/wp\/v2\/comments?post=295"}],"version-history":[{"count":63,"href":"http:\/\/bearndesgaves.fr\/ludotheque-tiptap\/wp-json\/wp\/v2\/pages\/295\/revisions"}],"predecessor-version":[{"id":1945,"href":"http:\/\/bearndesgaves.fr\/ludotheque-tiptap\/wp-json\/wp\/v2\/pages\/295\/revisions\/1945"}],"wp:attachment":[{"href":"http:\/\/bearndesgaves.fr\/ludotheque-tiptap\/wp-json\/wp\/v2\/media?parent=295"}],"curies":[{"name":"wp","href":"https:\/\/api.w.org\/{rel}","templated":true}]}}