{"id":31,"date":"2012-01-20T13:44:32","date_gmt":"2012-01-20T12:44:32","guid":{"rendered":"http:\/\/bearndesgaves.fr\/ludotheque-tiptap\/"},"modified":"2026-02-10T10:11:41","modified_gmt":"2026-02-10T09:11:41","slug":"accueil","status":"publish","type":"page","link":"http:\/\/bearndesgaves.fr\/ludotheque-tiptap\/","title":{"rendered":"Accueil"},"content":{"rendered":"\n<p>\u00a06 Rue de l&rsquo;abreuvoir . 64 190 NAVARRENX ;<\/p>\n<p>06 80 42 25 07 OU 05 47 72 82 26.<\/p>\n<p>\u00a0<\/p>\n<p><strong>Pendant le vacances scolaires ( Vacances hiver, de printemps et juillet) ouvert du lundi au vendredi de 9h30 \u00e0 12h et de 14h \u00e0 18h<\/strong><\/p>\n<p>\u00a0<\/p>\n<p>Pour voir le village en carton cliquer ci-dessous \ud83d\ude42<\/p>\n\n\n\n<p><a href=\"https:\/\/www.facebook.com\/tiptapludo.theque\/reels\/\">https:\/\/www.facebook.com\/tiptapludo.theque\/reels\/<\/a><\/p>\n\n\n\n<h2 class=\"wp-block-heading\">Bienvenue \u00e0 la ludoth\u00e8que. <\/h2>\n\n\n\n<h2 class=\"wp-block-heading\">Les horaires d&rsquo; ouverture sont tout en bas de la page apr\u00e8s l&rsquo;actualit\u00e9 ludique \ud83d\ude42<\/h2>\n\n\n\n\n\n<h2 class=\"wp-block-heading\">Facebook: <a href=\"https:\/\/www.facebook.com\/tiptapludo.theque.1\">https:\/\/www.facebook.com\/tiptapludo.theque.1<\/a><\/h2>\n\n\n\n<h2 class=\"wp-block-heading\">Instagram : https:\/\/www.instagram.com\/ludotheque.tiptap<\/h2>\n\n\n\n\n\n<p><a href=\"http:\/\/bearndesgaves.fr\/ludotheque-tiptap\/files\/2023\/06\/19-juin23-scaled.jpg\"><img loading=\"lazy\" decoding=\"async\" class=\"alignright size-medium wp-image-1668\" src=\"http:\/\/bearndesgaves.fr\/ludotheque-tiptap\/files\/2023\/06\/19-juin23-300x225.jpg\" alt=\"\" width=\"300\" height=\"225\" srcset=\"http:\/\/bearndesgaves.fr\/ludotheque-tiptap\/files\/2023\/06\/19-juin23-300x225.jpg 300w, http:\/\/bearndesgaves.fr\/ludotheque-tiptap\/files\/2023\/06\/19-juin23-1024x768.jpg 1024w, http:\/\/bearndesgaves.fr\/ludotheque-tiptap\/files\/2023\/06\/19-juin23-768x576.jpg 768w, http:\/\/bearndesgaves.fr\/ludotheque-tiptap\/files\/2023\/06\/19-juin23-1536x1152.jpg 1536w, http:\/\/bearndesgaves.fr\/ludotheque-tiptap\/files\/2023\/06\/19-juin23-2048x1536.jpg 2048w\" sizes=\"auto, (max-width: 300px) 100vw, 300px\" \/><\/a><\/p>\n\n\n\n<p><\/p>\n\n\n\n\n\n<p><a href=\"http:\/\/bearndesgaves.fr\/ludotheque-tiptap\/files\/2023\/09\/aout20234-scaled.jpg\"><img loading=\"lazy\" decoding=\"async\" class=\"alignright size-medium wp-image-1727\" src=\"http:\/\/bearndesgaves.fr\/ludotheque-tiptap\/files\/2023\/09\/aout20234-300x237.jpg\" alt=\"\" width=\"300\" height=\"237\"><\/a><\/p>\n\n\n\n<h2 class=\"wp-block-heading\">Mercredi: 9h30-12h et 14h-18h<\/h2>\n\n\n\n<h2 class=\"wp-block-heading\">Jeudi : 9h30-12h : Bienvenue aux tout-petits et aux plus grands<br><\/h2>\n\n\n\n<h2 class=\"wp-block-heading\">Jeudi soir apr\u00e8s l&rsquo;\u00e9cole : 16h30-18h30<br><\/h2>\n\n\n\n<h2 class=\"wp-block-heading\">Samedi  en p\u00e9riode scolaire : 9h30-12h<br><br><\/h2>\n\n\n\n<h2 class=\"wp-block-heading\">et du lundi au vendredi des vacances scolaires<br>CLIQUER CI -DESSUS : ONGLET \u00ab\u00a0vacances\u00a0\u00bb<\/h2>\n\n\n\n<h1>Ferm\u00e9 les jours f\u00e9ri\u00e9s<\/h1>\n<h2><span style=\"color: #ff0000\">Pr\u00eat de jeux g\u00e9ants : 10 \u20ac\/ la semaine + 12 \u20ac (pour ceux qui n&rsquo;ont pas la formule annuelle).<\/span><\/h2>\n<h2><span style=\"color: #ff0000\"> Demandez notre catalogue \ud83d\ude42<\/span><\/h2>\n<p>&nbsp;<\/p>\n<h2>Pour info : une malle, 42 instruments , 6 semaines &nbsp;hors CCBG : 45 euros<\/h2>\n\n\n\n<p class=\"has-text-align-center\"><strong><span style=\"color:#ff6900\" class=\"tadv-color\"> 06 80 42 25 0<\/span><\/strong>7<\/p>\n\n\n\n<h2 class=\"wp-block-heading has-text-align-left\">Seuls <strong>les jeunes, \u00e0 partir de 11 ans, peuvent venir seuls ou entre copains (de 2 \u00e0 4) pour jouer ensemble \u00e0 la ludo \ud83d\ude42 Gratuit pour les adh\u00e9rents <\/strong><\/h2>\n\n\n\n<figure class=\"wp-block-image size-large is-resized\"><a href=\"https:\/\/www.facebook.com\/tiptapludo.theque.1\"><img decoding=\"async\" src=\"http:\/\/bearndesgaves.fr\/ludotheque-tiptap\/files\/2020\/06\/logo-facebook.jpg\" alt=\"\" class=\"wp-image-786\" style=\"width:67px;height:67px\" \/><\/a><\/figure>\n\n\n\n<h2 class=\"wp-block-heading has-luminous-vivid-orange-color has-text-color\">Le LAEP La Parent&rsquo;aise vous accueille, hors vacances,  \u00e0 Navarrenx le lundi 9h30-11h30 \u00e0 l&rsquo;espace jeunesse. <\/h2>\n\n\n\n<div class=\"wp-block-group\"><div class=\"wp-block-group__inner-container is-layout-flow wp-block-group-is-layout-flow\"><\/div><\/div>\n\n\n\n<div class=\"wp-block-group\"><div class=\"wp-block-group__inner-container is-layout-flow wp-block-group-is-layout-flow\">\n<p><\/p>\n<\/div><\/div>\n\n\n","protected":false},"excerpt":{"rendered":"<p>\u00a06 Rue de l&rsquo;abreuvoir . 64 190 NAVARRENX ; 06 80 42 25 07 OU 05 47 72 82 26. \u00a0 Pendant le vacances scolaires ( Vacances hiver, de printemps et juillet) ouvert du lundi au vendredi de 9h30 \u00e0 &hellip; <a class=\"more-link\" href=\"http:\/\/bearndesgaves.fr\/ludotheque-tiptap\/\">Continue reading <span class=\"meta-nav\">&rarr;<\/span><\/a><\/p>\n","protected":false},"author":1,"featured_media":0,"parent":0,"menu_order":0,"comment_status":"closed","ping_status":"open","template":"","meta":{"ngg_post_thumbnail":0,"footnotes":""},"class_list":["post-31","page","type-page","status-publish","hentry"],"yoast_head":"<!-- This site is optimized with the Yoast SEO plugin v15.6.2 - https:\/\/yoast.com\/wordpress\/plugins\/seo\/ -->\n<meta name=\"robots\" content=\"index, follow, max-snippet:-1, max-image-preview:large, max-video-preview:-1\" \/>\n<link rel=\"canonical\" href=\"http:\/\/bearndesgaves.fr\/ludotheque-tiptap\/\" \/>\n<meta property=\"og:locale\" content=\"fr_FR\" \/>\n<meta property=\"og:type\" content=\"article\" \/>\n<meta property=\"og:title\" content=\"Accueil - ludoth\u00e8que TIPTAP Navarrenx \u00e9dit\u00e9 par la CCCN chez 1&amp;1\" \/>\n<meta property=\"og:description\" content=\"\u00a06 Rue de l&rsquo;abreuvoir . 64 190 NAVARRENX ; 06 80 42 25 07 OU 05 47 72 82 26. \u00a0 Pendant le vacances scolaires ( Vacances hiver, de printemps et juillet) ouvert du lundi au vendredi de 9h30 \u00e0 &hellip; Continue reading &rarr;\" \/>\n<meta property=\"og:url\" content=\"http:\/\/bearndesgaves.fr\/ludotheque-tiptap\/\" \/>\n<meta property=\"og:site_name\" content=\"ludoth\u00e8que TIPTAP Navarrenx \u00e9dit\u00e9 par la CCCN chez 1&amp;1\" \/>\n<meta property=\"article:modified_time\" content=\"2026-02-10T09:11:41+00:00\" \/>\n<meta property=\"og:image\" content=\"http:\/\/bearndesgaves.fr\/ludotheque-tiptap\/files\/2023\/06\/19-juin23-300x225.jpg\" \/>\n<meta name=\"twitter:label1\" content=\"Dur\u00e9e de lecture est.\">\n\t<meta name=\"twitter:data1\" content=\"2 minutes\">\n<script type=\"application\/ld+json\" class=\"yoast-schema-graph\">{\"@context\":\"https:\/\/schema.org\",\"@graph\":[{\"@type\":\"WebSite\",\"@id\":\"http:\/\/bearndesgaves.fr\/ludotheque-tiptap\/#website\",\"url\":\"http:\/\/bearndesgaves.fr\/ludotheque-tiptap\/\",\"name\":\"ludoth\\u00e8que TIPTAP Navarrenx \\u00e9dit\\u00e9 par la CCCN chez 1&amp;1\",\"description\":\"\",\"potentialAction\":[{\"@type\":\"SearchAction\",\"target\":\"http:\/\/bearndesgaves.fr\/ludotheque-tiptap\/?s={search_term_string}\",\"query-input\":\"required name=search_term_string\"}],\"inLanguage\":\"fr-FR\"},{\"@type\":\"ImageObject\",\"@id\":\"http:\/\/bearndesgaves.fr\/ludotheque-tiptap\/#primaryimage\",\"inLanguage\":\"fr-FR\",\"url\":\"http:\/\/bearndesgaves.fr\/ludotheque-tiptap\/files\/2023\/06\/19-juin23-300x225.jpg\"},{\"@type\":\"WebPage\",\"@id\":\"http:\/\/bearndesgaves.fr\/ludotheque-tiptap\/#webpage\",\"url\":\"http:\/\/bearndesgaves.fr\/ludotheque-tiptap\/\",\"name\":\"Accueil - ludoth\\u00e8que TIPTAP Navarrenx \\u00e9dit\\u00e9 par la CCCN chez 1&amp;1\",\"isPartOf\":{\"@id\":\"http:\/\/bearndesgaves.fr\/ludotheque-tiptap\/#website\"},\"primaryImageOfPage\":{\"@id\":\"http:\/\/bearndesgaves.fr\/ludotheque-tiptap\/#primaryimage\"},\"datePublished\":\"2012-01-20T12:44:32+00:00\",\"dateModified\":\"2026-02-10T09:11:41+00:00\",\"inLanguage\":\"fr-FR\",\"potentialAction\":[{\"@type\":\"ReadAction\",\"target\":[\"http:\/\/bearndesgaves.fr\/ludotheque-tiptap\/\"]}]}]}<\/script>\n<!-- \/ Yoast SEO plugin. -->","_links":{"self":[{"href":"http:\/\/bearndesgaves.fr\/ludotheque-tiptap\/wp-json\/wp\/v2\/pages\/31","targetHints":{"allow":["GET"]}}],"collection":[{"href":"http:\/\/bearndesgaves.fr\/ludotheque-tiptap\/wp-json\/wp\/v2\/pages"}],"about":[{"href":"http:\/\/bearndesgaves.fr\/ludotheque-tiptap\/wp-json\/wp\/v2\/types\/page"}],"author":[{"embeddable":true,"href":"http:\/\/bearndesgaves.fr\/ludotheque-tiptap\/wp-json\/wp\/v2\/users\/1"}],"replies":[{"embeddable":true,"href":"http:\/\/bearndesgaves.fr\/ludotheque-tiptap\/wp-json\/wp\/v2\/comments?post=31"}],"version-history":[{"count":585,"href":"http:\/\/bearndesgaves.fr\/ludotheque-tiptap\/wp-json\/wp\/v2\/pages\/31\/revisions"}],"predecessor-version":[{"id":1957,"href":"http:\/\/bearndesgaves.fr\/ludotheque-tiptap\/wp-json\/wp\/v2\/pages\/31\/revisions\/1957"}],"wp:attachment":[{"href":"http:\/\/bearndesgaves.fr\/ludotheque-tiptap\/wp-json\/wp\/v2\/media?parent=31"}],"curies":[{"name":"wp","href":"https:\/\/api.w.org\/{rel}","templated":true}]}}