{"id":34,"date":"2012-01-20T13:54:30","date_gmt":"2012-01-20T12:54:30","guid":{"rendered":"http:\/\/bearndesgaves.fr\/ludotheque-tiptap\/"},"modified":"2026-01-21T14:22:05","modified_gmt":"2026-01-21T13:22:05","slug":"fonctionnement","status":"publish","type":"page","link":"http:\/\/bearndesgaves.fr\/ludotheque-tiptap\/fonctionnement\/","title":{"rendered":"TARIFS"},"content":{"rendered":"\n<p>Tarifs au 01\/01\/2026<\/p>\n<p>l&rsquo; adh\u00e9sion annuelle nominative permet de soutenir l&rsquo;association dans ses valeurs et sa d\u00e9marche 5 \u20ac\/ ann\u00e9e civile<\/p>\n<p>Nos valeurs:<\/p>\n<p>* la volont\u00e9 de proposer des petits prix pour l&rsquo;acc\u00e8s \u00e0 tous et \u00e0 tout \u00e2ge, \u00e0 pr\u00e8s de 1700 jeux avec des valeurs de respect et d&rsquo;entraide<\/p>\n<ul>\n<li>valoriser les int\u00e9ractions sociales positives et les rencontres interg\u00e9n\u00e9rationnelles par l&rsquo;activit\u00e9 de jeu<\/li>\n<li>la lutte conte la surconsommation et les d\u00e9chets de l&rsquo;industrie du jeu\/jouet gr\u00e2ce \u00e0 l&#8217;emprunt de jeux propres et entretenus<\/li>\n<li>la proposition d&rsquo;une alternative au tout-\u00ab\u00a0cran<\/li>\n<li>la valorisation de la culture par les jeux<\/li>\n<\/ul>\n\n\n\n<h2 class=\"wp-block-heading has-light-green-cyan-background-color has-background\"><strong>Les familles <\/strong>( jusqu&rsquo;\u00e0 6 enfants)<\/h2>\n\n\n\n<p>Accueil ponctuel \u00a0: une demi-journ\u00e9e\u00a0: 4 \u20ac\/ famille<\/p>\n\n\n\n<p>Formule ponctuelle \u00a0: 12 \u20ac<\/p>\n\n\n\n<p>Les formules donnent l\u2019acc\u00e8s libre et gratuit aux 1700 jeux de la ludoth\u00e8que et la possibilit\u00e9 d&#8217;emprunter .<\/p>\n\n\n\n<p>Formule annuelle\u00a0 25 euros \/ an ( avec 15 pr\u00eats gratuits d&rsquo;une semaine chaque jeu)<\/p>\n\n\n\n<p>Formule Assistante Maternelle et Assistantes familiales : 10 \u20ac\/an<\/p>\n\n\n\n<p>Anniversaire: le vendredi apr\u00e8s l \u00e9cole 16h30-18h30. 10 enfants maxi. 30 euros<\/p>\n\n\n\n<figure class=\"wp-block-image size-large is-style-rounded\"><a href=\"http:\/\/bearndesgaves.fr\/ludotheque-tiptap\/files\/2021\/05\/20210517_160211-scaled.jpg\"><img decoding=\"async\" src=\"http:\/\/bearndesgaves.fr\/ludotheque-tiptap\/files\/2021\/05\/20210517_160211-1024x768.jpg\" alt=\"\" class=\"wp-image-1114\" \/><\/a><\/figure>\n\n\n\n<h2 class=\"wp-block-heading\"><span style=\"background-color:#7bdcb5\" class=\"tadv-background-color\">     Les \u00e9coles<\/span><\/h2>\n\n\n\n<p><strong>R\u00e9server votre malle FUZEAU avec 42  instruments  pour l&rsquo;ann\u00e9e scolaire 2022\/2023 (6 semaines)  et une animation en classe d &lsquo;une heure avec la malle : 45 \u20ac<\/strong><\/p>\n\n\n\n<p>Formule collective : 45 euros\/ an avec 4 pr\u00eats choisis par les \u00e9coles renouvelables toute l&rsquo;ann\u00e9e.<\/p>\n\n\n\n<p>Adh\u00e9sion ponctuelle : 12 \u20ac (carte de 10 pr\u00eats = 10 \u20ac)<\/p>\n\n\n\n<p>Accueil de groupe sur RDV \u00a0 2 h de jeux sur place ( R\u00e9servation du lieu pour la classe) : 2 \u20ac\/enfant<\/p>\n\n\n\n<p class=\"has-vivid-green-cyan-background-color has-background\"> Nous avons l&rsquo;agr\u00e9ment jeunesse et \u00e9ducation populaire  et pouvons intervenir dans les \u00e9coles *<\/p>\n\n\n\n<p>*Nous consulter pour les diff\u00e9rents projets \ud83d\ude42 <\/p>\n\n\n\n<p>Pr\u00eats de jeux g\u00e9ants en bois,  Catalogue des 30 jeux sur demande<br>Le jeu surdimensionn\u00e9&nbsp;:&nbsp;&nbsp;&nbsp; 10 \u20ac<\/p>\n\n\n\n<h4 class=\"wp-block-heading\"><strong><em>Le jeu existe depuis des mill\u00e9naires. La ludoth\u00e8que Tip-Tap , espace culturel contemporain d\u00e9di\u00e9 au jeu, vous propose  <\/em><i>plus de 1500 r\u00e9f\u00e9rences, pour tous les \u00e2ges,  \u00e0 savourer sans mod\u00e9ration.<\/i> ( Arthur et Marie, Djeco, Smart Games, Haba, Space Co, Gigamic, Par lui-m\u00eame, Iello, Helvetiq, Mj Games, Okopix, Blue Orange, Coktail Games, Loki, Z-Man Games, Repos Production, Pretzel Games, etc.)<\/strong><\/h4>\n\n\n","protected":false},"excerpt":{"rendered":"<p>Tarifs au 01\/01\/2026 l&rsquo; adh\u00e9sion annuelle nominative permet de soutenir l&rsquo;association dans ses valeurs et sa d\u00e9marche 5 \u20ac\/ ann\u00e9e civile Nos valeurs: * la volont\u00e9 de proposer des petits prix pour l&rsquo;acc\u00e8s \u00e0 tous et \u00e0 tout \u00e2ge, \u00e0 &hellip; <a class=\"more-link\" href=\"http:\/\/bearndesgaves.fr\/ludotheque-tiptap\/fonctionnement\/\">Continue reading <span class=\"meta-nav\">&rarr;<\/span><\/a><\/p>\n","protected":false},"author":1,"featured_media":0,"parent":0,"menu_order":1,"comment_status":"closed","ping_status":"open","template":"","meta":{"ngg_post_thumbnail":0,"footnotes":""},"class_list":["post-34","page","type-page","status-publish","hentry"],"yoast_head":"<!-- This site is optimized with the Yoast SEO plugin v15.6.2 - https:\/\/yoast.com\/wordpress\/plugins\/seo\/ -->\n<meta name=\"robots\" content=\"index, follow, max-snippet:-1, max-image-preview:large, max-video-preview:-1\" \/>\n<link rel=\"canonical\" href=\"http:\/\/bearndesgaves.fr\/ludotheque-tiptap\/fonctionnement\/\" \/>\n<meta property=\"og:locale\" content=\"fr_FR\" \/>\n<meta property=\"og:type\" content=\"article\" \/>\n<meta property=\"og:title\" content=\"TARIFS - ludoth\u00e8que TIPTAP Navarrenx \u00e9dit\u00e9 par la CCCN chez 1&amp;1\" \/>\n<meta property=\"og:description\" content=\"Tarifs au 01\/01\/2026 l&rsquo; adh\u00e9sion annuelle nominative permet de soutenir l&rsquo;association dans ses valeurs et sa d\u00e9marche 5 \u20ac\/ ann\u00e9e civile Nos valeurs: * la volont\u00e9 de proposer des petits prix pour l&rsquo;acc\u00e8s \u00e0 tous et \u00e0 tout \u00e2ge, \u00e0 &hellip; Continue reading &rarr;\" \/>\n<meta property=\"og:url\" content=\"http:\/\/bearndesgaves.fr\/ludotheque-tiptap\/fonctionnement\/\" \/>\n<meta property=\"og:site_name\" content=\"ludoth\u00e8que TIPTAP Navarrenx \u00e9dit\u00e9 par la CCCN chez 1&amp;1\" \/>\n<meta property=\"article:modified_time\" content=\"2026-01-21T13:22:05+00:00\" \/>\n<meta property=\"og:image\" content=\"http:\/\/bearndesgaves.fr\/ludotheque-tiptap\/files\/2021\/05\/20210517_160211-1024x768.jpg\" \/>\n<meta name=\"twitter:label1\" content=\"Dur\u00e9e de lecture est.\">\n\t<meta name=\"twitter:data1\" content=\"2 minutes\">\n<script type=\"application\/ld+json\" class=\"yoast-schema-graph\">{\"@context\":\"https:\/\/schema.org\",\"@graph\":[{\"@type\":\"WebSite\",\"@id\":\"http:\/\/bearndesgaves.fr\/ludotheque-tiptap\/#website\",\"url\":\"http:\/\/bearndesgaves.fr\/ludotheque-tiptap\/\",\"name\":\"ludoth\\u00e8que TIPTAP Navarrenx \\u00e9dit\\u00e9 par la CCCN chez 1&amp;1\",\"description\":\"\",\"potentialAction\":[{\"@type\":\"SearchAction\",\"target\":\"http:\/\/bearndesgaves.fr\/ludotheque-tiptap\/?s={search_term_string}\",\"query-input\":\"required name=search_term_string\"}],\"inLanguage\":\"fr-FR\"},{\"@type\":\"ImageObject\",\"@id\":\"http:\/\/bearndesgaves.fr\/ludotheque-tiptap\/fonctionnement\/#primaryimage\",\"inLanguage\":\"fr-FR\",\"url\":\"http:\/\/bearndesgaves.fr\/ludotheque-tiptap\/files\/2021\/05\/20210517_160211-1024x768.jpg\"},{\"@type\":\"WebPage\",\"@id\":\"http:\/\/bearndesgaves.fr\/ludotheque-tiptap\/fonctionnement\/#webpage\",\"url\":\"http:\/\/bearndesgaves.fr\/ludotheque-tiptap\/fonctionnement\/\",\"name\":\"TARIFS - ludoth\\u00e8que TIPTAP Navarrenx \\u00e9dit\\u00e9 par la CCCN chez 1&amp;1\",\"isPartOf\":{\"@id\":\"http:\/\/bearndesgaves.fr\/ludotheque-tiptap\/#website\"},\"primaryImageOfPage\":{\"@id\":\"http:\/\/bearndesgaves.fr\/ludotheque-tiptap\/fonctionnement\/#primaryimage\"},\"datePublished\":\"2012-01-20T12:54:30+00:00\",\"dateModified\":\"2026-01-21T13:22:05+00:00\",\"inLanguage\":\"fr-FR\",\"potentialAction\":[{\"@type\":\"ReadAction\",\"target\":[\"http:\/\/bearndesgaves.fr\/ludotheque-tiptap\/fonctionnement\/\"]}]}]}<\/script>\n<!-- \/ Yoast SEO plugin. -->","_links":{"self":[{"href":"http:\/\/bearndesgaves.fr\/ludotheque-tiptap\/wp-json\/wp\/v2\/pages\/34","targetHints":{"allow":["GET"]}}],"collection":[{"href":"http:\/\/bearndesgaves.fr\/ludotheque-tiptap\/wp-json\/wp\/v2\/pages"}],"about":[{"href":"http:\/\/bearndesgaves.fr\/ludotheque-tiptap\/wp-json\/wp\/v2\/types\/page"}],"author":[{"embeddable":true,"href":"http:\/\/bearndesgaves.fr\/ludotheque-tiptap\/wp-json\/wp\/v2\/users\/1"}],"replies":[{"embeddable":true,"href":"http:\/\/bearndesgaves.fr\/ludotheque-tiptap\/wp-json\/wp\/v2\/comments?post=34"}],"version-history":[{"count":51,"href":"http:\/\/bearndesgaves.fr\/ludotheque-tiptap\/wp-json\/wp\/v2\/pages\/34\/revisions"}],"predecessor-version":[{"id":1947,"href":"http:\/\/bearndesgaves.fr\/ludotheque-tiptap\/wp-json\/wp\/v2\/pages\/34\/revisions\/1947"}],"wp:attachment":[{"href":"http:\/\/bearndesgaves.fr\/ludotheque-tiptap\/wp-json\/wp\/v2\/media?parent=34"}],"curies":[{"name":"wp","href":"https:\/\/api.w.org\/{rel}","templated":true}]}}