{"id":57,"date":"2012-01-26T15:41:13","date_gmt":"2012-01-26T14:41:13","guid":{"rendered":"http:\/\/bearndesgaves.fr\/ludotheque-tiptap\/"},"modified":"2026-01-21T15:15:59","modified_gmt":"2026-01-21T14:15:59","slug":"services","status":"publish","type":"page","link":"http:\/\/bearndesgaves.fr\/ludotheque-tiptap\/services\/","title":{"rendered":"AUTRES"},"content":{"rendered":"<p><strong>Nos perspectives<\/strong><\/p>\n<p>Travaillant minutieusement sur l&rsquo;activit\u00e9 de jeu et les objets en lien, nous proposons actuellement\u00a0 plus de 1 700 jeux. Bien que le plaisir ludique soit toujours dans la gratuit\u00e9 de l&rsquo;activit\u00e9, nous pouvons jouer en utilisant des comp\u00e9tences sensori- motrices et cognitives tr\u00e8s diff\u00e9rentes. Ainsi, familles, travailleurs sociaux du secteur de l&rsquo;animation, de l&rsquo;\u00e9ducation ou du champ m\u00e9dical trouvent des supports agr\u00e9ables\u00a0 pouvant s&rsquo;int\u00e9grer dans leur d\u00e9sir ou leur travail sur l&rsquo;\u00e9panouissement individuel. N&rsquo;oublions pas que les objets offrent par leur volume en 3D, leur mati\u00e8re, leur poids et leur texture une dimension suppl\u00e9mentaire \u00e0 tous les \u00e9crans, m\u00eame si ceux ci proposent des programmes dits \u00ab\u00a0p\u00e9dagogiques\u00a0\u00bb ou encore \u00ab\u00a0\u00e9ducatifs \u00ab\u00a0.<\/p>\n<p><strong>HISTORIQUE<\/strong><\/p>\n<p>La ludoth\u00e8que TIP-TAP est une association cr\u00e9\u00e9e en septembre 1997. Apr\u00e8s quelques ann\u00e9es actives sur la commune de Jasses ( 64190), elle est\u00a0 situ\u00e9e depuis 2008 au premier \u00e9tage de l\u2019espace jeunesse \u00e0 Navarrenx ( acc\u00e8s avec ascenseur ).<\/p>\n<p>Avec un agr\u00e9ment jeunesse et \u00e9ducation populaire, TIP-TAP est g\u00e9r\u00e9 par une \u00e9quipe de b\u00e9n\u00e9voles et fonctionne pour le moment avec une ludoth\u00e9caire et une animatrice en ludoth\u00e8que, dans des locaux mis gracieusement \u00e0 disposition par la CCBG.<br \/>\nLa ludoth\u00e8que n\u2019est pas territorialis\u00e9e, si bien qu\u2019il y a\u00a0 aussi des adh\u00e9rents venant d\u2019assez loin, pour beaucoup des cantons de Monein, d\u2019Oloron- Sainte-Marie , de Tardets, Maul\u00e9on, Orthez,\u00a0 Sauveterre de B\u00e9arn, etc.<br \/>\nLa ludoth\u00e8que est destin\u00e9e \u00e0 tous les publics, du premier \u00e2ge aux adolescents, aux personnes \u00e2g\u00e9es et \u00e0 celles qui sont en situation de handicap.<\/p>\n<p><strong>BUTS<\/strong><\/p>\n<p>Etant une association \u00e0 vocation culturelle, son but est de cr\u00e9er, animer et d\u00e9velopper des temps d\u2019activit\u00e9s ludiques pour tous, en explorant tant les facettes th\u00e9oriques que les aspects li\u00e9s \u00e0 la pratique de jeux.<br \/>\nCr\u00e9er une ambiance favorable au jeu, voici un d\u00e9fi que nous aimons relever \u2026.<\/p>\n<p>Les 1700 jeux sont r\u00e9pertori\u00e9s par familles suivant les grandes lignes de la classification ESAR<br \/>\nEXERCICE\u00a0 ( ex\u00a0: Jeux d\u2019\u00e9veil sensoriels, de motricit\u00e9 fine, etc\u2026)<br \/>\nSYMBOLIQUE (ex\u00a0: jeux de repr\u00e9sentation, avec ou sans figurines, Jeux de r\u00f4les, etc\u2026)<br \/>\nASSEMBLAGE<br \/>\nREGLES SIMPLE ET COMPLEXE<br \/>\nDans chaque cat\u00e9gorie le degr\u00e9 de complexit\u00e9 va du joueur d\u00e9butant au joueur exp\u00e9riment\u00e9.<br \/>\nPour plus d\u2019informations, n\u2019h\u00e9sitez pas\u00a0 \u00e0 prendre contact avec nous.<\/p>\n<p>Ce sont aussi bien des jeux traditionnels que des nouveaut\u00e9s s\u00e9lectionn\u00e9es pour leur ressort ludique, leur graphisme de grande qualit\u00e9, ou leur mat\u00e9riel agr\u00e9able \u00e0 jouer. A vis\u00e9e d&rsquo;apprentissage des fonctions sensori-motrices, cognitives ou sociales, l&rsquo;activit\u00e9 de jeu est aussi tr\u00e8s pertinente dans la pr\u00e9vention des conflits.<\/p>\n<p><span style=\"background-color: #000000\"><span style=\"color: #ffffff\"><strong>ACTIVITES<\/strong><\/span><\/span><\/p>\n<p>Adresse : 6 rue de l&rsquo;Abreuvoir 64190 Navarrenx<\/p>\n","protected":false},"excerpt":{"rendered":"<p>Nos perspectives Travaillant minutieusement sur l&rsquo;activit\u00e9 de jeu et les objets en lien, nous proposons actuellement\u00a0 plus de 1 700 jeux. Bien que le plaisir ludique soit toujours dans la gratuit\u00e9 de l&rsquo;activit\u00e9, nous pouvons jouer en utilisant des comp\u00e9tences &hellip; <a class=\"more-link\" href=\"http:\/\/bearndesgaves.fr\/ludotheque-tiptap\/services\/\">Continue reading <span class=\"meta-nav\">&rarr;<\/span><\/a><\/p>\n","protected":false},"author":1,"featured_media":0,"parent":0,"menu_order":2,"comment_status":"closed","ping_status":"open","template":"","meta":{"ngg_post_thumbnail":0,"footnotes":""},"class_list":["post-57","page","type-page","status-publish","hentry"],"yoast_head":"<!-- This site is optimized with the Yoast SEO plugin v15.6.2 - https:\/\/yoast.com\/wordpress\/plugins\/seo\/ -->\n<meta name=\"robots\" content=\"index, follow, max-snippet:-1, max-image-preview:large, max-video-preview:-1\" \/>\n<link rel=\"canonical\" href=\"http:\/\/bearndesgaves.fr\/ludotheque-tiptap\/services\/\" \/>\n<meta property=\"og:locale\" content=\"fr_FR\" \/>\n<meta property=\"og:type\" content=\"article\" \/>\n<meta property=\"og:title\" content=\"AUTRES - ludoth\u00e8que TIPTAP Navarrenx \u00e9dit\u00e9 par la CCCN chez 1&amp;1\" \/>\n<meta property=\"og:description\" content=\"Nos perspectives Travaillant minutieusement sur l&rsquo;activit\u00e9 de jeu et les objets en lien, nous proposons actuellement\u00a0 plus de 1 700 jeux. Bien que le plaisir ludique soit toujours dans la gratuit\u00e9 de l&rsquo;activit\u00e9, nous pouvons jouer en utilisant des comp\u00e9tences &hellip; Continue reading &rarr;\" \/>\n<meta property=\"og:url\" content=\"http:\/\/bearndesgaves.fr\/ludotheque-tiptap\/services\/\" \/>\n<meta property=\"og:site_name\" content=\"ludoth\u00e8que TIPTAP Navarrenx \u00e9dit\u00e9 par la CCCN chez 1&amp;1\" \/>\n<meta property=\"article:modified_time\" content=\"2026-01-21T14:15:59+00:00\" \/>\n<meta name=\"twitter:label1\" content=\"Dur\u00e9e de lecture est.\">\n\t<meta name=\"twitter:data1\" content=\"2 minutes\">\n<script type=\"application\/ld+json\" class=\"yoast-schema-graph\">{\"@context\":\"https:\/\/schema.org\",\"@graph\":[{\"@type\":\"WebSite\",\"@id\":\"http:\/\/bearndesgaves.fr\/ludotheque-tiptap\/#website\",\"url\":\"http:\/\/bearndesgaves.fr\/ludotheque-tiptap\/\",\"name\":\"ludoth\\u00e8que TIPTAP Navarrenx \\u00e9dit\\u00e9 par la CCCN chez 1&amp;1\",\"description\":\"\",\"potentialAction\":[{\"@type\":\"SearchAction\",\"target\":\"http:\/\/bearndesgaves.fr\/ludotheque-tiptap\/?s={search_term_string}\",\"query-input\":\"required name=search_term_string\"}],\"inLanguage\":\"fr-FR\"},{\"@type\":\"WebPage\",\"@id\":\"http:\/\/bearndesgaves.fr\/ludotheque-tiptap\/services\/#webpage\",\"url\":\"http:\/\/bearndesgaves.fr\/ludotheque-tiptap\/services\/\",\"name\":\"AUTRES - ludoth\\u00e8que TIPTAP Navarrenx \\u00e9dit\\u00e9 par la CCCN chez 1&amp;1\",\"isPartOf\":{\"@id\":\"http:\/\/bearndesgaves.fr\/ludotheque-tiptap\/#website\"},\"datePublished\":\"2012-01-26T14:41:13+00:00\",\"dateModified\":\"2026-01-21T14:15:59+00:00\",\"inLanguage\":\"fr-FR\",\"potentialAction\":[{\"@type\":\"ReadAction\",\"target\":[\"http:\/\/bearndesgaves.fr\/ludotheque-tiptap\/services\/\"]}]}]}<\/script>\n<!-- \/ Yoast SEO plugin. -->","_links":{"self":[{"href":"http:\/\/bearndesgaves.fr\/ludotheque-tiptap\/wp-json\/wp\/v2\/pages\/57","targetHints":{"allow":["GET"]}}],"collection":[{"href":"http:\/\/bearndesgaves.fr\/ludotheque-tiptap\/wp-json\/wp\/v2\/pages"}],"about":[{"href":"http:\/\/bearndesgaves.fr\/ludotheque-tiptap\/wp-json\/wp\/v2\/types\/page"}],"author":[{"embeddable":true,"href":"http:\/\/bearndesgaves.fr\/ludotheque-tiptap\/wp-json\/wp\/v2\/users\/1"}],"replies":[{"embeddable":true,"href":"http:\/\/bearndesgaves.fr\/ludotheque-tiptap\/wp-json\/wp\/v2\/comments?post=57"}],"version-history":[{"count":23,"href":"http:\/\/bearndesgaves.fr\/ludotheque-tiptap\/wp-json\/wp\/v2\/pages\/57\/revisions"}],"predecessor-version":[{"id":1954,"href":"http:\/\/bearndesgaves.fr\/ludotheque-tiptap\/wp-json\/wp\/v2\/pages\/57\/revisions\/1954"}],"wp:attachment":[{"href":"http:\/\/bearndesgaves.fr\/ludotheque-tiptap\/wp-json\/wp\/v2\/media?parent=57"}],"curies":[{"name":"wp","href":"https:\/\/api.w.org\/{rel}","templated":true}]}}