{"id":1426,"date":"2016-03-04T12:13:20","date_gmt":"2016-03-04T12:13:20","guid":{"rendered":"http:\/\/bearndesgaves.fr\/voixdelabastidedenavarrenx\/?page_id=1426"},"modified":"2017-05-25T06:19:46","modified_gmt":"2017-05-25T06:19:46","slug":"assemblee-generale-du-4-fevrier-2016","status":"publish","type":"page","link":"http:\/\/bearndesgaves.fr\/voixdelabastidedenavarrenx\/assemblee-generale-du-4-fevrier-2016\/","title":{"rendered":"Vie de l&rsquo;Association"},"content":{"rendered":"<p>Notre chorale \u00ab\u00a0Les voix de la Bastide\u00a0\u00bb participe \u00e0 des aventures qui r\u00e9unissent 200 choristes locaux autour d&rsquo;artistes de renom !.<\/p>\n<p><strong>\u00ab\u00a0Hugues Aufray\u00a0\u00bb avec les 200 choristes<br \/>\n<\/strong><span style=\"color: #ff0000;\">Samedi 05 Ao\u00fbt 2017 \u00e0 20 h &#8211; Parc du ch\u00e2teau de L\u00e0as.<\/span><br \/>\n<strong>\u00ab\u00a0I Muvrini et les 200 choristes\u00a0\u00bb<br \/>\n<\/strong>Jeudi 28 Juillet 2016 \u00e0 20 h &#8211; Parc du ch\u00e2teau de L\u00e0as.<\/p>\n","protected":false},"excerpt":{"rendered":"<p>Notre chorale \u00ab\u00a0Les voix de la Bastide\u00a0\u00bb participe \u00e0 des aventures qui r\u00e9unissent 200 choristes locaux autour d&rsquo;artistes de renom !. \u00ab\u00a0Hugues Aufray\u00a0\u00bb avec les 200 choristes Samedi 05 Ao\u00fbt 2017 \u00e0 20 h &#8211; Parc du ch\u00e2teau de L\u00e0as. &hellip; <a class=\"more-link\" href=\"http:\/\/bearndesgaves.fr\/voixdelabastidedenavarrenx\/assemblee-generale-du-4-fevrier-2016\/\">Continue reading <span class=\"meta-nav\">&rarr;<\/span><\/a><\/p>\n","protected":false},"author":37,"featured_media":0,"parent":0,"menu_order":5,"comment_status":"closed","ping_status":"closed","template":"","meta":{"ngg_post_thumbnail":0,"footnotes":""},"class_list":["post-1426","page","type-page","status-publish","hentry"],"yoast_head":"<!-- This site is optimized with the Yoast SEO plugin v15.6.2 - https:\/\/yoast.com\/wordpress\/plugins\/seo\/ -->\n<title>Vie de l&#039;Association - Voix de la Bastide de Navarrenx \u00e9dit\u00e9 par la CCCN chez 1&amp;1<\/title>\n<meta name=\"robots\" content=\"index, follow, max-snippet:-1, max-image-preview:large, max-video-preview:-1\" \/>\n<link rel=\"canonical\" href=\"http:\/\/bearndesgaves.fr\/voixdelabastidedenavarrenx\/assemblee-generale-du-4-fevrier-2016\/\" \/>\n<meta property=\"og:locale\" content=\"fr_FR\" \/>\n<meta property=\"og:type\" content=\"article\" \/>\n<meta property=\"og:title\" content=\"Vie de l&#039;Association - Voix de la Bastide de Navarrenx \u00e9dit\u00e9 par la CCCN chez 1&amp;1\" \/>\n<meta property=\"og:description\" content=\"Notre chorale \u00ab\u00a0Les voix de la Bastide\u00a0\u00bb participe \u00e0 des aventures qui r\u00e9unissent 200 choristes locaux autour d&rsquo;artistes de renom !. \u00ab\u00a0Hugues Aufray\u00a0\u00bb avec les 200 choristes Samedi 05 Ao\u00fbt 2017 \u00e0 20 h &#8211; Parc du ch\u00e2teau de L\u00e0as. &hellip; Continue reading &rarr;\" \/>\n<meta property=\"og:url\" content=\"http:\/\/bearndesgaves.fr\/voixdelabastidedenavarrenx\/assemblee-generale-du-4-fevrier-2016\/\" \/>\n<meta property=\"og:site_name\" content=\"Voix de la Bastide de Navarrenx \u00e9dit\u00e9 par la CCCN chez 1&amp;1\" \/>\n<meta property=\"article:modified_time\" content=\"2017-05-25T06:19:46+00:00\" \/>\n<script type=\"application\/ld+json\" class=\"yoast-schema-graph\">{\"@context\":\"https:\/\/schema.org\",\"@graph\":[{\"@type\":\"WebSite\",\"@id\":\"http:\/\/bearndesgaves.fr\/voixdelabastidedenavarrenx\/#website\",\"url\":\"http:\/\/bearndesgaves.fr\/voixdelabastidedenavarrenx\/\",\"name\":\"Voix de la Bastide de Navarrenx \\u00e9dit\\u00e9 par la CCCN chez 1&amp;1\",\"description\":\"\",\"potentialAction\":[{\"@type\":\"SearchAction\",\"target\":\"http:\/\/bearndesgaves.fr\/voixdelabastidedenavarrenx\/?s={search_term_string}\",\"query-input\":\"required name=search_term_string\"}],\"inLanguage\":\"fr-FR\"},{\"@type\":\"WebPage\",\"@id\":\"http:\/\/bearndesgaves.fr\/voixdelabastidedenavarrenx\/assemblee-generale-du-4-fevrier-2016\/#webpage\",\"url\":\"http:\/\/bearndesgaves.fr\/voixdelabastidedenavarrenx\/assemblee-generale-du-4-fevrier-2016\/\",\"name\":\"Vie de l'Association - Voix de la Bastide de Navarrenx \\u00e9dit\\u00e9 par la CCCN chez 1&amp;1\",\"isPartOf\":{\"@id\":\"http:\/\/bearndesgaves.fr\/voixdelabastidedenavarrenx\/#website\"},\"datePublished\":\"2016-03-04T12:13:20+00:00\",\"dateModified\":\"2017-05-25T06:19:46+00:00\",\"inLanguage\":\"fr-FR\",\"potentialAction\":[{\"@type\":\"ReadAction\",\"target\":[\"http:\/\/bearndesgaves.fr\/voixdelabastidedenavarrenx\/assemblee-generale-du-4-fevrier-2016\/\"]}]}]}<\/script>\n<!-- \/ Yoast SEO plugin. -->","_links":{"self":[{"href":"http:\/\/bearndesgaves.fr\/voixdelabastidedenavarrenx\/wp-json\/wp\/v2\/pages\/1426","targetHints":{"allow":["GET"]}}],"collection":[{"href":"http:\/\/bearndesgaves.fr\/voixdelabastidedenavarrenx\/wp-json\/wp\/v2\/pages"}],"about":[{"href":"http:\/\/bearndesgaves.fr\/voixdelabastidedenavarrenx\/wp-json\/wp\/v2\/types\/page"}],"author":[{"embeddable":true,"href":"http:\/\/bearndesgaves.fr\/voixdelabastidedenavarrenx\/wp-json\/wp\/v2\/users\/37"}],"replies":[{"embeddable":true,"href":"http:\/\/bearndesgaves.fr\/voixdelabastidedenavarrenx\/wp-json\/wp\/v2\/comments?post=1426"}],"version-history":[{"count":8,"href":"http:\/\/bearndesgaves.fr\/voixdelabastidedenavarrenx\/wp-json\/wp\/v2\/pages\/1426\/revisions"}],"predecessor-version":[{"id":1754,"href":"http:\/\/bearndesgaves.fr\/voixdelabastidedenavarrenx\/wp-json\/wp\/v2\/pages\/1426\/revisions\/1754"}],"wp:attachment":[{"href":"http:\/\/bearndesgaves.fr\/voixdelabastidedenavarrenx\/wp-json\/wp\/v2\/media?parent=1426"}],"curies":[{"name":"wp","href":"https:\/\/api.w.org\/{rel}","templated":true}]}}