{"id":1693,"date":"2017-01-27T16:52:18","date_gmt":"2017-01-27T16:52:18","guid":{"rendered":"http:\/\/bearndesgaves.fr\/voixdelabastidedenavarrenx\/?page_id=1693"},"modified":"2017-12-20T16:32:51","modified_gmt":"2017-12-20T16:32:51","slug":"octobre-2016-concert-a-espes","status":"publish","type":"page","link":"http:\/\/bearndesgaves.fr\/voixdelabastidedenavarrenx\/photos\/octobre-2016-concert-a-espes\/","title":{"rendered":"Octobre 2016 Concert \u00e0 Esp\u00e8s"},"content":{"rendered":"<p><span style=\"text-decoration: underline\"><strong>CLIQUEZ ci dessous sur<\/strong><\/span> Diaporama<\/p><!-- index.php -->\n<div\n\tclass=\"ngg-galleryoverview ngg-ajax-pagination-none\"\n\tid=\"ngg-gallery-a0dd37b2bc36537ae96f005777a232bf-1\">\n\n    \t\t<!-- Thumbnails -->\n\t\t\t\t<div id=\"ngg-image-0\" class=\"ngg-gallery-thumbnail-box\" >\n\t\t\t\t        <div class=\"ngg-gallery-thumbnail\">\n            <a href=\"http:\/\/bearndesgaves.fr\/voixdelabastidedenavarrenx\/wp-content\/blogs.dir\/54\/files\/octobre-2016-concert-espes\/1-Copier.JPG\"\n               title=\"\"\n               data-src=\"http:\/\/bearndesgaves.fr\/voixdelabastidedenavarrenx\/wp-content\/blogs.dir\/54\/files\/octobre-2016-concert-espes\/1-Copier.JPG\"\n               data-thumbnail=\"http:\/\/bearndesgaves.fr\/voixdelabastidedenavarrenx\/wp-content\/blogs.dir\/54\/files\/octobre-2016-concert-espes\/thumbs\/thumbs_1-Copier.JPG\"\n               data-image-id=\"397\"\n               data-title=\"1 (Copier)\"\n               data-description=\"\"\n               data-image-slug=\"1-copier\"\n               class=\"shutterset_a0dd37b2bc36537ae96f005777a232bf\">\n                <img\n                    title=\"1 (Copier)\"\n                    alt=\"1 (Copier)\"\n                    src=\"http:\/\/bearndesgaves.fr\/voixdelabastidedenavarrenx\/wp-content\/blogs.dir\/54\/files\/octobre-2016-concert-espes\/thumbs\/thumbs_1-Copier.JPG\"\n                    width=\"120\"\n                    height=\"90\"\n                    style=\"max-width:100%;\"\n                \/>\n            <\/a>\n        <\/div>\n\t\t\t\t\t\t\t<\/div> \n\t\t\t\n        \n\t\t\t\t<div id=\"ngg-image-1\" class=\"ngg-gallery-thumbnail-box\" >\n\t\t\t\t        <div class=\"ngg-gallery-thumbnail\">\n            <a href=\"http:\/\/bearndesgaves.fr\/voixdelabastidedenavarrenx\/wp-content\/blogs.dir\/54\/files\/octobre-2016-concert-espes\/2-Copier.jpg\"\n               title=\"\"\n               data-src=\"http:\/\/bearndesgaves.fr\/voixdelabastidedenavarrenx\/wp-content\/blogs.dir\/54\/files\/octobre-2016-concert-espes\/2-Copier.jpg\"\n               data-thumbnail=\"http:\/\/bearndesgaves.fr\/voixdelabastidedenavarrenx\/wp-content\/blogs.dir\/54\/files\/octobre-2016-concert-espes\/thumbs\/thumbs_2-Copier.jpg\"\n               data-image-id=\"398\"\n               data-title=\"2 (Copier)\"\n               data-description=\"\"\n               data-image-slug=\"2-copier\"\n               class=\"shutterset_a0dd37b2bc36537ae96f005777a232bf\">\n                <img\n                    title=\"2 (Copier)\"\n                    alt=\"2 (Copier)\"\n                    src=\"http:\/\/bearndesgaves.fr\/voixdelabastidedenavarrenx\/wp-content\/blogs.dir\/54\/files\/octobre-2016-concert-espes\/thumbs\/thumbs_2-Copier.jpg\"\n                    width=\"120\"\n                    height=\"90\"\n                    style=\"max-width:100%;\"\n                \/>\n            <\/a>\n        <\/div>\n\t\t\t\t\t\t\t<\/div> \n\t\t\t\n        \n\t\t\t\t<div id=\"ngg-image-2\" class=\"ngg-gallery-thumbnail-box\" >\n\t\t\t\t        <div class=\"ngg-gallery-thumbnail\">\n            <a href=\"http:\/\/bearndesgaves.fr\/voixdelabastidedenavarrenx\/wp-content\/blogs.dir\/54\/files\/octobre-2016-concert-espes\/3-Copier.JPG\"\n               title=\"\"\n               data-src=\"http:\/\/bearndesgaves.fr\/voixdelabastidedenavarrenx\/wp-content\/blogs.dir\/54\/files\/octobre-2016-concert-espes\/3-Copier.JPG\"\n               data-thumbnail=\"http:\/\/bearndesgaves.fr\/voixdelabastidedenavarrenx\/wp-content\/blogs.dir\/54\/files\/octobre-2016-concert-espes\/thumbs\/thumbs_3-Copier.JPG\"\n               data-image-id=\"399\"\n               data-title=\"3 (Copier)\"\n               data-description=\"\"\n               data-image-slug=\"3-copier\"\n               class=\"shutterset_a0dd37b2bc36537ae96f005777a232bf\">\n                <img\n                    title=\"3 (Copier)\"\n                    alt=\"3 (Copier)\"\n                    src=\"http:\/\/bearndesgaves.fr\/voixdelabastidedenavarrenx\/wp-content\/blogs.dir\/54\/files\/octobre-2016-concert-espes\/thumbs\/thumbs_3-Copier.JPG\"\n                    width=\"120\"\n                    height=\"90\"\n                    style=\"max-width:100%;\"\n                \/>\n            <\/a>\n        <\/div>\n\t\t\t\t\t\t\t<\/div> \n\t\t\t\n        \n\t\t\t\t<div id=\"ngg-image-3\" class=\"ngg-gallery-thumbnail-box\" >\n\t\t\t\t        <div class=\"ngg-gallery-thumbnail\">\n            <a href=\"http:\/\/bearndesgaves.fr\/voixdelabastidedenavarrenx\/wp-content\/blogs.dir\/54\/files\/octobre-2016-concert-espes\/4-Copier.jpg\"\n               title=\"\"\n               data-src=\"http:\/\/bearndesgaves.fr\/voixdelabastidedenavarrenx\/wp-content\/blogs.dir\/54\/files\/octobre-2016-concert-espes\/4-Copier.jpg\"\n               data-thumbnail=\"http:\/\/bearndesgaves.fr\/voixdelabastidedenavarrenx\/wp-content\/blogs.dir\/54\/files\/octobre-2016-concert-espes\/thumbs\/thumbs_4-Copier.jpg\"\n               data-image-id=\"400\"\n               data-title=\"4 (Copier)\"\n               data-description=\"\"\n               data-image-slug=\"4-copier\"\n               class=\"shutterset_a0dd37b2bc36537ae96f005777a232bf\">\n                <img\n                    title=\"4 (Copier)\"\n                    alt=\"4 (Copier)\"\n                    src=\"http:\/\/bearndesgaves.fr\/voixdelabastidedenavarrenx\/wp-content\/blogs.dir\/54\/files\/octobre-2016-concert-espes\/thumbs\/thumbs_4-Copier.jpg\"\n                    width=\"120\"\n                    height=\"90\"\n                    style=\"max-width:100%;\"\n                \/>\n            <\/a>\n        <\/div>\n\t\t\t\t\t\t\t<\/div> \n\t\t\t\n        \n\t\t\n\t\t<!-- Pagination -->\n\t<div class='ngg-clear'><\/div>\t<\/div>\n","protected":false},"excerpt":{"rendered":"<p>CLIQUEZ ci dessous sur Diaporama<\/p>\n","protected":false},"author":1,"featured_media":0,"parent":456,"menu_order":12,"comment_status":"closed","ping_status":"closed","template":"","meta":{"ngg_post_thumbnail":0,"footnotes":""},"class_list":["post-1693","page","type-page","status-publish","hentry"],"yoast_head":"<!-- This site is optimized with the Yoast SEO plugin v15.6.2 - https:\/\/yoast.com\/wordpress\/plugins\/seo\/ -->\n<title>Octobre 2016 Concert \u00e0 Esp\u00e8s - Voix de la Bastide de Navarrenx \u00e9dit\u00e9 par la CCCN chez 1&amp;1<\/title>\n<meta name=\"robots\" content=\"index, follow, max-snippet:-1, max-image-preview:large, max-video-preview:-1\" \/>\n<link rel=\"canonical\" href=\"http:\/\/bearndesgaves.fr\/voixdelabastidedenavarrenx\/photos\/octobre-2016-concert-a-espes\/\" \/>\n<meta property=\"og:locale\" content=\"fr_FR\" \/>\n<meta property=\"og:type\" content=\"article\" \/>\n<meta property=\"og:title\" content=\"Octobre 2016 Concert \u00e0 Esp\u00e8s - Voix de la Bastide de Navarrenx \u00e9dit\u00e9 par la CCCN chez 1&amp;1\" \/>\n<meta property=\"og:description\" content=\"CLIQUEZ ci dessous sur Diaporama\" \/>\n<meta property=\"og:url\" content=\"http:\/\/bearndesgaves.fr\/voixdelabastidedenavarrenx\/photos\/octobre-2016-concert-a-espes\/\" \/>\n<meta property=\"og:site_name\" content=\"Voix de la Bastide de Navarrenx \u00e9dit\u00e9 par la CCCN chez 1&amp;1\" \/>\n<meta property=\"article:modified_time\" content=\"2017-12-20T16:32:51+00:00\" \/>\n<script type=\"application\/ld+json\" class=\"yoast-schema-graph\">{\"@context\":\"https:\/\/schema.org\",\"@graph\":[{\"@type\":\"WebSite\",\"@id\":\"http:\/\/bearndesgaves.fr\/voixdelabastidedenavarrenx\/#website\",\"url\":\"http:\/\/bearndesgaves.fr\/voixdelabastidedenavarrenx\/\",\"name\":\"Voix de la Bastide de Navarrenx \\u00e9dit\\u00e9 par la CCCN chez 1&amp;1\",\"description\":\"\",\"potentialAction\":[{\"@type\":\"SearchAction\",\"target\":\"http:\/\/bearndesgaves.fr\/voixdelabastidedenavarrenx\/?s={search_term_string}\",\"query-input\":\"required name=search_term_string\"}],\"inLanguage\":\"fr-FR\"},{\"@type\":\"WebPage\",\"@id\":\"http:\/\/bearndesgaves.fr\/voixdelabastidedenavarrenx\/photos\/octobre-2016-concert-a-espes\/#webpage\",\"url\":\"http:\/\/bearndesgaves.fr\/voixdelabastidedenavarrenx\/photos\/octobre-2016-concert-a-espes\/\",\"name\":\"Octobre 2016 Concert \\u00e0 Esp\\u00e8s - Voix de la Bastide de Navarrenx \\u00e9dit\\u00e9 par la CCCN chez 1&amp;1\",\"isPartOf\":{\"@id\":\"http:\/\/bearndesgaves.fr\/voixdelabastidedenavarrenx\/#website\"},\"datePublished\":\"2017-01-27T16:52:18+00:00\",\"dateModified\":\"2017-12-20T16:32:51+00:00\",\"inLanguage\":\"fr-FR\",\"potentialAction\":[{\"@type\":\"ReadAction\",\"target\":[\"http:\/\/bearndesgaves.fr\/voixdelabastidedenavarrenx\/photos\/octobre-2016-concert-a-espes\/\"]}]}]}<\/script>\n<!-- \/ Yoast SEO plugin. -->","_links":{"self":[{"href":"http:\/\/bearndesgaves.fr\/voixdelabastidedenavarrenx\/wp-json\/wp\/v2\/pages\/1693","targetHints":{"allow":["GET"]}}],"collection":[{"href":"http:\/\/bearndesgaves.fr\/voixdelabastidedenavarrenx\/wp-json\/wp\/v2\/pages"}],"about":[{"href":"http:\/\/bearndesgaves.fr\/voixdelabastidedenavarrenx\/wp-json\/wp\/v2\/types\/page"}],"author":[{"embeddable":true,"href":"http:\/\/bearndesgaves.fr\/voixdelabastidedenavarrenx\/wp-json\/wp\/v2\/users\/1"}],"replies":[{"embeddable":true,"href":"http:\/\/bearndesgaves.fr\/voixdelabastidedenavarrenx\/wp-json\/wp\/v2\/comments?post=1693"}],"version-history":[{"count":2,"href":"http:\/\/bearndesgaves.fr\/voixdelabastidedenavarrenx\/wp-json\/wp\/v2\/pages\/1693\/revisions"}],"predecessor-version":[{"id":1777,"href":"http:\/\/bearndesgaves.fr\/voixdelabastidedenavarrenx\/wp-json\/wp\/v2\/pages\/1693\/revisions\/1777"}],"up":[{"embeddable":true,"href":"http:\/\/bearndesgaves.fr\/voixdelabastidedenavarrenx\/wp-json\/wp\/v2\/pages\/456"}],"wp:attachment":[{"href":"http:\/\/bearndesgaves.fr\/voixdelabastidedenavarrenx\/wp-json\/wp\/v2\/media?parent=1693"}],"curies":[{"name":"wp","href":"https:\/\/api.w.org\/{rel}","templated":true}]}}