{"id":1695,"date":"2017-01-27T16:53:45","date_gmt":"2017-01-27T16:53:45","guid":{"rendered":"http:\/\/bearndesgaves.fr\/voixdelabastidedenavarrenx\/?page_id=1695"},"modified":"2017-12-20T16:33:51","modified_gmt":"2017-12-20T16:33:51","slug":"decembre-2016-concert-telethon","status":"publish","type":"page","link":"http:\/\/bearndesgaves.fr\/voixdelabastidedenavarrenx\/photos\/decembre-2016-concert-telethon\/","title":{"rendered":"D\u00e9cembre 2016 Concert T\u00e9l\u00e9thon"},"content":{"rendered":"<p><span style=\"text-decoration: underline\"><strong>CLIQUEZ ci dessous sur<\/strong><\/span> Diaporama<\/p><!-- index.php -->\n<div\n\tclass=\"ngg-galleryoverview ngg-ajax-pagination-none\"\n\tid=\"ngg-gallery-ca472d1a5ec98ec5059d1f9f9676e2f8-1\">\n\n    \t\t<!-- Thumbnails -->\n\t\t\t\t<div id=\"ngg-image-0\" class=\"ngg-gallery-thumbnail-box\" >\n\t\t\t\t        <div class=\"ngg-gallery-thumbnail\">\n            <a href=\"http:\/\/bearndesgaves.fr\/voixdelabastidedenavarrenx\/wp-content\/blogs.dir\/54\/files\/decembre-2016-concert-telethon\/DSC_0109.jpg\"\n               title=\"\"\n               data-src=\"http:\/\/bearndesgaves.fr\/voixdelabastidedenavarrenx\/wp-content\/blogs.dir\/54\/files\/decembre-2016-concert-telethon\/DSC_0109.jpg\"\n               data-thumbnail=\"http:\/\/bearndesgaves.fr\/voixdelabastidedenavarrenx\/wp-content\/blogs.dir\/54\/files\/decembre-2016-concert-telethon\/thumbs\/thumbs_DSC_0109.jpg\"\n               data-image-id=\"401\"\n               data-title=\"DSC_0109\"\n               data-description=\"\"\n               data-image-slug=\"dsc_0109\"\n               class=\"shutterset_ca472d1a5ec98ec5059d1f9f9676e2f8\">\n                <img\n                    title=\"DSC_0109\"\n                    alt=\"DSC_0109\"\n                    src=\"http:\/\/bearndesgaves.fr\/voixdelabastidedenavarrenx\/wp-content\/blogs.dir\/54\/files\/decembre-2016-concert-telethon\/thumbs\/thumbs_DSC_0109.jpg\"\n                    width=\"120\"\n                    height=\"90\"\n                    style=\"max-width:100%;\"\n                \/>\n            <\/a>\n        <\/div>\n\t\t\t\t\t\t\t<\/div> \n\t\t\t\n        \n\t\t\t\t<div id=\"ngg-image-1\" class=\"ngg-gallery-thumbnail-box\" >\n\t\t\t\t        <div class=\"ngg-gallery-thumbnail\">\n            <a href=\"http:\/\/bearndesgaves.fr\/voixdelabastidedenavarrenx\/wp-content\/blogs.dir\/54\/files\/decembre-2016-concert-telethon\/DSC_0110.jpg\"\n               title=\"\"\n               data-src=\"http:\/\/bearndesgaves.fr\/voixdelabastidedenavarrenx\/wp-content\/blogs.dir\/54\/files\/decembre-2016-concert-telethon\/DSC_0110.jpg\"\n               data-thumbnail=\"http:\/\/bearndesgaves.fr\/voixdelabastidedenavarrenx\/wp-content\/blogs.dir\/54\/files\/decembre-2016-concert-telethon\/thumbs\/thumbs_DSC_0110.jpg\"\n               data-image-id=\"402\"\n               data-title=\"DSC_0110\"\n               data-description=\"\"\n               data-image-slug=\"dsc_0110\"\n               class=\"shutterset_ca472d1a5ec98ec5059d1f9f9676e2f8\">\n                <img\n                    title=\"DSC_0110\"\n                    alt=\"DSC_0110\"\n                    src=\"http:\/\/bearndesgaves.fr\/voixdelabastidedenavarrenx\/wp-content\/blogs.dir\/54\/files\/decembre-2016-concert-telethon\/thumbs\/thumbs_DSC_0110.jpg\"\n                    width=\"120\"\n                    height=\"90\"\n                    style=\"max-width:100%;\"\n                \/>\n            <\/a>\n        <\/div>\n\t\t\t\t\t\t\t<\/div> \n\t\t\t\n        \n\t\t\t\t<div id=\"ngg-image-2\" class=\"ngg-gallery-thumbnail-box\" >\n\t\t\t\t        <div class=\"ngg-gallery-thumbnail\">\n            <a href=\"http:\/\/bearndesgaves.fr\/voixdelabastidedenavarrenx\/wp-content\/blogs.dir\/54\/files\/decembre-2016-concert-telethon\/DSC_0112.jpg\"\n               title=\"\"\n               data-src=\"http:\/\/bearndesgaves.fr\/voixdelabastidedenavarrenx\/wp-content\/blogs.dir\/54\/files\/decembre-2016-concert-telethon\/DSC_0112.jpg\"\n               data-thumbnail=\"http:\/\/bearndesgaves.fr\/voixdelabastidedenavarrenx\/wp-content\/blogs.dir\/54\/files\/decembre-2016-concert-telethon\/thumbs\/thumbs_DSC_0112.jpg\"\n               data-image-id=\"403\"\n               data-title=\"DSC_0112\"\n               data-description=\"\"\n               data-image-slug=\"dsc_0112\"\n               class=\"shutterset_ca472d1a5ec98ec5059d1f9f9676e2f8\">\n                <img\n                    title=\"DSC_0112\"\n                    alt=\"DSC_0112\"\n                    src=\"http:\/\/bearndesgaves.fr\/voixdelabastidedenavarrenx\/wp-content\/blogs.dir\/54\/files\/decembre-2016-concert-telethon\/thumbs\/thumbs_DSC_0112.jpg\"\n                    width=\"120\"\n                    height=\"90\"\n                    style=\"max-width:100%;\"\n                \/>\n            <\/a>\n        <\/div>\n\t\t\t\t\t\t\t<\/div> \n\t\t\t\n        \n\t\t\t\t<div id=\"ngg-image-3\" class=\"ngg-gallery-thumbnail-box\" >\n\t\t\t\t        <div class=\"ngg-gallery-thumbnail\">\n            <a href=\"http:\/\/bearndesgaves.fr\/voixdelabastidedenavarrenx\/wp-content\/blogs.dir\/54\/files\/decembre-2016-concert-telethon\/DSC_0113.jpg\"\n               title=\"\"\n               data-src=\"http:\/\/bearndesgaves.fr\/voixdelabastidedenavarrenx\/wp-content\/blogs.dir\/54\/files\/decembre-2016-concert-telethon\/DSC_0113.jpg\"\n               data-thumbnail=\"http:\/\/bearndesgaves.fr\/voixdelabastidedenavarrenx\/wp-content\/blogs.dir\/54\/files\/decembre-2016-concert-telethon\/thumbs\/thumbs_DSC_0113.jpg\"\n               data-image-id=\"404\"\n               data-title=\"DSC_0113\"\n               data-description=\"\"\n               data-image-slug=\"dsc_0113\"\n               class=\"shutterset_ca472d1a5ec98ec5059d1f9f9676e2f8\">\n                <img\n                    title=\"DSC_0113\"\n                    alt=\"DSC_0113\"\n                    src=\"http:\/\/bearndesgaves.fr\/voixdelabastidedenavarrenx\/wp-content\/blogs.dir\/54\/files\/decembre-2016-concert-telethon\/thumbs\/thumbs_DSC_0113.jpg\"\n                    width=\"120\"\n                    height=\"90\"\n                    style=\"max-width:100%;\"\n                \/>\n            <\/a>\n        <\/div>\n\t\t\t\t\t\t\t<\/div> \n\t\t\t\n        \n\t\t\t\t<div id=\"ngg-image-4\" class=\"ngg-gallery-thumbnail-box\" >\n\t\t\t\t        <div class=\"ngg-gallery-thumbnail\">\n            <a href=\"http:\/\/bearndesgaves.fr\/voixdelabastidedenavarrenx\/wp-content\/blogs.dir\/54\/files\/decembre-2016-concert-telethon\/DSC_0114.jpg\"\n               title=\"\"\n               data-src=\"http:\/\/bearndesgaves.fr\/voixdelabastidedenavarrenx\/wp-content\/blogs.dir\/54\/files\/decembre-2016-concert-telethon\/DSC_0114.jpg\"\n               data-thumbnail=\"http:\/\/bearndesgaves.fr\/voixdelabastidedenavarrenx\/wp-content\/blogs.dir\/54\/files\/decembre-2016-concert-telethon\/thumbs\/thumbs_DSC_0114.jpg\"\n               data-image-id=\"405\"\n               data-title=\"DSC_0114\"\n               data-description=\"\"\n               data-image-slug=\"dsc_0114\"\n               class=\"shutterset_ca472d1a5ec98ec5059d1f9f9676e2f8\">\n                <img\n                    title=\"DSC_0114\"\n                    alt=\"DSC_0114\"\n                    src=\"http:\/\/bearndesgaves.fr\/voixdelabastidedenavarrenx\/wp-content\/blogs.dir\/54\/files\/decembre-2016-concert-telethon\/thumbs\/thumbs_DSC_0114.jpg\"\n                    width=\"120\"\n                    height=\"90\"\n                    style=\"max-width:100%;\"\n                \/>\n            <\/a>\n        <\/div>\n\t\t\t\t\t\t\t<\/div> \n\t\t\t\n        \n\t\t\t\t<div id=\"ngg-image-5\" class=\"ngg-gallery-thumbnail-box\" >\n\t\t\t\t        <div class=\"ngg-gallery-thumbnail\">\n            <a href=\"http:\/\/bearndesgaves.fr\/voixdelabastidedenavarrenx\/wp-content\/blogs.dir\/54\/files\/decembre-2016-concert-telethon\/DSC_0119.jpg\"\n               title=\"\"\n               data-src=\"http:\/\/bearndesgaves.fr\/voixdelabastidedenavarrenx\/wp-content\/blogs.dir\/54\/files\/decembre-2016-concert-telethon\/DSC_0119.jpg\"\n               data-thumbnail=\"http:\/\/bearndesgaves.fr\/voixdelabastidedenavarrenx\/wp-content\/blogs.dir\/54\/files\/decembre-2016-concert-telethon\/thumbs\/thumbs_DSC_0119.jpg\"\n               data-image-id=\"406\"\n               data-title=\"DSC_0119\"\n               data-description=\"\"\n               data-image-slug=\"dsc_0119\"\n               class=\"shutterset_ca472d1a5ec98ec5059d1f9f9676e2f8\">\n                <img\n                    title=\"DSC_0119\"\n                    alt=\"DSC_0119\"\n                    src=\"http:\/\/bearndesgaves.fr\/voixdelabastidedenavarrenx\/wp-content\/blogs.dir\/54\/files\/decembre-2016-concert-telethon\/thumbs\/thumbs_DSC_0119.jpg\"\n                    width=\"120\"\n                    height=\"90\"\n                    style=\"max-width:100%;\"\n                \/>\n            <\/a>\n        <\/div>\n\t\t\t\t\t\t\t<\/div> \n\t\t\t\n        \n\t\t\t\t<div id=\"ngg-image-6\" class=\"ngg-gallery-thumbnail-box\" >\n\t\t\t\t        <div class=\"ngg-gallery-thumbnail\">\n            <a href=\"http:\/\/bearndesgaves.fr\/voixdelabastidedenavarrenx\/wp-content\/blogs.dir\/54\/files\/decembre-2016-concert-telethon\/DSC_0120.jpg\"\n               title=\"\"\n               data-src=\"http:\/\/bearndesgaves.fr\/voixdelabastidedenavarrenx\/wp-content\/blogs.dir\/54\/files\/decembre-2016-concert-telethon\/DSC_0120.jpg\"\n               data-thumbnail=\"http:\/\/bearndesgaves.fr\/voixdelabastidedenavarrenx\/wp-content\/blogs.dir\/54\/files\/decembre-2016-concert-telethon\/thumbs\/thumbs_DSC_0120.jpg\"\n               data-image-id=\"407\"\n               data-title=\"DSC_0120\"\n               data-description=\"\"\n               data-image-slug=\"dsc_0120\"\n               class=\"shutterset_ca472d1a5ec98ec5059d1f9f9676e2f8\">\n                <img\n                    title=\"DSC_0120\"\n                    alt=\"DSC_0120\"\n                    src=\"http:\/\/bearndesgaves.fr\/voixdelabastidedenavarrenx\/wp-content\/blogs.dir\/54\/files\/decembre-2016-concert-telethon\/thumbs\/thumbs_DSC_0120.jpg\"\n                    width=\"120\"\n                    height=\"90\"\n                    style=\"max-width:100%;\"\n                \/>\n            <\/a>\n        <\/div>\n\t\t\t\t\t\t\t<\/div> \n\t\t\t\n        \n\t\t\t\t<div id=\"ngg-image-7\" class=\"ngg-gallery-thumbnail-box\" >\n\t\t\t\t        <div class=\"ngg-gallery-thumbnail\">\n            <a href=\"http:\/\/bearndesgaves.fr\/voixdelabastidedenavarrenx\/wp-content\/blogs.dir\/54\/files\/decembre-2016-concert-telethon\/DSC_0123.jpg\"\n               title=\"\"\n               data-src=\"http:\/\/bearndesgaves.fr\/voixdelabastidedenavarrenx\/wp-content\/blogs.dir\/54\/files\/decembre-2016-concert-telethon\/DSC_0123.jpg\"\n               data-thumbnail=\"http:\/\/bearndesgaves.fr\/voixdelabastidedenavarrenx\/wp-content\/blogs.dir\/54\/files\/decembre-2016-concert-telethon\/thumbs\/thumbs_DSC_0123.jpg\"\n               data-image-id=\"408\"\n               data-title=\"DSC_0123\"\n               data-description=\"\"\n               data-image-slug=\"dsc_0123\"\n               class=\"shutterset_ca472d1a5ec98ec5059d1f9f9676e2f8\">\n                <img\n                    title=\"DSC_0123\"\n                    alt=\"DSC_0123\"\n                    src=\"http:\/\/bearndesgaves.fr\/voixdelabastidedenavarrenx\/wp-content\/blogs.dir\/54\/files\/decembre-2016-concert-telethon\/thumbs\/thumbs_DSC_0123.jpg\"\n                    width=\"120\"\n                    height=\"90\"\n                    style=\"max-width:100%;\"\n                \/>\n            <\/a>\n        <\/div>\n\t\t\t\t\t\t\t<\/div> \n\t\t\t\n        \n\t\t\t\t<div id=\"ngg-image-8\" class=\"ngg-gallery-thumbnail-box\" >\n\t\t\t\t        <div class=\"ngg-gallery-thumbnail\">\n            <a href=\"http:\/\/bearndesgaves.fr\/voixdelabastidedenavarrenx\/wp-content\/blogs.dir\/54\/files\/decembre-2016-concert-telethon\/DSC_0128.jpg\"\n               title=\"\"\n               data-src=\"http:\/\/bearndesgaves.fr\/voixdelabastidedenavarrenx\/wp-content\/blogs.dir\/54\/files\/decembre-2016-concert-telethon\/DSC_0128.jpg\"\n               data-thumbnail=\"http:\/\/bearndesgaves.fr\/voixdelabastidedenavarrenx\/wp-content\/blogs.dir\/54\/files\/decembre-2016-concert-telethon\/thumbs\/thumbs_DSC_0128.jpg\"\n               data-image-id=\"409\"\n               data-title=\"DSC_0128\"\n               data-description=\"\"\n               data-image-slug=\"dsc_0128\"\n               class=\"shutterset_ca472d1a5ec98ec5059d1f9f9676e2f8\">\n                <img\n                    title=\"DSC_0128\"\n                    alt=\"DSC_0128\"\n                    src=\"http:\/\/bearndesgaves.fr\/voixdelabastidedenavarrenx\/wp-content\/blogs.dir\/54\/files\/decembre-2016-concert-telethon\/thumbs\/thumbs_DSC_0128.jpg\"\n                    width=\"120\"\n                    height=\"90\"\n                    style=\"max-width:100%;\"\n                \/>\n            <\/a>\n        <\/div>\n\t\t\t\t\t\t\t<\/div> \n\t\t\t\n        \n\t\t\t\t<div id=\"ngg-image-9\" class=\"ngg-gallery-thumbnail-box\" >\n\t\t\t\t        <div class=\"ngg-gallery-thumbnail\">\n            <a href=\"http:\/\/bearndesgaves.fr\/voixdelabastidedenavarrenx\/wp-content\/blogs.dir\/54\/files\/decembre-2016-concert-telethon\/DSC_0129.jpg\"\n               title=\"\"\n               data-src=\"http:\/\/bearndesgaves.fr\/voixdelabastidedenavarrenx\/wp-content\/blogs.dir\/54\/files\/decembre-2016-concert-telethon\/DSC_0129.jpg\"\n               data-thumbnail=\"http:\/\/bearndesgaves.fr\/voixdelabastidedenavarrenx\/wp-content\/blogs.dir\/54\/files\/decembre-2016-concert-telethon\/thumbs\/thumbs_DSC_0129.jpg\"\n               data-image-id=\"410\"\n               data-title=\"DSC_0129\"\n               data-description=\"\"\n               data-image-slug=\"dsc_0129\"\n               class=\"shutterset_ca472d1a5ec98ec5059d1f9f9676e2f8\">\n                <img\n                    title=\"DSC_0129\"\n                    alt=\"DSC_0129\"\n                    src=\"http:\/\/bearndesgaves.fr\/voixdelabastidedenavarrenx\/wp-content\/blogs.dir\/54\/files\/decembre-2016-concert-telethon\/thumbs\/thumbs_DSC_0129.jpg\"\n                    width=\"120\"\n                    height=\"90\"\n                    style=\"max-width:100%;\"\n                \/>\n            <\/a>\n        <\/div>\n\t\t\t\t\t\t\t<\/div> \n\t\t\t\n        \n\t\t\t\t<div id=\"ngg-image-10\" class=\"ngg-gallery-thumbnail-box\" >\n\t\t\t\t        <div class=\"ngg-gallery-thumbnail\">\n            <a href=\"http:\/\/bearndesgaves.fr\/voixdelabastidedenavarrenx\/wp-content\/blogs.dir\/54\/files\/decembre-2016-concert-telethon\/DSC_0132.jpg\"\n               title=\"\"\n               data-src=\"http:\/\/bearndesgaves.fr\/voixdelabastidedenavarrenx\/wp-content\/blogs.dir\/54\/files\/decembre-2016-concert-telethon\/DSC_0132.jpg\"\n               data-thumbnail=\"http:\/\/bearndesgaves.fr\/voixdelabastidedenavarrenx\/wp-content\/blogs.dir\/54\/files\/decembre-2016-concert-telethon\/thumbs\/thumbs_DSC_0132.jpg\"\n               data-image-id=\"411\"\n               data-title=\"DSC_0132\"\n               data-description=\"\"\n               data-image-slug=\"dsc_0132\"\n               class=\"shutterset_ca472d1a5ec98ec5059d1f9f9676e2f8\">\n                <img\n                    title=\"DSC_0132\"\n                    alt=\"DSC_0132\"\n                    src=\"http:\/\/bearndesgaves.fr\/voixdelabastidedenavarrenx\/wp-content\/blogs.dir\/54\/files\/decembre-2016-concert-telethon\/thumbs\/thumbs_DSC_0132.jpg\"\n                    width=\"120\"\n                    height=\"90\"\n                    style=\"max-width:100%;\"\n                \/>\n            <\/a>\n        <\/div>\n\t\t\t\t\t\t\t<\/div> \n\t\t\t\n        \n\t\t\t\t<div id=\"ngg-image-11\" class=\"ngg-gallery-thumbnail-box\" >\n\t\t\t\t        <div class=\"ngg-gallery-thumbnail\">\n            <a href=\"http:\/\/bearndesgaves.fr\/voixdelabastidedenavarrenx\/wp-content\/blogs.dir\/54\/files\/decembre-2016-concert-telethon\/DSC_0142.jpg\"\n               title=\"\"\n               data-src=\"http:\/\/bearndesgaves.fr\/voixdelabastidedenavarrenx\/wp-content\/blogs.dir\/54\/files\/decembre-2016-concert-telethon\/DSC_0142.jpg\"\n               data-thumbnail=\"http:\/\/bearndesgaves.fr\/voixdelabastidedenavarrenx\/wp-content\/blogs.dir\/54\/files\/decembre-2016-concert-telethon\/thumbs\/thumbs_DSC_0142.jpg\"\n               data-image-id=\"412\"\n               data-title=\"DSC_0142\"\n               data-description=\"\"\n               data-image-slug=\"dsc_0142\"\n               class=\"shutterset_ca472d1a5ec98ec5059d1f9f9676e2f8\">\n                <img\n                    title=\"DSC_0142\"\n                    alt=\"DSC_0142\"\n                    src=\"http:\/\/bearndesgaves.fr\/voixdelabastidedenavarrenx\/wp-content\/blogs.dir\/54\/files\/decembre-2016-concert-telethon\/thumbs\/thumbs_DSC_0142.jpg\"\n                    width=\"120\"\n                    height=\"90\"\n                    style=\"max-width:100%;\"\n                \/>\n            <\/a>\n        <\/div>\n\t\t\t\t\t\t\t<\/div> \n\t\t\t\n        \n\t\t\t\t<div id=\"ngg-image-12\" class=\"ngg-gallery-thumbnail-box\" >\n\t\t\t\t        <div class=\"ngg-gallery-thumbnail\">\n            <a href=\"http:\/\/bearndesgaves.fr\/voixdelabastidedenavarrenx\/wp-content\/blogs.dir\/54\/files\/decembre-2016-concert-telethon\/DSC_0149.jpg\"\n               title=\"\"\n               data-src=\"http:\/\/bearndesgaves.fr\/voixdelabastidedenavarrenx\/wp-content\/blogs.dir\/54\/files\/decembre-2016-concert-telethon\/DSC_0149.jpg\"\n               data-thumbnail=\"http:\/\/bearndesgaves.fr\/voixdelabastidedenavarrenx\/wp-content\/blogs.dir\/54\/files\/decembre-2016-concert-telethon\/thumbs\/thumbs_DSC_0149.jpg\"\n               data-image-id=\"413\"\n               data-title=\"DSC_0149\"\n               data-description=\"\"\n               data-image-slug=\"dsc_0149\"\n               class=\"shutterset_ca472d1a5ec98ec5059d1f9f9676e2f8\">\n                <img\n                    title=\"DSC_0149\"\n                    alt=\"DSC_0149\"\n                    src=\"http:\/\/bearndesgaves.fr\/voixdelabastidedenavarrenx\/wp-content\/blogs.dir\/54\/files\/decembre-2016-concert-telethon\/thumbs\/thumbs_DSC_0149.jpg\"\n                    width=\"120\"\n                    height=\"90\"\n                    style=\"max-width:100%;\"\n                \/>\n            <\/a>\n        <\/div>\n\t\t\t\t\t\t\t<\/div> \n\t\t\t\n        \n\t\t\n\t\t<!-- Pagination -->\n\t<div class='ngg-clear'><\/div>\t<\/div>\n","protected":false},"excerpt":{"rendered":"<p>CLIQUEZ ci dessous sur Diaporama<\/p>\n","protected":false},"author":1,"featured_media":0,"parent":456,"menu_order":13,"comment_status":"closed","ping_status":"closed","template":"","meta":{"ngg_post_thumbnail":0,"footnotes":""},"class_list":["post-1695","page","type-page","status-publish","hentry"],"yoast_head":"<!-- This site is optimized with the Yoast SEO plugin v15.6.2 - https:\/\/yoast.com\/wordpress\/plugins\/seo\/ -->\n<title>D\u00e9cembre 2016 Concert T\u00e9l\u00e9thon - Voix de la Bastide de Navarrenx \u00e9dit\u00e9 par la CCCN chez 1&amp;1<\/title>\n<meta name=\"robots\" content=\"index, follow, max-snippet:-1, max-image-preview:large, max-video-preview:-1\" \/>\n<link rel=\"canonical\" href=\"http:\/\/bearndesgaves.fr\/voixdelabastidedenavarrenx\/photos\/decembre-2016-concert-telethon\/\" \/>\n<meta property=\"og:locale\" content=\"fr_FR\" \/>\n<meta property=\"og:type\" content=\"article\" \/>\n<meta property=\"og:title\" content=\"D\u00e9cembre 2016 Concert T\u00e9l\u00e9thon - Voix de la Bastide de Navarrenx \u00e9dit\u00e9 par la CCCN chez 1&amp;1\" \/>\n<meta property=\"og:description\" content=\"CLIQUEZ ci dessous sur Diaporama\" \/>\n<meta property=\"og:url\" content=\"http:\/\/bearndesgaves.fr\/voixdelabastidedenavarrenx\/photos\/decembre-2016-concert-telethon\/\" \/>\n<meta property=\"og:site_name\" content=\"Voix de la Bastide de Navarrenx \u00e9dit\u00e9 par la CCCN chez 1&amp;1\" \/>\n<meta property=\"article:modified_time\" content=\"2017-12-20T16:33:51+00:00\" \/>\n<script type=\"application\/ld+json\" class=\"yoast-schema-graph\">{\"@context\":\"https:\/\/schema.org\",\"@graph\":[{\"@type\":\"WebSite\",\"@id\":\"http:\/\/bearndesgaves.fr\/voixdelabastidedenavarrenx\/#website\",\"url\":\"http:\/\/bearndesgaves.fr\/voixdelabastidedenavarrenx\/\",\"name\":\"Voix de la Bastide de Navarrenx \\u00e9dit\\u00e9 par la CCCN chez 1&amp;1\",\"description\":\"\",\"potentialAction\":[{\"@type\":\"SearchAction\",\"target\":\"http:\/\/bearndesgaves.fr\/voixdelabastidedenavarrenx\/?s={search_term_string}\",\"query-input\":\"required name=search_term_string\"}],\"inLanguage\":\"fr-FR\"},{\"@type\":\"WebPage\",\"@id\":\"http:\/\/bearndesgaves.fr\/voixdelabastidedenavarrenx\/photos\/decembre-2016-concert-telethon\/#webpage\",\"url\":\"http:\/\/bearndesgaves.fr\/voixdelabastidedenavarrenx\/photos\/decembre-2016-concert-telethon\/\",\"name\":\"D\\u00e9cembre 2016 Concert T\\u00e9l\\u00e9thon - Voix de la Bastide de Navarrenx \\u00e9dit\\u00e9 par la CCCN chez 1&amp;1\",\"isPartOf\":{\"@id\":\"http:\/\/bearndesgaves.fr\/voixdelabastidedenavarrenx\/#website\"},\"datePublished\":\"2017-01-27T16:53:45+00:00\",\"dateModified\":\"2017-12-20T16:33:51+00:00\",\"inLanguage\":\"fr-FR\",\"potentialAction\":[{\"@type\":\"ReadAction\",\"target\":[\"http:\/\/bearndesgaves.fr\/voixdelabastidedenavarrenx\/photos\/decembre-2016-concert-telethon\/\"]}]}]}<\/script>\n<!-- \/ Yoast SEO plugin. -->","_links":{"self":[{"href":"http:\/\/bearndesgaves.fr\/voixdelabastidedenavarrenx\/wp-json\/wp\/v2\/pages\/1695","targetHints":{"allow":["GET"]}}],"collection":[{"href":"http:\/\/bearndesgaves.fr\/voixdelabastidedenavarrenx\/wp-json\/wp\/v2\/pages"}],"about":[{"href":"http:\/\/bearndesgaves.fr\/voixdelabastidedenavarrenx\/wp-json\/wp\/v2\/types\/page"}],"author":[{"embeddable":true,"href":"http:\/\/bearndesgaves.fr\/voixdelabastidedenavarrenx\/wp-json\/wp\/v2\/users\/1"}],"replies":[{"embeddable":true,"href":"http:\/\/bearndesgaves.fr\/voixdelabastidedenavarrenx\/wp-json\/wp\/v2\/comments?post=1695"}],"version-history":[{"count":2,"href":"http:\/\/bearndesgaves.fr\/voixdelabastidedenavarrenx\/wp-json\/wp\/v2\/pages\/1695\/revisions"}],"predecessor-version":[{"id":1778,"href":"http:\/\/bearndesgaves.fr\/voixdelabastidedenavarrenx\/wp-json\/wp\/v2\/pages\/1695\/revisions\/1778"}],"up":[{"embeddable":true,"href":"http:\/\/bearndesgaves.fr\/voixdelabastidedenavarrenx\/wp-json\/wp\/v2\/pages\/456"}],"wp:attachment":[{"href":"http:\/\/bearndesgaves.fr\/voixdelabastidedenavarrenx\/wp-json\/wp\/v2\/media?parent=1695"}],"curies":[{"name":"wp","href":"https:\/\/api.w.org\/{rel}","templated":true}]}}