{"id":1765,"date":"2017-12-20T15:33:56","date_gmt":"2017-12-20T15:33:56","guid":{"rendered":"http:\/\/bearndesgaves.fr\/voixdelabastidedenavarrenx\/?page_id=1765"},"modified":"2017-12-27T14:39:44","modified_gmt":"2017-12-27T14:39:44","slug":"laa-mondrans-2017","status":"publish","type":"page","link":"http:\/\/bearndesgaves.fr\/voixdelabastidedenavarrenx\/photos\/laa-mondrans-2017\/","title":{"rendered":"L\u00e0a Mondrans D\u00e9cembre 2017"},"content":{"rendered":"<p><strong>CLIQUEZ ci dessous sur<\/strong> Diaporama<\/p>\n<p>&nbsp;<\/p>\n<p><a href=\"http:\/\/bearndesgaves.fr\/voixdelabastidedenavarrenx\/files\/2017\/12\/20171202_203349.jpg\"><img loading=\"lazy\" decoding=\"async\" class=\"alignnone size-medium wp-image-1825\" src=\"http:\/\/bearndesgaves.fr\/voixdelabastidedenavarrenx\/files\/2017\/12\/20171202_203349-225x300.jpg\" alt=\"\" width=\"225\" height=\"300\" srcset=\"http:\/\/bearndesgaves.fr\/voixdelabastidedenavarrenx\/files\/2017\/12\/20171202_203349-225x300.jpg 225w, http:\/\/bearndesgaves.fr\/voixdelabastidedenavarrenx\/files\/2017\/12\/20171202_203349.jpg 768w\" sizes=\"auto, (max-width: 225px) 100vw, 225px\" \/><\/a> <a href=\"http:\/\/bearndesgaves.fr\/voixdelabastidedenavarrenx\/files\/2017\/12\/20171202_203358-1.jpg\"><img loading=\"lazy\" decoding=\"async\" class=\"alignnone size-medium wp-image-1826\" src=\"http:\/\/bearndesgaves.fr\/voixdelabastidedenavarrenx\/files\/2017\/12\/20171202_203358-1-300x225.jpg\" alt=\"\" width=\"300\" height=\"225\" srcset=\"http:\/\/bearndesgaves.fr\/voixdelabastidedenavarrenx\/files\/2017\/12\/20171202_203358-1-300x225.jpg 300w, http:\/\/bearndesgaves.fr\/voixdelabastidedenavarrenx\/files\/2017\/12\/20171202_203358-1-768x576.jpg 768w, http:\/\/bearndesgaves.fr\/voixdelabastidedenavarrenx\/files\/2017\/12\/20171202_203358-1.jpg 1024w\" sizes=\"auto, (max-width: 300px) 100vw, 300px\" \/><\/a> <a href=\"http:\/\/bearndesgaves.fr\/voixdelabastidedenavarrenx\/files\/2017\/12\/20171202_205358.jpg\"><img loading=\"lazy\" decoding=\"async\" class=\"alignnone size-medium wp-image-1827\" src=\"http:\/\/bearndesgaves.fr\/voixdelabastidedenavarrenx\/files\/2017\/12\/20171202_205358-300x225.jpg\" alt=\"\" width=\"300\" height=\"225\" srcset=\"http:\/\/bearndesgaves.fr\/voixdelabastidedenavarrenx\/files\/2017\/12\/20171202_205358-300x225.jpg 300w, http:\/\/bearndesgaves.fr\/voixdelabastidedenavarrenx\/files\/2017\/12\/20171202_205358-768x576.jpg 768w, http:\/\/bearndesgaves.fr\/voixdelabastidedenavarrenx\/files\/2017\/12\/20171202_205358.jpg 1024w\" sizes=\"auto, (max-width: 300px) 100vw, 300px\" \/><\/a> <a href=\"http:\/\/bearndesgaves.fr\/voixdelabastidedenavarrenx\/files\/2017\/12\/20171202_215310.jpg\"><img loading=\"lazy\" decoding=\"async\" class=\"alignnone size-medium wp-image-1828\" src=\"http:\/\/bearndesgaves.fr\/voixdelabastidedenavarrenx\/files\/2017\/12\/20171202_215310-300x225.jpg\" alt=\"\" width=\"300\" height=\"225\" srcset=\"http:\/\/bearndesgaves.fr\/voixdelabastidedenavarrenx\/files\/2017\/12\/20171202_215310-300x225.jpg 300w, http:\/\/bearndesgaves.fr\/voixdelabastidedenavarrenx\/files\/2017\/12\/20171202_215310-768x576.jpg 768w, http:\/\/bearndesgaves.fr\/voixdelabastidedenavarrenx\/files\/2017\/12\/20171202_215310.jpg 1024w\" sizes=\"auto, (max-width: 300px) 100vw, 300px\" \/><\/a><\/p>\n","protected":false},"excerpt":{"rendered":"<p>CLIQUEZ ci dessous sur Diaporama &nbsp;<\/p>\n","protected":false},"author":37,"featured_media":0,"parent":456,"menu_order":16,"comment_status":"closed","ping_status":"closed","template":"","meta":{"ngg_post_thumbnail":0,"footnotes":""},"class_list":["post-1765","page","type-page","status-publish","hentry"],"yoast_head":"<!-- This site is optimized with the Yoast SEO plugin v15.6.2 - https:\/\/yoast.com\/wordpress\/plugins\/seo\/ -->\n<title>L\u00e0a Mondrans D\u00e9cembre 2017 - Voix de la Bastide de Navarrenx \u00e9dit\u00e9 par la CCCN chez 1&amp;1<\/title>\n<meta name=\"robots\" content=\"index, follow, max-snippet:-1, max-image-preview:large, max-video-preview:-1\" \/>\n<link rel=\"canonical\" href=\"http:\/\/bearndesgaves.fr\/voixdelabastidedenavarrenx\/photos\/laa-mondrans-2017\/\" \/>\n<meta property=\"og:locale\" content=\"fr_FR\" \/>\n<meta property=\"og:type\" content=\"article\" \/>\n<meta property=\"og:title\" content=\"L\u00e0a Mondrans D\u00e9cembre 2017 - Voix de la Bastide de Navarrenx \u00e9dit\u00e9 par la CCCN chez 1&amp;1\" \/>\n<meta property=\"og:description\" content=\"CLIQUEZ ci dessous sur Diaporama &nbsp;\" \/>\n<meta property=\"og:url\" content=\"http:\/\/bearndesgaves.fr\/voixdelabastidedenavarrenx\/photos\/laa-mondrans-2017\/\" \/>\n<meta property=\"og:site_name\" content=\"Voix de la Bastide de Navarrenx \u00e9dit\u00e9 par la CCCN chez 1&amp;1\" \/>\n<meta property=\"article:modified_time\" content=\"2017-12-27T14:39:44+00:00\" \/>\n<meta property=\"og:image\" content=\"http:\/\/bearndesgaves.fr\/voixdelabastidedenavarrenx\/files\/2017\/12\/20171202_203349-225x300.jpg\" \/>\n<script type=\"application\/ld+json\" class=\"yoast-schema-graph\">{\"@context\":\"https:\/\/schema.org\",\"@graph\":[{\"@type\":\"WebSite\",\"@id\":\"http:\/\/bearndesgaves.fr\/voixdelabastidedenavarrenx\/#website\",\"url\":\"http:\/\/bearndesgaves.fr\/voixdelabastidedenavarrenx\/\",\"name\":\"Voix de la Bastide de Navarrenx \\u00e9dit\\u00e9 par la CCCN chez 1&amp;1\",\"description\":\"\",\"potentialAction\":[{\"@type\":\"SearchAction\",\"target\":\"http:\/\/bearndesgaves.fr\/voixdelabastidedenavarrenx\/?s={search_term_string}\",\"query-input\":\"required name=search_term_string\"}],\"inLanguage\":\"fr-FR\"},{\"@type\":\"ImageObject\",\"@id\":\"http:\/\/bearndesgaves.fr\/voixdelabastidedenavarrenx\/photos\/laa-mondrans-2017\/#primaryimage\",\"inLanguage\":\"fr-FR\",\"url\":\"http:\/\/bearndesgaves.fr\/voixdelabastidedenavarrenx\/files\/2017\/12\/20171202_203349.jpg\",\"width\":768,\"height\":1024},{\"@type\":\"WebPage\",\"@id\":\"http:\/\/bearndesgaves.fr\/voixdelabastidedenavarrenx\/photos\/laa-mondrans-2017\/#webpage\",\"url\":\"http:\/\/bearndesgaves.fr\/voixdelabastidedenavarrenx\/photos\/laa-mondrans-2017\/\",\"name\":\"L\\u00e0a Mondrans D\\u00e9cembre 2017 - Voix de la Bastide de Navarrenx \\u00e9dit\\u00e9 par la CCCN chez 1&amp;1\",\"isPartOf\":{\"@id\":\"http:\/\/bearndesgaves.fr\/voixdelabastidedenavarrenx\/#website\"},\"primaryImageOfPage\":{\"@id\":\"http:\/\/bearndesgaves.fr\/voixdelabastidedenavarrenx\/photos\/laa-mondrans-2017\/#primaryimage\"},\"datePublished\":\"2017-12-20T15:33:56+00:00\",\"dateModified\":\"2017-12-27T14:39:44+00:00\",\"inLanguage\":\"fr-FR\",\"potentialAction\":[{\"@type\":\"ReadAction\",\"target\":[\"http:\/\/bearndesgaves.fr\/voixdelabastidedenavarrenx\/photos\/laa-mondrans-2017\/\"]}]}]}<\/script>\n<!-- \/ Yoast SEO plugin. -->","_links":{"self":[{"href":"http:\/\/bearndesgaves.fr\/voixdelabastidedenavarrenx\/wp-json\/wp\/v2\/pages\/1765","targetHints":{"allow":["GET"]}}],"collection":[{"href":"http:\/\/bearndesgaves.fr\/voixdelabastidedenavarrenx\/wp-json\/wp\/v2\/pages"}],"about":[{"href":"http:\/\/bearndesgaves.fr\/voixdelabastidedenavarrenx\/wp-json\/wp\/v2\/types\/page"}],"author":[{"embeddable":true,"href":"http:\/\/bearndesgaves.fr\/voixdelabastidedenavarrenx\/wp-json\/wp\/v2\/users\/37"}],"replies":[{"embeddable":true,"href":"http:\/\/bearndesgaves.fr\/voixdelabastidedenavarrenx\/wp-json\/wp\/v2\/comments?post=1765"}],"version-history":[{"count":5,"href":"http:\/\/bearndesgaves.fr\/voixdelabastidedenavarrenx\/wp-json\/wp\/v2\/pages\/1765\/revisions"}],"predecessor-version":[{"id":1831,"href":"http:\/\/bearndesgaves.fr\/voixdelabastidedenavarrenx\/wp-json\/wp\/v2\/pages\/1765\/revisions\/1831"}],"up":[{"embeddable":true,"href":"http:\/\/bearndesgaves.fr\/voixdelabastidedenavarrenx\/wp-json\/wp\/v2\/pages\/456"}],"wp:attachment":[{"href":"http:\/\/bearndesgaves.fr\/voixdelabastidedenavarrenx\/wp-json\/wp\/v2\/media?parent=1765"}],"curies":[{"name":"wp","href":"https:\/\/api.w.org\/{rel}","templated":true}]}}