{"id":1929,"date":"2020-01-14T09:12:50","date_gmt":"2020-01-14T09:12:50","guid":{"rendered":"http:\/\/bearndesgaves.fr\/voixdelabastidedenavarrenx\/?page_id=1929"},"modified":"2020-01-15T13:14:08","modified_gmt":"2020-01-15T13:14:08","slug":"laas-decembre-2019","status":"publish","type":"page","link":"http:\/\/bearndesgaves.fr\/voixdelabastidedenavarrenx\/photos\/laas-decembre-2019\/","title":{"rendered":"L\u00e0as D\u00e9cembre 2019"},"content":{"rendered":"\n<ul class=\"wp-block-gallery columns-3 is-cropped wp-block-gallery-1 is-layout-flex wp-block-gallery-is-layout-flex\"><li class=\"blocks-gallery-item\"><figure><img loading=\"lazy\" decoding=\"async\" width=\"1024\" height=\"650\" src=\"http:\/\/bearndesgaves.fr\/voixdelabastidedenavarrenx\/files\/2020\/01\/IMG_5003-Copier-1-1024x650.jpg\" alt=\"\" data-id=\"1950\" data-link=\"http:\/\/bearndesgaves.fr\/voixdelabastidedenavarrenx\/photos\/laas-decembre-2019\/img_5003-copier-1\/\" class=\"wp-image-1950\" srcset=\"http:\/\/bearndesgaves.fr\/voixdelabastidedenavarrenx\/files\/2020\/01\/IMG_5003-Copier-1.jpg 1024w, http:\/\/bearndesgaves.fr\/voixdelabastidedenavarrenx\/files\/2020\/01\/IMG_5003-Copier-1-300x190.jpg 300w, http:\/\/bearndesgaves.fr\/voixdelabastidedenavarrenx\/files\/2020\/01\/IMG_5003-Copier-1-768x488.jpg 768w\" sizes=\"auto, (max-width: 1024px) 100vw, 1024px\" \/><\/figure><\/li><li class=\"blocks-gallery-item\"><figure><img loading=\"lazy\" decoding=\"async\" width=\"1024\" height=\"683\" src=\"http:\/\/bearndesgaves.fr\/voixdelabastidedenavarrenx\/files\/2020\/01\/IMG_5012-Copier-1024x683.jpg\" alt=\"\" data-id=\"1951\" data-link=\"http:\/\/bearndesgaves.fr\/voixdelabastidedenavarrenx\/photos\/laas-decembre-2019\/img_5012-copier\/\" class=\"wp-image-1951\" srcset=\"http:\/\/bearndesgaves.fr\/voixdelabastidedenavarrenx\/files\/2020\/01\/IMG_5012-Copier.jpg 1024w, http:\/\/bearndesgaves.fr\/voixdelabastidedenavarrenx\/files\/2020\/01\/IMG_5012-Copier-300x200.jpg 300w, http:\/\/bearndesgaves.fr\/voixdelabastidedenavarrenx\/files\/2020\/01\/IMG_5012-Copier-768x512.jpg 768w\" sizes=\"auto, (max-width: 1024px) 100vw, 1024px\" \/><\/figure><\/li><li class=\"blocks-gallery-item\"><figure><img loading=\"lazy\" decoding=\"async\" width=\"1024\" height=\"683\" src=\"http:\/\/bearndesgaves.fr\/voixdelabastidedenavarrenx\/files\/2020\/01\/IMG_5021-Copier-1-1024x683.jpg\" alt=\"\" data-id=\"1952\" data-link=\"http:\/\/bearndesgaves.fr\/voixdelabastidedenavarrenx\/photos\/laas-decembre-2019\/img_5021-copier-1\/\" class=\"wp-image-1952\" srcset=\"http:\/\/bearndesgaves.fr\/voixdelabastidedenavarrenx\/files\/2020\/01\/IMG_5021-Copier-1.jpg 1024w, http:\/\/bearndesgaves.fr\/voixdelabastidedenavarrenx\/files\/2020\/01\/IMG_5021-Copier-1-300x200.jpg 300w, http:\/\/bearndesgaves.fr\/voixdelabastidedenavarrenx\/files\/2020\/01\/IMG_5021-Copier-1-768x512.jpg 768w\" sizes=\"auto, (max-width: 1024px) 100vw, 1024px\" \/><\/figure><\/li><li class=\"blocks-gallery-item\"><figure><img loading=\"lazy\" decoding=\"async\" width=\"1024\" height=\"683\" src=\"http:\/\/bearndesgaves.fr\/voixdelabastidedenavarrenx\/files\/2020\/01\/IMG_5024-Copier-1024x683.jpg\" alt=\"\" data-id=\"1953\" data-link=\"http:\/\/bearndesgaves.fr\/voixdelabastidedenavarrenx\/photos\/laas-decembre-2019\/img_5024-copier\/\" class=\"wp-image-1953\" srcset=\"http:\/\/bearndesgaves.fr\/voixdelabastidedenavarrenx\/files\/2020\/01\/IMG_5024-Copier.jpg 1024w, http:\/\/bearndesgaves.fr\/voixdelabastidedenavarrenx\/files\/2020\/01\/IMG_5024-Copier-300x200.jpg 300w, http:\/\/bearndesgaves.fr\/voixdelabastidedenavarrenx\/files\/2020\/01\/IMG_5024-Copier-768x512.jpg 768w\" sizes=\"auto, (max-width: 1024px) 100vw, 1024px\" \/><\/figure><\/li><li class=\"blocks-gallery-item\"><figure><img loading=\"lazy\" decoding=\"async\" width=\"1024\" height=\"625\" src=\"http:\/\/bearndesgaves.fr\/voixdelabastidedenavarrenx\/files\/2020\/01\/IMG_5027-Copier-1-1024x625.jpg\" alt=\"\" data-id=\"1954\" data-link=\"http:\/\/bearndesgaves.fr\/voixdelabastidedenavarrenx\/photos\/laas-decembre-2019\/img_5027-copier-1\/\" class=\"wp-image-1954\" srcset=\"http:\/\/bearndesgaves.fr\/voixdelabastidedenavarrenx\/files\/2020\/01\/IMG_5027-Copier-1.jpg 1024w, http:\/\/bearndesgaves.fr\/voixdelabastidedenavarrenx\/files\/2020\/01\/IMG_5027-Copier-1-300x183.jpg 300w, http:\/\/bearndesgaves.fr\/voixdelabastidedenavarrenx\/files\/2020\/01\/IMG_5027-Copier-1-768x469.jpg 768w\" sizes=\"auto, (max-width: 1024px) 100vw, 1024px\" \/><\/figure><\/li><\/ul>\n","protected":false},"excerpt":{"rendered":"","protected":false},"author":37,"featured_media":0,"parent":456,"menu_order":21,"comment_status":"closed","ping_status":"closed","template":"","meta":{"ngg_post_thumbnail":0,"footnotes":""},"class_list":["post-1929","page","type-page","status-publish","hentry"],"yoast_head":"<!-- This site is optimized with the Yoast SEO plugin v15.6.2 - https:\/\/yoast.com\/wordpress\/plugins\/seo\/ -->\n<title>L\u00e0as D\u00e9cembre 2019 - Voix de la Bastide de Navarrenx \u00e9dit\u00e9 par la CCCN chez 1&amp;1<\/title>\n<meta name=\"robots\" content=\"index, follow, max-snippet:-1, max-image-preview:large, max-video-preview:-1\" \/>\n<link rel=\"canonical\" href=\"http:\/\/bearndesgaves.fr\/voixdelabastidedenavarrenx\/photos\/laas-decembre-2019\/\" \/>\n<meta property=\"og:locale\" content=\"fr_FR\" \/>\n<meta property=\"og:type\" content=\"article\" \/>\n<meta property=\"og:title\" content=\"L\u00e0as D\u00e9cembre 2019 - Voix de la Bastide de Navarrenx \u00e9dit\u00e9 par la CCCN chez 1&amp;1\" \/>\n<meta property=\"og:url\" content=\"http:\/\/bearndesgaves.fr\/voixdelabastidedenavarrenx\/photos\/laas-decembre-2019\/\" \/>\n<meta property=\"og:site_name\" content=\"Voix de la Bastide de Navarrenx \u00e9dit\u00e9 par la CCCN chez 1&amp;1\" \/>\n<meta property=\"article:modified_time\" content=\"2020-01-15T13:14:08+00:00\" \/>\n<meta property=\"og:image\" content=\"http:\/\/bearndesgaves.fr\/voixdelabastidedenavarrenx\/files\/2020\/01\/IMG_5003-Copier-1-1024x650.jpg\" \/>\n<script type=\"application\/ld+json\" class=\"yoast-schema-graph\">{\"@context\":\"https:\/\/schema.org\",\"@graph\":[{\"@type\":\"WebSite\",\"@id\":\"http:\/\/bearndesgaves.fr\/voixdelabastidedenavarrenx\/#website\",\"url\":\"http:\/\/bearndesgaves.fr\/voixdelabastidedenavarrenx\/\",\"name\":\"Voix de la Bastide de Navarrenx \\u00e9dit\\u00e9 par la CCCN chez 1&amp;1\",\"description\":\"\",\"potentialAction\":[{\"@type\":\"SearchAction\",\"target\":\"http:\/\/bearndesgaves.fr\/voixdelabastidedenavarrenx\/?s={search_term_string}\",\"query-input\":\"required name=search_term_string\"}],\"inLanguage\":\"fr-FR\"},{\"@type\":\"ImageObject\",\"@id\":\"http:\/\/bearndesgaves.fr\/voixdelabastidedenavarrenx\/photos\/laas-decembre-2019\/#primaryimage\",\"inLanguage\":\"fr-FR\",\"url\":\"http:\/\/bearndesgaves.fr\/voixdelabastidedenavarrenx\/files\/2020\/01\/IMG_5003-Copier-1.jpg\",\"width\":1024,\"height\":650},{\"@type\":\"WebPage\",\"@id\":\"http:\/\/bearndesgaves.fr\/voixdelabastidedenavarrenx\/photos\/laas-decembre-2019\/#webpage\",\"url\":\"http:\/\/bearndesgaves.fr\/voixdelabastidedenavarrenx\/photos\/laas-decembre-2019\/\",\"name\":\"L\\u00e0as D\\u00e9cembre 2019 - Voix de la Bastide de Navarrenx \\u00e9dit\\u00e9 par la CCCN chez 1&amp;1\",\"isPartOf\":{\"@id\":\"http:\/\/bearndesgaves.fr\/voixdelabastidedenavarrenx\/#website\"},\"primaryImageOfPage\":{\"@id\":\"http:\/\/bearndesgaves.fr\/voixdelabastidedenavarrenx\/photos\/laas-decembre-2019\/#primaryimage\"},\"datePublished\":\"2020-01-14T09:12:50+00:00\",\"dateModified\":\"2020-01-15T13:14:08+00:00\",\"inLanguage\":\"fr-FR\",\"potentialAction\":[{\"@type\":\"ReadAction\",\"target\":[\"http:\/\/bearndesgaves.fr\/voixdelabastidedenavarrenx\/photos\/laas-decembre-2019\/\"]}]}]}<\/script>\n<!-- \/ Yoast SEO plugin. -->","_links":{"self":[{"href":"http:\/\/bearndesgaves.fr\/voixdelabastidedenavarrenx\/wp-json\/wp\/v2\/pages\/1929","targetHints":{"allow":["GET"]}}],"collection":[{"href":"http:\/\/bearndesgaves.fr\/voixdelabastidedenavarrenx\/wp-json\/wp\/v2\/pages"}],"about":[{"href":"http:\/\/bearndesgaves.fr\/voixdelabastidedenavarrenx\/wp-json\/wp\/v2\/types\/page"}],"author":[{"embeddable":true,"href":"http:\/\/bearndesgaves.fr\/voixdelabastidedenavarrenx\/wp-json\/wp\/v2\/users\/37"}],"replies":[{"embeddable":true,"href":"http:\/\/bearndesgaves.fr\/voixdelabastidedenavarrenx\/wp-json\/wp\/v2\/comments?post=1929"}],"version-history":[{"count":3,"href":"http:\/\/bearndesgaves.fr\/voixdelabastidedenavarrenx\/wp-json\/wp\/v2\/pages\/1929\/revisions"}],"predecessor-version":[{"id":1956,"href":"http:\/\/bearndesgaves.fr\/voixdelabastidedenavarrenx\/wp-json\/wp\/v2\/pages\/1929\/revisions\/1956"}],"up":[{"embeddable":true,"href":"http:\/\/bearndesgaves.fr\/voixdelabastidedenavarrenx\/wp-json\/wp\/v2\/pages\/456"}],"wp:attachment":[{"href":"http:\/\/bearndesgaves.fr\/voixdelabastidedenavarrenx\/wp-json\/wp\/v2\/media?parent=1929"}],"curies":[{"name":"wp","href":"https:\/\/api.w.org\/{rel}","templated":true}]}}