{"id":323,"date":"2012-10-24T16:16:41","date_gmt":"2012-10-24T14:16:41","guid":{"rendered":"http:\/\/bearndesgaves.fr\/choeursaintgermain\/?page_id=323"},"modified":"2017-12-20T16:22:52","modified_gmt":"2017-12-20T16:22:52","slug":"angers-octobre-2012","status":"publish","type":"page","link":"http:\/\/bearndesgaves.fr\/voixdelabastidedenavarrenx\/photos\/angers-octobre-2012\/","title":{"rendered":"Angers Octobre 2012"},"content":{"rendered":"<p><span style=\"text-decoration: underline\"><strong>CLIQUEZ ci dessous sur<\/strong><\/span> Diaporama<\/p><!-- index.php -->\n<div\n\tclass=\"ngg-galleryoverview ngg-ajax-pagination-none\"\n\tid=\"ngg-gallery-f74c2edebd02cbdd8f8f5bd6feb4fe55-1\">\n\n    \t\t<!-- Thumbnails -->\n\t\t\t\t<div id=\"ngg-image-0\" class=\"ngg-gallery-thumbnail-box\" >\n\t\t\t\t        <div class=\"ngg-gallery-thumbnail\">\n            <a href=\"http:\/\/bearndesgaves.fr\/voixdelabastidedenavarrenx\/wp-content\/blogs.dir\/54\/files\/angers-octobre-2012\/img_0972-copier.jpg\"\n               title=\"\"\n               data-src=\"http:\/\/bearndesgaves.fr\/voixdelabastidedenavarrenx\/wp-content\/blogs.dir\/54\/files\/angers-octobre-2012\/img_0972-copier.jpg\"\n               data-thumbnail=\"http:\/\/bearndesgaves.fr\/voixdelabastidedenavarrenx\/wp-content\/blogs.dir\/54\/files\/angers-octobre-2012\/thumbs\/thumbs_img_0972-copier.jpg\"\n               data-image-id=\"1\"\n               data-title=\"img_0972-copier\"\n               data-description=\"\"\n               data-image-slug=\"img_0972-copier\"\n               class=\"shutterset_f74c2edebd02cbdd8f8f5bd6feb4fe55\">\n                <img\n                    title=\"img_0972-copier\"\n                    alt=\"img_0972-copier\"\n                    src=\"http:\/\/bearndesgaves.fr\/voixdelabastidedenavarrenx\/wp-content\/blogs.dir\/54\/files\/angers-octobre-2012\/thumbs\/thumbs_img_0972-copier.jpg\"\n                    width=\"120\"\n                    height=\"90\"\n                    style=\"max-width:100%;\"\n                \/>\n            <\/a>\n        <\/div>\n\t\t\t\t\t\t\t<\/div> \n\t\t\t\n        \n\t\t\t\t<div id=\"ngg-image-1\" class=\"ngg-gallery-thumbnail-box\" >\n\t\t\t\t        <div class=\"ngg-gallery-thumbnail\">\n            <a href=\"http:\/\/bearndesgaves.fr\/voixdelabastidedenavarrenx\/wp-content\/blogs.dir\/54\/files\/angers-octobre-2012\/img_0974-copier.jpg\"\n               title=\"\"\n               data-src=\"http:\/\/bearndesgaves.fr\/voixdelabastidedenavarrenx\/wp-content\/blogs.dir\/54\/files\/angers-octobre-2012\/img_0974-copier.jpg\"\n               data-thumbnail=\"http:\/\/bearndesgaves.fr\/voixdelabastidedenavarrenx\/wp-content\/blogs.dir\/54\/files\/angers-octobre-2012\/thumbs\/thumbs_img_0974-copier.jpg\"\n               data-image-id=\"2\"\n               data-title=\"img_0974-copier\"\n               data-description=\"\"\n               data-image-slug=\"img_0974-copier\"\n               class=\"shutterset_f74c2edebd02cbdd8f8f5bd6feb4fe55\">\n                <img\n                    title=\"img_0974-copier\"\n                    alt=\"img_0974-copier\"\n                    src=\"http:\/\/bearndesgaves.fr\/voixdelabastidedenavarrenx\/wp-content\/blogs.dir\/54\/files\/angers-octobre-2012\/thumbs\/thumbs_img_0974-copier.jpg\"\n                    width=\"120\"\n                    height=\"90\"\n                    style=\"max-width:100%;\"\n                \/>\n            <\/a>\n        <\/div>\n\t\t\t\t\t\t\t<\/div> \n\t\t\t\n        \n\t\t\t\t<div id=\"ngg-image-2\" class=\"ngg-gallery-thumbnail-box\" >\n\t\t\t\t        <div class=\"ngg-gallery-thumbnail\">\n            <a href=\"http:\/\/bearndesgaves.fr\/voixdelabastidedenavarrenx\/wp-content\/blogs.dir\/54\/files\/angers-octobre-2012\/p1340131-copier.jpg\"\n               title=\"\"\n               data-src=\"http:\/\/bearndesgaves.fr\/voixdelabastidedenavarrenx\/wp-content\/blogs.dir\/54\/files\/angers-octobre-2012\/p1340131-copier.jpg\"\n               data-thumbnail=\"http:\/\/bearndesgaves.fr\/voixdelabastidedenavarrenx\/wp-content\/blogs.dir\/54\/files\/angers-octobre-2012\/thumbs\/thumbs_p1340131-copier.jpg\"\n               data-image-id=\"3\"\n               data-title=\"p1340131-copier\"\n               data-description=\"\"\n               data-image-slug=\"p1340131-copier\"\n               class=\"shutterset_f74c2edebd02cbdd8f8f5bd6feb4fe55\">\n                <img\n                    title=\"p1340131-copier\"\n                    alt=\"p1340131-copier\"\n                    src=\"http:\/\/bearndesgaves.fr\/voixdelabastidedenavarrenx\/wp-content\/blogs.dir\/54\/files\/angers-octobre-2012\/thumbs\/thumbs_p1340131-copier.jpg\"\n                    width=\"120\"\n                    height=\"90\"\n                    style=\"max-width:100%;\"\n                \/>\n            <\/a>\n        <\/div>\n\t\t\t\t\t\t\t<\/div> \n\t\t\t\n        \n\t\t\t\t<div id=\"ngg-image-3\" class=\"ngg-gallery-thumbnail-box\" >\n\t\t\t\t        <div class=\"ngg-gallery-thumbnail\">\n            <a href=\"http:\/\/bearndesgaves.fr\/voixdelabastidedenavarrenx\/wp-content\/blogs.dir\/54\/files\/angers-octobre-2012\/p1340132-copier.jpg\"\n               title=\"\"\n               data-src=\"http:\/\/bearndesgaves.fr\/voixdelabastidedenavarrenx\/wp-content\/blogs.dir\/54\/files\/angers-octobre-2012\/p1340132-copier.jpg\"\n               data-thumbnail=\"http:\/\/bearndesgaves.fr\/voixdelabastidedenavarrenx\/wp-content\/blogs.dir\/54\/files\/angers-octobre-2012\/thumbs\/thumbs_p1340132-copier.jpg\"\n               data-image-id=\"4\"\n               data-title=\"p1340132-copier\"\n               data-description=\"\"\n               data-image-slug=\"p1340132-copier\"\n               class=\"shutterset_f74c2edebd02cbdd8f8f5bd6feb4fe55\">\n                <img\n                    title=\"p1340132-copier\"\n                    alt=\"p1340132-copier\"\n                    src=\"http:\/\/bearndesgaves.fr\/voixdelabastidedenavarrenx\/wp-content\/blogs.dir\/54\/files\/angers-octobre-2012\/thumbs\/thumbs_p1340132-copier.jpg\"\n                    width=\"120\"\n                    height=\"90\"\n                    style=\"max-width:100%;\"\n                \/>\n            <\/a>\n        <\/div>\n\t\t\t\t\t\t\t<\/div> \n\t\t\t\n        \n\t\t\t\t<div id=\"ngg-image-4\" class=\"ngg-gallery-thumbnail-box\" >\n\t\t\t\t        <div class=\"ngg-gallery-thumbnail\">\n            <a href=\"http:\/\/bearndesgaves.fr\/voixdelabastidedenavarrenx\/wp-content\/blogs.dir\/54\/files\/angers-octobre-2012\/p1340154-copier.jpg\"\n               title=\"\"\n               data-src=\"http:\/\/bearndesgaves.fr\/voixdelabastidedenavarrenx\/wp-content\/blogs.dir\/54\/files\/angers-octobre-2012\/p1340154-copier.jpg\"\n               data-thumbnail=\"http:\/\/bearndesgaves.fr\/voixdelabastidedenavarrenx\/wp-content\/blogs.dir\/54\/files\/angers-octobre-2012\/thumbs\/thumbs_p1340154-copier.jpg\"\n               data-image-id=\"5\"\n               data-title=\"p1340154-copier\"\n               data-description=\"\"\n               data-image-slug=\"p1340154-copier\"\n               class=\"shutterset_f74c2edebd02cbdd8f8f5bd6feb4fe55\">\n                <img\n                    title=\"p1340154-copier\"\n                    alt=\"p1340154-copier\"\n                    src=\"http:\/\/bearndesgaves.fr\/voixdelabastidedenavarrenx\/wp-content\/blogs.dir\/54\/files\/angers-octobre-2012\/thumbs\/thumbs_p1340154-copier.jpg\"\n                    width=\"120\"\n                    height=\"90\"\n                    style=\"max-width:100%;\"\n                \/>\n            <\/a>\n        <\/div>\n\t\t\t\t\t\t\t<\/div> \n\t\t\t\n        \n\t\t\t\t<div id=\"ngg-image-5\" class=\"ngg-gallery-thumbnail-box\" >\n\t\t\t\t        <div class=\"ngg-gallery-thumbnail\">\n            <a href=\"http:\/\/bearndesgaves.fr\/voixdelabastidedenavarrenx\/wp-content\/blogs.dir\/54\/files\/angers-octobre-2012\/p1340165-copier.jpg\"\n               title=\"\"\n               data-src=\"http:\/\/bearndesgaves.fr\/voixdelabastidedenavarrenx\/wp-content\/blogs.dir\/54\/files\/angers-octobre-2012\/p1340165-copier.jpg\"\n               data-thumbnail=\"http:\/\/bearndesgaves.fr\/voixdelabastidedenavarrenx\/wp-content\/blogs.dir\/54\/files\/angers-octobre-2012\/thumbs\/thumbs_p1340165-copier.jpg\"\n               data-image-id=\"6\"\n               data-title=\"p1340165-copier\"\n               data-description=\"\"\n               data-image-slug=\"p1340165-copier\"\n               class=\"shutterset_f74c2edebd02cbdd8f8f5bd6feb4fe55\">\n                <img\n                    title=\"p1340165-copier\"\n                    alt=\"p1340165-copier\"\n                    src=\"http:\/\/bearndesgaves.fr\/voixdelabastidedenavarrenx\/wp-content\/blogs.dir\/54\/files\/angers-octobre-2012\/thumbs\/thumbs_p1340165-copier.jpg\"\n                    width=\"120\"\n                    height=\"90\"\n                    style=\"max-width:100%;\"\n                \/>\n            <\/a>\n        <\/div>\n\t\t\t\t\t\t\t<\/div> \n\t\t\t\n        \n\t\t\t\t<div id=\"ngg-image-6\" class=\"ngg-gallery-thumbnail-box\" >\n\t\t\t\t        <div class=\"ngg-gallery-thumbnail\">\n            <a href=\"http:\/\/bearndesgaves.fr\/voixdelabastidedenavarrenx\/wp-content\/blogs.dir\/54\/files\/angers-octobre-2012\/p1340170-copier.jpg\"\n               title=\"\"\n               data-src=\"http:\/\/bearndesgaves.fr\/voixdelabastidedenavarrenx\/wp-content\/blogs.dir\/54\/files\/angers-octobre-2012\/p1340170-copier.jpg\"\n               data-thumbnail=\"http:\/\/bearndesgaves.fr\/voixdelabastidedenavarrenx\/wp-content\/blogs.dir\/54\/files\/angers-octobre-2012\/thumbs\/thumbs_p1340170-copier.jpg\"\n               data-image-id=\"7\"\n               data-title=\"p1340170-copier\"\n               data-description=\"\"\n               data-image-slug=\"p1340170-copier\"\n               class=\"shutterset_f74c2edebd02cbdd8f8f5bd6feb4fe55\">\n                <img\n                    title=\"p1340170-copier\"\n                    alt=\"p1340170-copier\"\n                    src=\"http:\/\/bearndesgaves.fr\/voixdelabastidedenavarrenx\/wp-content\/blogs.dir\/54\/files\/angers-octobre-2012\/thumbs\/thumbs_p1340170-copier.jpg\"\n                    width=\"120\"\n                    height=\"90\"\n                    style=\"max-width:100%;\"\n                \/>\n            <\/a>\n        <\/div>\n\t\t\t\t\t\t\t<\/div> \n\t\t\t\n        \n\t\t\t\t<div id=\"ngg-image-7\" class=\"ngg-gallery-thumbnail-box\" >\n\t\t\t\t        <div class=\"ngg-gallery-thumbnail\">\n            <a href=\"http:\/\/bearndesgaves.fr\/voixdelabastidedenavarrenx\/wp-content\/blogs.dir\/54\/files\/angers-octobre-2012\/p1340181-copier.jpg\"\n               title=\"\"\n               data-src=\"http:\/\/bearndesgaves.fr\/voixdelabastidedenavarrenx\/wp-content\/blogs.dir\/54\/files\/angers-octobre-2012\/p1340181-copier.jpg\"\n               data-thumbnail=\"http:\/\/bearndesgaves.fr\/voixdelabastidedenavarrenx\/wp-content\/blogs.dir\/54\/files\/angers-octobre-2012\/thumbs\/thumbs_p1340181-copier.jpg\"\n               data-image-id=\"8\"\n               data-title=\"p1340181-copier\"\n               data-description=\"\"\n               data-image-slug=\"p1340181-copier\"\n               class=\"shutterset_f74c2edebd02cbdd8f8f5bd6feb4fe55\">\n                <img\n                    title=\"p1340181-copier\"\n                    alt=\"p1340181-copier\"\n                    src=\"http:\/\/bearndesgaves.fr\/voixdelabastidedenavarrenx\/wp-content\/blogs.dir\/54\/files\/angers-octobre-2012\/thumbs\/thumbs_p1340181-copier.jpg\"\n                    width=\"120\"\n                    height=\"90\"\n                    style=\"max-width:100%;\"\n                \/>\n            <\/a>\n        <\/div>\n\t\t\t\t\t\t\t<\/div> \n\t\t\t\n        \n\t\t\t\t<div id=\"ngg-image-8\" class=\"ngg-gallery-thumbnail-box\" >\n\t\t\t\t        <div class=\"ngg-gallery-thumbnail\">\n            <a href=\"http:\/\/bearndesgaves.fr\/voixdelabastidedenavarrenx\/wp-content\/blogs.dir\/54\/files\/angers-octobre-2012\/p1340194-copier.jpg\"\n               title=\"\"\n               data-src=\"http:\/\/bearndesgaves.fr\/voixdelabastidedenavarrenx\/wp-content\/blogs.dir\/54\/files\/angers-octobre-2012\/p1340194-copier.jpg\"\n               data-thumbnail=\"http:\/\/bearndesgaves.fr\/voixdelabastidedenavarrenx\/wp-content\/blogs.dir\/54\/files\/angers-octobre-2012\/thumbs\/thumbs_p1340194-copier.jpg\"\n               data-image-id=\"9\"\n               data-title=\"p1340194-copier\"\n               data-description=\"\"\n               data-image-slug=\"p1340194-copier\"\n               class=\"shutterset_f74c2edebd02cbdd8f8f5bd6feb4fe55\">\n                <img\n                    title=\"p1340194-copier\"\n                    alt=\"p1340194-copier\"\n                    src=\"http:\/\/bearndesgaves.fr\/voixdelabastidedenavarrenx\/wp-content\/blogs.dir\/54\/files\/angers-octobre-2012\/thumbs\/thumbs_p1340194-copier.jpg\"\n                    width=\"120\"\n                    height=\"90\"\n                    style=\"max-width:100%;\"\n                \/>\n            <\/a>\n        <\/div>\n\t\t\t\t\t\t\t<\/div> \n\t\t\t\n        \n\t\t\t\t<div id=\"ngg-image-9\" class=\"ngg-gallery-thumbnail-box\" >\n\t\t\t\t        <div class=\"ngg-gallery-thumbnail\">\n            <a href=\"http:\/\/bearndesgaves.fr\/voixdelabastidedenavarrenx\/wp-content\/blogs.dir\/54\/files\/angers-octobre-2012\/p1340230-copier.jpg\"\n               title=\"\"\n               data-src=\"http:\/\/bearndesgaves.fr\/voixdelabastidedenavarrenx\/wp-content\/blogs.dir\/54\/files\/angers-octobre-2012\/p1340230-copier.jpg\"\n               data-thumbnail=\"http:\/\/bearndesgaves.fr\/voixdelabastidedenavarrenx\/wp-content\/blogs.dir\/54\/files\/angers-octobre-2012\/thumbs\/thumbs_p1340230-copier.jpg\"\n               data-image-id=\"10\"\n               data-title=\"p1340230-copier\"\n               data-description=\"\"\n               data-image-slug=\"p1340230-copier\"\n               class=\"shutterset_f74c2edebd02cbdd8f8f5bd6feb4fe55\">\n                <img\n                    title=\"p1340230-copier\"\n                    alt=\"p1340230-copier\"\n                    src=\"http:\/\/bearndesgaves.fr\/voixdelabastidedenavarrenx\/wp-content\/blogs.dir\/54\/files\/angers-octobre-2012\/thumbs\/thumbs_p1340230-copier.jpg\"\n                    width=\"120\"\n                    height=\"90\"\n                    style=\"max-width:100%;\"\n                \/>\n            <\/a>\n        <\/div>\n\t\t\t\t\t\t\t<\/div> \n\t\t\t\n        \n\t\t\t\t<div id=\"ngg-image-10\" class=\"ngg-gallery-thumbnail-box\" >\n\t\t\t\t        <div class=\"ngg-gallery-thumbnail\">\n            <a href=\"http:\/\/bearndesgaves.fr\/voixdelabastidedenavarrenx\/wp-content\/blogs.dir\/54\/files\/angers-octobre-2012\/p1340236-copier.jpg\"\n               title=\"\"\n               data-src=\"http:\/\/bearndesgaves.fr\/voixdelabastidedenavarrenx\/wp-content\/blogs.dir\/54\/files\/angers-octobre-2012\/p1340236-copier.jpg\"\n               data-thumbnail=\"http:\/\/bearndesgaves.fr\/voixdelabastidedenavarrenx\/wp-content\/blogs.dir\/54\/files\/angers-octobre-2012\/thumbs\/thumbs_p1340236-copier.jpg\"\n               data-image-id=\"11\"\n               data-title=\"p1340236-copier\"\n               data-description=\"\"\n               data-image-slug=\"p1340236-copier\"\n               class=\"shutterset_f74c2edebd02cbdd8f8f5bd6feb4fe55\">\n                <img\n                    title=\"p1340236-copier\"\n                    alt=\"p1340236-copier\"\n                    src=\"http:\/\/bearndesgaves.fr\/voixdelabastidedenavarrenx\/wp-content\/blogs.dir\/54\/files\/angers-octobre-2012\/thumbs\/thumbs_p1340236-copier.jpg\"\n                    width=\"120\"\n                    height=\"90\"\n                    style=\"max-width:100%;\"\n                \/>\n            <\/a>\n        <\/div>\n\t\t\t\t\t\t\t<\/div> \n\t\t\t\n        \n\t\t\t\t<div id=\"ngg-image-11\" class=\"ngg-gallery-thumbnail-box\" >\n\t\t\t\t        <div class=\"ngg-gallery-thumbnail\">\n            <a href=\"http:\/\/bearndesgaves.fr\/voixdelabastidedenavarrenx\/wp-content\/blogs.dir\/54\/files\/angers-octobre-2012\/p1340239-copier.jpg\"\n               title=\"\"\n               data-src=\"http:\/\/bearndesgaves.fr\/voixdelabastidedenavarrenx\/wp-content\/blogs.dir\/54\/files\/angers-octobre-2012\/p1340239-copier.jpg\"\n               data-thumbnail=\"http:\/\/bearndesgaves.fr\/voixdelabastidedenavarrenx\/wp-content\/blogs.dir\/54\/files\/angers-octobre-2012\/thumbs\/thumbs_p1340239-copier.jpg\"\n               data-image-id=\"12\"\n               data-title=\"p1340239-copier\"\n               data-description=\"\"\n               data-image-slug=\"p1340239-copier\"\n               class=\"shutterset_f74c2edebd02cbdd8f8f5bd6feb4fe55\">\n                <img\n                    title=\"p1340239-copier\"\n                    alt=\"p1340239-copier\"\n                    src=\"http:\/\/bearndesgaves.fr\/voixdelabastidedenavarrenx\/wp-content\/blogs.dir\/54\/files\/angers-octobre-2012\/thumbs\/thumbs_p1340239-copier.jpg\"\n                    width=\"120\"\n                    height=\"90\"\n                    style=\"max-width:100%;\"\n                \/>\n            <\/a>\n        <\/div>\n\t\t\t\t\t\t\t<\/div> \n\t\t\t\n        \n\t\t\t\t<div id=\"ngg-image-12\" class=\"ngg-gallery-thumbnail-box\" >\n\t\t\t\t        <div class=\"ngg-gallery-thumbnail\">\n            <a href=\"http:\/\/bearndesgaves.fr\/voixdelabastidedenavarrenx\/wp-content\/blogs.dir\/54\/files\/angers-octobre-2012\/p1340241-copier.jpg\"\n               title=\"\"\n               data-src=\"http:\/\/bearndesgaves.fr\/voixdelabastidedenavarrenx\/wp-content\/blogs.dir\/54\/files\/angers-octobre-2012\/p1340241-copier.jpg\"\n               data-thumbnail=\"http:\/\/bearndesgaves.fr\/voixdelabastidedenavarrenx\/wp-content\/blogs.dir\/54\/files\/angers-octobre-2012\/thumbs\/thumbs_p1340241-copier.jpg\"\n               data-image-id=\"13\"\n               data-title=\"p1340241-copier\"\n               data-description=\"\"\n               data-image-slug=\"p1340241-copier\"\n               class=\"shutterset_f74c2edebd02cbdd8f8f5bd6feb4fe55\">\n                <img\n                    title=\"p1340241-copier\"\n                    alt=\"p1340241-copier\"\n                    src=\"http:\/\/bearndesgaves.fr\/voixdelabastidedenavarrenx\/wp-content\/blogs.dir\/54\/files\/angers-octobre-2012\/thumbs\/thumbs_p1340241-copier.jpg\"\n                    width=\"120\"\n                    height=\"90\"\n                    style=\"max-width:100%;\"\n                \/>\n            <\/a>\n        <\/div>\n\t\t\t\t\t\t\t<\/div> \n\t\t\t\n        \n\t\t\n\t\t<!-- Pagination -->\n\t<div class='ngg-clear'><\/div>\t<\/div>\n","protected":false},"excerpt":{"rendered":"<p>CLIQUEZ ci dessous sur Diaporama<\/p>\n","protected":false},"author":1,"featured_media":0,"parent":456,"menu_order":3,"comment_status":"closed","ping_status":"open","template":"","meta":{"ngg_post_thumbnail":0,"footnotes":""},"class_list":["post-323","page","type-page","status-publish","hentry"],"yoast_head":"<!-- This site is optimized with the Yoast SEO plugin v15.6.2 - https:\/\/yoast.com\/wordpress\/plugins\/seo\/ -->\n<title>Voix de la Bastide de Navarrenx<\/title>\n<meta name=\"description\" content=\"Le Choeur St Germain de Navarrenx, maintenant Les Voix de la Bastide de Navarrenx, a \u00e9t\u00e9 sous la direction musicale de Maurice Sarrat durant trente ann\u00e9es.\" \/>\n<meta name=\"robots\" content=\"index, follow, max-snippet:-1, max-image-preview:large, max-video-preview:-1\" \/>\n<link rel=\"canonical\" href=\"http:\/\/bearndesgaves.fr\/voixdelabastidedenavarrenx\/photos\/angers-octobre-2012\/\" \/>\n<meta property=\"og:locale\" content=\"fr_FR\" \/>\n<meta property=\"og:type\" content=\"article\" \/>\n<meta property=\"og:title\" content=\"Voix de la Bastide de Navarrenx\" \/>\n<meta property=\"og:description\" content=\"Le Choeur St Germain de Navarrenx, maintenant Les Voix de la Bastide de Navarrenx, a \u00e9t\u00e9 sous la direction musicale de Maurice Sarrat durant trente ann\u00e9es.\" \/>\n<meta property=\"og:url\" content=\"http:\/\/bearndesgaves.fr\/voixdelabastidedenavarrenx\/photos\/angers-octobre-2012\/\" \/>\n<meta property=\"og:site_name\" content=\"Voix de la Bastide de Navarrenx \u00e9dit\u00e9 par la CCCN chez 1&amp;1\" \/>\n<meta property=\"article:modified_time\" content=\"2017-12-20T16:22:52+00:00\" \/>\n<script type=\"application\/ld+json\" class=\"yoast-schema-graph\">{\"@context\":\"https:\/\/schema.org\",\"@graph\":[{\"@type\":\"WebSite\",\"@id\":\"http:\/\/bearndesgaves.fr\/voixdelabastidedenavarrenx\/#website\",\"url\":\"http:\/\/bearndesgaves.fr\/voixdelabastidedenavarrenx\/\",\"name\":\"Voix de la Bastide de Navarrenx \\u00e9dit\\u00e9 par la CCCN chez 1&amp;1\",\"description\":\"\",\"potentialAction\":[{\"@type\":\"SearchAction\",\"target\":\"http:\/\/bearndesgaves.fr\/voixdelabastidedenavarrenx\/?s={search_term_string}\",\"query-input\":\"required name=search_term_string\"}],\"inLanguage\":\"fr-FR\"},{\"@type\":\"WebPage\",\"@id\":\"http:\/\/bearndesgaves.fr\/voixdelabastidedenavarrenx\/photos\/angers-octobre-2012\/#webpage\",\"url\":\"http:\/\/bearndesgaves.fr\/voixdelabastidedenavarrenx\/photos\/angers-octobre-2012\/\",\"name\":\"Voix de la Bastide de Navarrenx\",\"isPartOf\":{\"@id\":\"http:\/\/bearndesgaves.fr\/voixdelabastidedenavarrenx\/#website\"},\"datePublished\":\"2012-10-24T14:16:41+00:00\",\"dateModified\":\"2017-12-20T16:22:52+00:00\",\"description\":\"Le Choeur St Germain de Navarrenx, maintenant Les Voix de la Bastide de Navarrenx, a \\u00e9t\\u00e9 sous la direction musicale de Maurice Sarrat durant trente ann\\u00e9es.\",\"inLanguage\":\"fr-FR\",\"potentialAction\":[{\"@type\":\"ReadAction\",\"target\":[\"http:\/\/bearndesgaves.fr\/voixdelabastidedenavarrenx\/photos\/angers-octobre-2012\/\"]}]}]}<\/script>\n<!-- \/ Yoast SEO plugin. -->","_links":{"self":[{"href":"http:\/\/bearndesgaves.fr\/voixdelabastidedenavarrenx\/wp-json\/wp\/v2\/pages\/323","targetHints":{"allow":["GET"]}}],"collection":[{"href":"http:\/\/bearndesgaves.fr\/voixdelabastidedenavarrenx\/wp-json\/wp\/v2\/pages"}],"about":[{"href":"http:\/\/bearndesgaves.fr\/voixdelabastidedenavarrenx\/wp-json\/wp\/v2\/types\/page"}],"author":[{"embeddable":true,"href":"http:\/\/bearndesgaves.fr\/voixdelabastidedenavarrenx\/wp-json\/wp\/v2\/users\/1"}],"replies":[{"embeddable":true,"href":"http:\/\/bearndesgaves.fr\/voixdelabastidedenavarrenx\/wp-json\/wp\/v2\/comments?post=323"}],"version-history":[{"count":1,"href":"http:\/\/bearndesgaves.fr\/voixdelabastidedenavarrenx\/wp-json\/wp\/v2\/pages\/323\/revisions"}],"predecessor-version":[{"id":1770,"href":"http:\/\/bearndesgaves.fr\/voixdelabastidedenavarrenx\/wp-json\/wp\/v2\/pages\/323\/revisions\/1770"}],"up":[{"embeddable":true,"href":"http:\/\/bearndesgaves.fr\/voixdelabastidedenavarrenx\/wp-json\/wp\/v2\/pages\/456"}],"wp:attachment":[{"href":"http:\/\/bearndesgaves.fr\/voixdelabastidedenavarrenx\/wp-json\/wp\/v2\/media?parent=323"}],"curies":[{"name":"wp","href":"https:\/\/api.w.org\/{rel}","templated":true}]}}