{"id":457,"date":"2011-11-30T10:33:18","date_gmt":"2011-11-30T09:33:18","guid":{"rendered":"http:\/\/bearndesgaves.fr\/choeursaintgermain\/"},"modified":"2020-09-01T14:42:09","modified_gmt":"2020-09-01T14:42:09","slug":"manifestations","status":"publish","type":"page","link":"http:\/\/bearndesgaves.fr\/voixdelabastidedenavarrenx\/manifestations\/","title":{"rendered":"Manifestations"},"content":{"rendered":"<p style=\"text-align: center\"><span style=\"font-size: 14pt\"><strong><span style=\"color: #ff0000\">* * * * * * * * * * * * * * * * * * * * * * * * * <\/span><\/strong><\/span><span style=\"font-size: 14pt\"><strong><span style=\"color: #ff0000\">* * * * * * <\/span><\/strong><\/span><\/p>\n<p style=\"text-align: center\"><span style=\"color: #ff0000\"><strong><span style=\"font-size: 18pt\"><span style=\"text-decoration: underline\"><span style=\"color: #339966;font-size: 18pt\"><span style=\"color: #333399;text-decoration: underline\">Programme&nbsp; 2020<\/span><\/span><\/span><\/span><\/strong><\/span><\/p>\n<p style=\"text-align: center\"><span style=\"color: #ff0000\"><span style=\"font-size: 14pt\"><strong><span style=\"color: #ff0000\"><br><\/span><\/strong><\/span> <\/span><\/p>\n<p><strong><span style=\"color: #ff0000\">&nbsp;&nbsp;&nbsp;&nbsp;&nbsp;&nbsp;&nbsp;&nbsp;&nbsp;&nbsp;&nbsp;&nbsp;&nbsp;&nbsp;&nbsp;&nbsp;&nbsp; * * * * * * * * * * * * * * * * * * * * * * * * * * * * * * *<\/span>&nbsp;<\/strong><\/p>\n<p style=\"text-align: center\"><strong><span style=\"font-size: 14pt\">&nbsp;Samedi 4 avril \u00e0 20h30<\/span> <\/strong><\/p>\n<p><em><strong><span style=\"font-size: 14pt\">&nbsp;&nbsp;&nbsp;&nbsp;&nbsp;&nbsp;&nbsp;&nbsp;&nbsp;&nbsp;&nbsp;&nbsp;&nbsp;&nbsp;&nbsp;&nbsp;&nbsp;&nbsp;&nbsp;&nbsp;&nbsp;&nbsp;&nbsp;&nbsp;&nbsp;&nbsp;&nbsp;&nbsp;&nbsp;&nbsp; Eglise de Castetnau Camblong<br><\/span><\/strong><\/em><\/p>\n<p style=\"text-align: center\"><span style=\"font-size: 14pt\"><strong>Concert<\/strong><\/span><\/p>\n<p style=\"text-align: center\"><span style=\"font-size: 14pt\"><strong>avec<\/strong><\/span><\/p>\n<p style=\"text-align: center\"><strong><span style=\"font-size: 14pt\">Les Choeurs de Gan<\/span> <\/strong><\/p>\n<p>&nbsp;&nbsp;&nbsp;&nbsp;&nbsp;&nbsp;&nbsp;&nbsp;&nbsp;&nbsp;&nbsp;&nbsp;&nbsp;&nbsp;&nbsp;&nbsp;&nbsp;&nbsp;&nbsp;&nbsp;&nbsp;&nbsp;&nbsp;&nbsp;&nbsp;&nbsp;&nbsp;&nbsp;&nbsp;&nbsp;&nbsp;&nbsp;&nbsp;&nbsp;&nbsp;&nbsp;&nbsp;&nbsp;&nbsp;&nbsp;&nbsp;&nbsp;&nbsp;&nbsp;&nbsp;&nbsp;&nbsp;&nbsp;<strong><span style=\"font-size: 14pt\">&nbsp; <span style=\"color: #ff0000\">CONCERT ANNULE<\/span><br><\/span><\/strong><\/p>\n<p>&nbsp;<\/p>\n<p style=\"text-align: center\"><span style=\"font-size: 14pt;color: #ff0000\"><strong><span style=\"color: #ff0000\">* * * * * * * * * * * * * * * * * * * * * * * * * <\/span><\/strong><strong><span style=\"color: #ff0000\">* *<\/span> <span style=\"color: #ff0000\">* * * * <\/span><\/strong><\/span><\/p>\n<p style=\"text-align: center\"><span style=\"font-size: 14pt\"><strong>Samedi 13 juin \u00e0 17h00<br><\/strong><\/span><\/p>\n<p style=\"text-align: center\"><span style=\"font-size: 14pt\"><em><strong>Eglise de Navarrenx<br><\/strong><\/em><\/span><\/p>\n<p style=\"text-align: center\"><span style=\"color: #ff0000\"><strong>CONCERT ANNULE<\/strong><\/span><\/p>\n<p style=\"text-align: center\">&nbsp;<\/p>\n<p style=\"text-align: center\">&nbsp;<\/p>\n<p style=\"text-align: center\"><span style=\"font-size: 14pt\"><strong><span style=\"color: #ff0000\">* * * * * * * * * * * * * * * * * * * * * * * * * <\/span><\/strong><\/span><span style=\"font-size: 14pt\"><strong><span style=\"color: #ff0000\">* * * * * *<\/span><\/strong><\/span><\/p>\n<p style=\"text-align: center\">&nbsp;<\/p>\n<p style=\"text-align: center\">&nbsp;<\/p>\n<p>&nbsp;<\/p>\n<p><br style=\"color: #ff0000\"><span style=\"font-size: 14pt\"><strong><span style=\"color: #ff0000\">&nbsp;<\/span><\/strong><\/span><\/p>\n<p>&nbsp;<\/p>\n<p>&nbsp;<\/p>\n<p style=\"text-align: center\"><span style=\"font-size: small\"><span style=\"font-size: medium\"><br><\/span><br><\/span><\/p>\n\n\n<p><\/p>\n","protected":false},"excerpt":{"rendered":"<p>* * * * * * * * * * * * * * * * * * * * * * * * * * * * * * * Programme&nbsp; 2020 &nbsp;&nbsp;&nbsp;&nbsp;&nbsp;&nbsp;&nbsp;&nbsp;&nbsp;&nbsp;&nbsp;&nbsp;&nbsp;&nbsp;&nbsp;&nbsp;&nbsp; * * * * * * &hellip; <a class=\"more-link\" href=\"http:\/\/bearndesgaves.fr\/voixdelabastidedenavarrenx\/manifestations\/\">Continue reading <span class=\"meta-nav\">&rarr;<\/span><\/a><\/p>\n","protected":false},"author":1,"featured_media":0,"parent":0,"menu_order":1,"comment_status":"closed","ping_status":"open","template":"","meta":{"ngg_post_thumbnail":0,"footnotes":""},"class_list":["post-457","page","type-page","status-publish","hentry"],"yoast_head":"<!-- This site is optimized with the Yoast SEO plugin v15.6.2 - https:\/\/yoast.com\/wordpress\/plugins\/seo\/ -->\n<title>Voix de la Bastide de Navarrenx<\/title>\n<meta name=\"description\" content=\"Le Choeur St Germain de Navarrenx, maintenant Les Voix de la Bastide de Navarrenx, a \u00e9t\u00e9 sous la direction musicale de Maurice Sarrat durant trente ann\u00e9es.\" \/>\n<meta name=\"robots\" content=\"index, follow, max-snippet:-1, max-image-preview:large, max-video-preview:-1\" \/>\n<link rel=\"canonical\" href=\"http:\/\/bearndesgaves.fr\/voixdelabastidedenavarrenx\/manifestations\/\" \/>\n<meta property=\"og:locale\" content=\"fr_FR\" \/>\n<meta property=\"og:type\" content=\"article\" \/>\n<meta property=\"og:title\" content=\"Voix de la Bastide de Navarrenx\" \/>\n<meta property=\"og:description\" content=\"Le Choeur St Germain de Navarrenx, maintenant Les Voix de la Bastide de Navarrenx, a \u00e9t\u00e9 sous la direction musicale de Maurice Sarrat durant trente ann\u00e9es.\" \/>\n<meta property=\"og:url\" content=\"http:\/\/bearndesgaves.fr\/voixdelabastidedenavarrenx\/manifestations\/\" \/>\n<meta property=\"og:site_name\" content=\"Voix de la Bastide de Navarrenx \u00e9dit\u00e9 par la CCCN chez 1&amp;1\" \/>\n<meta property=\"article:modified_time\" content=\"2020-09-01T14:42:09+00:00\" \/>\n<meta name=\"twitter:label1\" content=\"Dur\u00e9e de lecture est.\">\n\t<meta name=\"twitter:data1\" content=\"1 minute\">\n<script type=\"application\/ld+json\" class=\"yoast-schema-graph\">{\"@context\":\"https:\/\/schema.org\",\"@graph\":[{\"@type\":\"WebSite\",\"@id\":\"http:\/\/bearndesgaves.fr\/voixdelabastidedenavarrenx\/#website\",\"url\":\"http:\/\/bearndesgaves.fr\/voixdelabastidedenavarrenx\/\",\"name\":\"Voix de la Bastide de Navarrenx \\u00e9dit\\u00e9 par la CCCN chez 1&amp;1\",\"description\":\"\",\"potentialAction\":[{\"@type\":\"SearchAction\",\"target\":\"http:\/\/bearndesgaves.fr\/voixdelabastidedenavarrenx\/?s={search_term_string}\",\"query-input\":\"required name=search_term_string\"}],\"inLanguage\":\"fr-FR\"},{\"@type\":\"WebPage\",\"@id\":\"http:\/\/bearndesgaves.fr\/voixdelabastidedenavarrenx\/manifestations\/#webpage\",\"url\":\"http:\/\/bearndesgaves.fr\/voixdelabastidedenavarrenx\/manifestations\/\",\"name\":\"Voix de la Bastide de Navarrenx\",\"isPartOf\":{\"@id\":\"http:\/\/bearndesgaves.fr\/voixdelabastidedenavarrenx\/#website\"},\"datePublished\":\"2011-11-30T09:33:18+00:00\",\"dateModified\":\"2020-09-01T14:42:09+00:00\",\"description\":\"Le Choeur St Germain de Navarrenx, maintenant Les Voix de la Bastide de Navarrenx, a \\u00e9t\\u00e9 sous la direction musicale de Maurice Sarrat durant trente ann\\u00e9es.\",\"inLanguage\":\"fr-FR\",\"potentialAction\":[{\"@type\":\"ReadAction\",\"target\":[\"http:\/\/bearndesgaves.fr\/voixdelabastidedenavarrenx\/manifestations\/\"]}]}]}<\/script>\n<!-- \/ Yoast SEO plugin. -->","_links":{"self":[{"href":"http:\/\/bearndesgaves.fr\/voixdelabastidedenavarrenx\/wp-json\/wp\/v2\/pages\/457","targetHints":{"allow":["GET"]}}],"collection":[{"href":"http:\/\/bearndesgaves.fr\/voixdelabastidedenavarrenx\/wp-json\/wp\/v2\/pages"}],"about":[{"href":"http:\/\/bearndesgaves.fr\/voixdelabastidedenavarrenx\/wp-json\/wp\/v2\/types\/page"}],"author":[{"embeddable":true,"href":"http:\/\/bearndesgaves.fr\/voixdelabastidedenavarrenx\/wp-json\/wp\/v2\/users\/1"}],"replies":[{"embeddable":true,"href":"http:\/\/bearndesgaves.fr\/voixdelabastidedenavarrenx\/wp-json\/wp\/v2\/comments?post=457"}],"version-history":[{"count":29,"href":"http:\/\/bearndesgaves.fr\/voixdelabastidedenavarrenx\/wp-json\/wp\/v2\/pages\/457\/revisions"}],"predecessor-version":[{"id":1969,"href":"http:\/\/bearndesgaves.fr\/voixdelabastidedenavarrenx\/wp-json\/wp\/v2\/pages\/457\/revisions\/1969"}],"wp:attachment":[{"href":"http:\/\/bearndesgaves.fr\/voixdelabastidedenavarrenx\/wp-json\/wp\/v2\/media?parent=457"}],"curies":[{"name":"wp","href":"https:\/\/api.w.org\/{rel}","templated":true}]}}